{"id":12376,"date":"2023-02-13T14:22:55","date_gmt":"2023-02-13T13:22:55","guid":{"rendered":"https:\/\/shop.lilalom.com\/?page_id=12376"},"modified":"2023-02-13T14:23:34","modified_gmt":"2023-02-13T13:23:34","slug":"izjava-o-piskotkih","status":"publish","type":"page","link":"https:\/\/shop.lilalom.com\/index.php\/izjava-o-piskotkih\/","title":{"rendered":"Izjava za privolitev pi\u0161kotkov"},"content":{"rendered":"<div class=\"cli_pg_page_contaner\">\n<h3>Nekaj o tej izjavi za privolitev uporabe pi\u0161kotkov<\/h3>\n<div>\n<p>Pi\u0161kotki so na spletnih straneh prisotni \u017ee vrsto let in so povsem obi\u010dajna praksa za omogo\u010danje bolj\u0161e uporabni\u0161ke izku\u0161nje, z novo zakonodajo (ZEKom-1) pa prihaja do sprememb glede obve\u0161\u010danja in sogla\u0161anja obiskovalcev spletnih strani z njihovo uporabo.<\/p>\n<\/div>\n<p><span class=\"Y2IQFc\" lang=\"sl\">Ta pravilnik o pi\u0161kotkih pojasnjuje, kaj so pi\u0161kotki in kako jih uporabljamo, katere vrste pi\u0161kotkov, ki jih uporabljamo, tj. informacije, ki jih zbiramo s pi\u0161kotki in kako se te informacije uporabljajo ter kako nadzirati nastavitve pi\u0161kotkov. Za ve\u010d informacij o tem, kako uporabljamo, shranjujemo in varujemo va\u0161e osebne podatke, glejte na\u0161 pravilnik o zasebnosti.<\/span><\/p>\n<p>Svoje soglasje lahko kadarkoli spremenite ali prekli\u010dete. Iz pravne izjave o pi\u0161kotkih Izvedite ve\u010d o tem, kdo smo, kako lahko stopite v stik z nami in kako obdelujemo osebne podatke v na\u0161em pravilniku o zasebnosti. Z potrditvijo na gubu SOGLA\u0160AM dajete Va\u0161e soglasje za naslednje domene: shop.lilalom.com in lilalom.com.<\/p>\n<div>\n<div class=\"cli_user_consent_state\">Va\u0161e trenutno stanje: Ni privolitve.\u00a0<a class=\"cli_manage_current_consent\">Upravljajte svojo privolitev.<\/a><\/div>\n<\/div>\n<h3>Kaj so pi\u0161kotki?<\/h3>\n<div>Pi\u0161kotki so manj\u0161e besedilne datoteke, obi\u010dajno iz \u010drk in \u0161tevilk, katere obiskano spletno mesto shrani v napravo (ra\u010dunalnik, mobilnik, tablica itd.) z namenom prepoznavanja teh naprav. Shranjevanje pi\u0161kotkov je pod nadzorom brskalnika \u2013 glejte spodaj: nadzor nad pi\u0161kotki.<\/div>\n<h3>Kako uporabljamo pi\u0161kotke?<\/h3>\n<div>Pi\u0161kotki so pomembno sredstvo za ohranjanje sve\u017ee in primerne vsebine, ki je v skladu z interesi in preferencami posameznega spletnega uporabnika. Razlogi za uporabo pi\u0161kotkov izhajajo iz njihovih lastnosti, ena izmed njih je shranjevanja podatkov o stanju posamezne spletne strani), pi\u0161kotki pomagajo pri izvajanju raznih spletnih storitev (spletne trgovine), pomagajo pri zbiranju raznih statistik, saj se le z njimi lahko spremlja pogostost obiskovanja dolo\u010dene spletne strani. S pomo\u010djo pi\u0161kotkov lahko upravljavec spletne strani oceni u\u010dinkovitost zasnove svoje spletne strani, kot tudi ustreznost vrste in \u0161tevila oglasov, ki jih ponujajo tretji uporabnikom na njegovi spletni strani.<\/div>\n<h3>What types of cookies do we use ?<\/h3>\n<div>Essential: Some cookies are essential for you to be able to experience the full functionality of our site. They allow us to maintain user sessions and prevent any security threats. They do not collect or store any personal information. For example, these cookies allow you to log-in to your account and add products to your basket, and checkout securely.<\/p>\n<p>Statistics: These cookies store information like the number of visitors to the website, the number of unique visitors, which pages of the website have been visited, the source of the visit, etc. These data help us understand and analyze how well the website performs and where it needs improvement.<\/p>\n<p>Marketing: Our website displays advertisements. These cookies are used to personalize the advertisements that we show to you so that they are meaningful to you. These cookies also help us keep track of the efficiency of these ad campaigns.<br \/>\nThe information stored in these cookies may also be used by the third-party ad providers to show you ads on other websites on the browser as well.<\/p>\n<p>Functional: These are the cookies that help certain non-essential functionalities on our website. These functionalities include embedding content like videos or sharing content of the website on social media platforms.<\/p>\n<p>Preferences: These cookies help us store your settings and browsing preferences like language preferences so that you have a better and efficient experience on future visits to the website.<\/p>\n<p>The below list details the cookies used in our website.<\/p>\n<table class=\"cookielawinfo-row-cat-table cookielawinfo-classic\">\n<thead>\n<tr>\n<th class=\"cookielawinfo-column-1\">PI\u0160KOTEK<\/th>\n<th class=\"cookielawinfo-column-4\">OPIS<\/th>\n<\/tr>\n<\/thead>\n<tbody>\n<tr class=\"cookielawinfo-row\">\n<td class=\"cookielawinfo-column-1\">cookielawinfo-checkbox-analytics<\/td>\n<td class=\"cookielawinfo-column-4\">This cookie is set by GDPR Cookie Consent plugin. The cookie is used to store the user consent for the cookies in the category &#8220;Analytics&#8221;.<\/td>\n<\/tr>\n<tr class=\"cookielawinfo-row\">\n<td class=\"cookielawinfo-column-1\">cookielawinfo-checkbox-functional<\/td>\n<td class=\"cookielawinfo-column-4\">The cookie is set by GDPR cookie consent to record the user consent for the cookies in the category &#8220;Functional&#8221;.<\/td>\n<\/tr>\n<tr class=\"cookielawinfo-row\">\n<td class=\"cookielawinfo-column-1\">cookielawinfo-checkbox-necessary<\/td>\n<td class=\"cookielawinfo-column-4\">This cookie is set by GDPR Cookie Consent plugin. The cookies is used to store the user consent for the cookies in the category &#8220;Necessary&#8221;.<\/td>\n<\/tr>\n<tr class=\"cookielawinfo-row\">\n<td class=\"cookielawinfo-column-1\">cookielawinfo-checkbox-others<\/td>\n<td class=\"cookielawinfo-column-4\">This cookie is set by GDPR Cookie Consent plugin. The cookie is used to store the user consent for the cookies in the category &#8220;Other.<\/td>\n<\/tr>\n<tr class=\"cookielawinfo-row\">\n<td class=\"cookielawinfo-column-1\">cookielawinfo-checkbox-performance<\/td>\n<td class=\"cookielawinfo-column-4\">This cookie is set by GDPR Cookie Consent plugin. The cookie is used to store the user consent for the cookies in the category &#8220;Performance&#8221;.<\/td>\n<\/tr>\n<tr class=\"cookielawinfo-row\">\n<td class=\"cookielawinfo-column-1\">viewed_cookie_policy<\/td>\n<td class=\"cookielawinfo-column-4\">The cookie is set by the GDPR Cookie Consent plugin and is used to store whether or not user has consented to the use of cookies. It does not store any personal data.<\/td>\n<\/tr>\n<\/tbody>\n<\/table>\n<\/div>\n<h3>Nadzor nad pi\u0161koti, nastavitve za vklop in izkop pi\u0161kotkov.<\/h3>\n<div>\n<p>\u010ce \u017eelite spremeniti na\u010din uporabe pi\u0161kotkov v brskalniku, vklju\u010dno z blokiranjem ali izbrisom, lahko to storite z ustrezno spremembo nastavitev brskalnika. Podrobnej\u0161a navodila so predstavljena v nadaljevanju.<\/p>\n<p>Google Chrome<\/p>\n<p>1. Kliknite \u00bbOrodja\u00ab na vrhu va\u0161ega brskalnika in izberite \u00bbNastavitve\u00ab.<\/p>\n<p>2. Kliknite \u00bbPrika\u017ei dodatne nastavitve\u00ab, se pomaknite do razdelka \u00bbZasebnost\u00ab in kliknite gumb \u00bbNastavitve vsebine\u00ab.<\/p>\n<p>3. Izberite \u00bbDovoli nastavljanje lokalnih podatkov\u00ab.<\/p>\n<p>Microsoft Internet Explorer 6.0, 7.0, 8.0, 9.0<\/p>\n<p>1. Kliknite \u00bbOrodja\u00ab na vrhu va\u0161ega brskalnika in izberite \u00bbInternetne mo\u017enosti\u00ab, nato kliknite zavihek \u00bbZasebnost\u00ab.<\/p>\n<p>2. Preverite, da je raven va\u0161e zasebnosti nastavljena na srednjo ali manj, kar bo omogo\u010dilo uporabo pi\u0161kotkov v va\u0161em brskalniku.<\/p>\n<p>3. Nastavitev nad srednjo ravnijo bo onemogo\u010dila uporabo pi\u0161kotkov.<\/p>\n<p>Mozilla Firefox<\/p>\n<p>1. Kliknite \u00bbOrodja\u00ab na vrhu va\u0161ega brskalnika in izberite \u00bbMo\u017enosti\u00ab. &gt;<\/p>\n<p>2. Nato izberite ikono \u00bbZasebnost\u00ab. &gt;<\/p>\n<p>3. Kliknite \u00bbPi\u0161kotki\u00ab in izberite mo\u017enost \u00bbDovoli stranem, da ustvarijo pi\u0161kote\u00ab.<\/p>\n<p>Safari<\/p>\n<p>1. Kliknite ikono zobnika na vrhu va\u0161ega brskalnika in izberite mo\u017enost \u00bbNastavitve\u00ab.<\/p>\n<p>2. Kliknite \u00bbZasebnost\u00ab, nato ozna\u010dite mo\u017enost \u00bbOnemogo\u010di uporabo pi\u0161kotkov tretjih oseb in ogla\u0161evalnih pi\u0161kotkov\u00ab.<\/p>\n<p>3. Kliknite \u00bbShrani\u00ab.<\/p>\n<p>Kako upravljati pi\u0161kotke na ra\u010dunalniku Mac<\/p>\n<p>\u010ce \u017eelite omogo\u010diti pi\u0161kotke na\u0161e spletne strani, sledite spodnjim korakom.<\/p>\n<p>Microsoft Internet Explorer 5.0 on OSX<\/p>\n<p>1. Kliknite \u00bbExplorer\u00ab na vrhu va\u0161ega brskalnika in izberite mo\u017enost \u00bbNastavitve\u00ab.<\/p>\n<p>2. Pomaknite se navzdol do \u00bbPi\u0161kotki\u00ab v razdelku \u00bbPrejete datoteke\u00ab.<\/p>\n<p>3. Izberite mo\u017enost \u00bbNikoli ne vpra\u0161aj\u00ab.<\/p>\n<p>Safari on OSX<\/p>\n<p>1. Kliknite \u00bbSafari\u00ab na vrhu va\u0161ega brskalnika in izberite mo\u017enost \u00bbNastavitve\u00ab.<\/p>\n<p>2. Kliknite \u00bbZasebnost\u00ab in nato \u00bbOmogo\u010di uporabo pi\u0161kotkov\u00ab.<\/p>\n<p>3. Izberite \u00bbSamo na obiskanih straneh\u00ab.<\/p>\n<p>Mozilla and Netscape on OSX<\/p>\n<p>1. Kliknite \u00bbMozilla\u00ab ali \u00bbNetscape\u00ab na vrhu va\u0161ega brskalnika in izberite mo\u017enost \u00bbNastavitve\u00ab.<\/p>\n<p>2. Pomaknite se navzdol do \u00bbPi\u0161kotki\u00ab v razdelku \u00bbZasebnost in varnost\u00ab.<\/p>\n<p>3. Izberite \u00bbDovoli pi\u0161kotke samo za izvorno spletno stran\u00ab.<\/p>\n<p>Opera<\/p>\n<p>1. Kliknite \u00bbMeni\u00ab na vrhu va\u0161ega brskalnika in izberite \u00bbNastavitve\u00ab.<\/p>\n<p>2. Nato izberite \u00bbMo\u017enosti\u00ab in zavihek \u00bbNapredno\u00ab.<\/p>\n<p>3. Izberite mo\u017enost \u00bbOmogo\u010di uporabo pi\u0161kotkov\u00ab.<\/p>\n<p>PREBERITE SI VE\u010c O PI\u0160KOTKIH<\/p>\n<p>\u010ce \u017eelite vedeti ve\u010d o pi\u0161kotkih, obi\u0161\u010dite katero od naslednjih strani:<\/p>\n<ul>\n<li><a href=\"http:\/\/www.allaboutcookies.org\/\">http:\/\/www.allaboutcookies.org<\/a><\/li>\n<li><a href=\"http:\/\/www.piskotki.net\/\">www.piskotki.net<\/a><\/li>\n<\/ul>\n<\/div>\n<h3>About this cookie policy<\/h3>\n<div>This Cookie Policy explains what cookies are and how we use them, the types of cookies we use i.e, the information we collect using cookies and how that information is used, and how to control the cookie preferences. For further information on how we use, store, and keep your personal data secure, see our Privacy Policy.<\/p>\n<p>You can at any time change or withdraw your consent from the Cookie Declaration on our website<br \/>\nLearn more about who we are, how you can contact us, and how we process personal data in our Privacy Policy.<br \/>\nYour consent applies to the following domains: shop.lilalom.com<br \/>\n<div class=\"cli_user_consent_state\">Va\u0161e trenutno stanje: Ni privolitve. <a class=\"cli_manage_current_consent\" style=\"cursor:pointer;text-decoration:underline;\">Upravljajte svojo privolitev.<\/a> <\/div><\/p>\n<\/div>\n<h3>What are cookies ?<\/h3>\n<div>Cookies are small text files that are used to store small pieces of information. They are stored on your device when the website is loaded on your browser. These cookies help us make the website function properly, make it more secure, provide better user experience, and understand how the website performs and to analyze what works and where it needs improvement.<\/div>\n<h3>How do we use cookies ?<\/h3>\n<div>As most of the online services, our website uses first-party and third-party cookies for several purposes. First-party cookies are mostly necessary for the website to function the right way, and they do not collect any of your personally identifiable data.<\/p>\n<p>The third-party cookies used on our website are mainly for understanding how the website performs, how you interact with our website, keeping our services secure, providing advertisements that are relevant to you, and all in all providing you with a better and improved user experience and help speed up your future interactions with our website.<\/p>\n<\/div>\n<h3>What types of cookies do we use ?<\/h3>\n<div>Essential: Some cookies are essential for you to be able to experience the full functionality of our site. They allow us to maintain user sessions and prevent any security threats. They do not collect or store any personal information. For example, these cookies allow you to log-in to your account and add products to your basket, and checkout securely.<\/p>\n<p>Statistics: These cookies store information like the number of visitors to the website, the number of unique visitors, which pages of the website have been visited, the source of the visit, etc. These data help us understand and analyze how well the website performs and where it needs improvement.<\/p>\n<p>Marketing: Our website displays advertisements. These cookies are used to personalize the advertisements that we show to you so that they are meaningful to you. These cookies also help us keep track of the efficiency of these ad campaigns.<br \/>\nThe information stored in these cookies may also be used by the third-party ad providers to show you ads on other websites on the browser as well.<\/p>\n<p>Functional: These are the cookies that help certain non-essential functionalities on our website. These functionalities include embedding content like videos or sharing content of the website on social media platforms.<\/p>\n<p>Preferences: These cookies help us store your settings and browsing preferences like language preferences so that you have a better and efficient experience on future visits to the website.<br \/>\n<p>The below list details the cookies used in our website.<\/p><table class=\"cookielawinfo-row-cat-table cookielawinfo-classic\"><thead><tr><th class=\"cookielawinfo-column-1\">Pi\u0161kotek<\/th><th class=\"cookielawinfo-column-4\">Opis<\/th><\/tr><\/thead><tbody><tr class=\"cookielawinfo-row\"><td class=\"cookielawinfo-column-1\">cookielawinfo-checkbox-analytics<\/td><td class=\"cookielawinfo-column-4\">This cookie is set by GDPR Cookie Consent plugin. The cookie is used to store the user consent for the cookies in the category \"Analytics\".<\/td><\/tr><tr class=\"cookielawinfo-row\"><td class=\"cookielawinfo-column-1\">cookielawinfo-checkbox-functional<\/td><td class=\"cookielawinfo-column-4\">The cookie is set by GDPR cookie consent to record the user consent for the cookies in the category \"Functional\".<\/td><\/tr><tr class=\"cookielawinfo-row\"><td class=\"cookielawinfo-column-1\">cookielawinfo-checkbox-necessary<\/td><td class=\"cookielawinfo-column-4\">This cookie is set by GDPR Cookie Consent plugin. The cookies is used to store the user consent for the cookies in the category \"Necessary\".<\/td><\/tr><tr class=\"cookielawinfo-row\"><td class=\"cookielawinfo-column-1\">cookielawinfo-checkbox-others<\/td><td class=\"cookielawinfo-column-4\">This cookie is set by GDPR Cookie Consent plugin. The cookie is used to store the user consent for the cookies in the category \"Other.<\/td><\/tr><tr class=\"cookielawinfo-row\"><td class=\"cookielawinfo-column-1\">cookielawinfo-checkbox-performance<\/td><td class=\"cookielawinfo-column-4\">This cookie is set by GDPR Cookie Consent plugin. The cookie is used to store the user consent for the cookies in the category \"Performance\".<\/td><\/tr><tr class=\"cookielawinfo-row\"><td class=\"cookielawinfo-column-1\">viewed_cookie_policy<\/td><td class=\"cookielawinfo-column-4\">The cookie is set by the GDPR Cookie Consent plugin and is used to store whether or not user has consented to the use of cookies. It does not store any personal data.<\/td><\/tr><\/tbody><\/table><\/p>\n<\/div>\n<h3>How can I control the cookie preferences ?<\/h3>\n<div>Should you decide to change your preferences later through your browsing session, you can click on the &#8220;Privacy &amp; Cookie Policy&#8221; tab on your screen. This will display the consent notice again enabling you to change your preferences or withdraw your consent entirely.<\/p>\n<p>In addition to this, different browsers provide different methods to block and delete cookies used by websites. You can change the settings of your browser to block\/delete the cookies. To find out more about how to manage and delete cookies, visit wikipedia.org, www.allaboutcookies.org.<\/p>\n<\/div>\n<\/div>\n","protected":false},"excerpt":{"rendered":"<p>Nekaj o tej izjavi za privolitev uporabe pi\u0161kotkov Pi\u0161kotki so na spletnih straneh prisotni \u017ee vrsto let in so povsem obi\u010dajna praksa za omogo\u010danje bolj\u0161e uporabni\u0161ke izku\u0161nje, z novo zakonodajo (ZEKom-1) pa prihaja do sprememb glede obve\u0161\u010danja in sogla\u0161anja obiskovalcev spletnih strani z njihovo uporabo. Ta pravilnik o pi\u0161kotkih pojasnjuje, kaj so pi\u0161kotki in kako [&hellip;]<\/p>\n","protected":false},"author":1,"featured_media":0,"parent":0,"menu_order":0,"comment_status":"closed","ping_status":"closed","template":"","meta":{"_eb_attr":"","footnotes":""},"class_list":["post-12376","page","type-page","status-publish","hentry"],"jetpack_sharing_enabled":true,"_links":{"self":[{"href":"https:\/\/shop.lilalom.com\/index.php\/wp-json\/wp\/v2\/pages\/12376","targetHints":{"allow":["GET"]}}],"collection":[{"href":"https:\/\/shop.lilalom.com\/index.php\/wp-json\/wp\/v2\/pages"}],"about":[{"href":"https:\/\/shop.lilalom.com\/index.php\/wp-json\/wp\/v2\/types\/page"}],"author":[{"embeddable":true,"href":"https:\/\/shop.lilalom.com\/index.php\/wp-json\/wp\/v2\/users\/1"}],"replies":[{"embeddable":true,"href":"https:\/\/shop.lilalom.com\/index.php\/wp-json\/wp\/v2\/comments?post=12376"}],"version-history":[{"count":18,"href":"https:\/\/shop.lilalom.com\/index.php\/wp-json\/wp\/v2\/pages\/12376\/revisions"}],"predecessor-version":[{"id":12403,"href":"https:\/\/shop.lilalom.com\/index.php\/wp-json\/wp\/v2\/pages\/12376\/revisions\/12403"}],"wp:attachment":[{"href":"https:\/\/shop.lilalom.com\/index.php\/wp-json\/wp\/v2\/media?parent=12376"}],"curies":[{"name":"wp","href":"https:\/\/api.w.org\/{rel}","templated":true}]}}