{"id":12931,"date":"2023-04-29T16:01:59","date_gmt":"2023-04-29T14:01:59","guid":{"rendered":"https:\/\/shop.lilalom.com\/?page_id=12931"},"modified":"2023-04-29T16:08:53","modified_gmt":"2023-04-29T14:08:53","slug":"splosni-pogoji-nagradne-igre","status":"publish","type":"page","link":"https:\/\/shop.lilalom.com\/index.php\/splosni-pogoji-nagradne-igre\/","title":{"rendered":"Splo\u0161ni pogoji nagradne igre"},"content":{"rendered":"<p>Splo\u0161ni pogoji sodelovanja v nagradnih igrah na internetu \u2013 LILALOM izdelava nakita in modnih dodatkov, Lilijana Luka\u010d s.p.<\/p><p>LILALOM, marec 2018<\/p><p>Pogoji sodelovanja veljajo za spletno trgovino LILALOM (shop.lilalom.com), socialno omre\u017eje Facebook (<a href=\"https:\/\/www.facebook.com\/lilalomart\/\">https:\/\/www.facebook.com\/lilalomart\/<\/a>) in Instagram (@lukaclilalom).<\/p><p>SPLO\u0160NE DOLO\u010cBE<\/p><p>1. \u010dlen<\/p><p>(1) Organizator nagradne igre je LILALOM Lilijana Luka\u010d s.p., Lon\u010darovci 22c, 9206 Kri\u017eevci, Slovenija<\/p><p>(2) S sodelovanjem v nagradni igri se \u0161teje, da udele\u017eenec sprejema te splo\u0161ne pogoje, je z njimi seznanjen in se z njimi v celoti strinja.<\/p><p>POGOJI SODELOVANJA<\/p><p>2. \u010dlen<\/p><p>(1) V nagradni igri lahko sodelujejo polnoletne osebe s stalnim ali za\u010dasnim bivali\u0161\u010dem v Republiki Sloveniji. Mladoletne osebe (mlaj\u0161e od 18 let) morajo imeti za sodelovanje v nagradni igri predhodno pisno soglasje star\u0161ev ali zakonitih zastopnikov.<\/p><p>(2) K nagradni igri lahko pristopijo registrirani uporabniki spletne strani na kateri poteka nagradna igra, razen \u010de besedilo razpisane nagradne igre ne predvideva druga\u010de. Obiskovalec se na spletni strani registrira tako, da v postopku registracije izbere uporabni\u0161ko ime in geslo, svojo identiteto pa potrdi z veljavnim elektronskim naslovom. Prijava in uporaba spletne strani je brezpla\u010dna. V primeru, ko nagradna igra poteka prek spletnega dru\u017eabnega omre\u017eja Facebook, lahko v nagradni igri sodelujejo vse osebe, ki so v okviru spletnega dru\u017eabnega omre\u017eja Facebook pridru\u017eene posameznemu profilu, na katerem poteka nagradna igra oziroma vse osebe, ki so na tem profilu kliknile gumb \u00bbV\u0161e\u010d mi je\u00ab oziroma \u00bbLike\u00ab, razen \u010de besedilo razpisane nagradne igre ne predvideva druga\u010de.<\/p><p>(3) Sodelovanje v nagradni igri ni pogojeno z nakupom in ga organizator ne zara\u010dunava.<\/p><p>(4) Udele\u017eenci nagradne igre sami krijejo vse stro\u0161ke sodelovanja v nagradni igri. Med stro\u0161ke sodelovanja se med drugim uvr\u0161\u010dajo: stro\u0161ek dostopa do interneta in stro\u0161ek prenosa podatkov z interneta.<\/p><p>(5) V nagradni igri ne smejo sodelovati zaposleni.<\/p><p>(6) Vsak posameznik lahko k sodelovanju v posamezni nagradni igri pristopi enkrat.<\/p><p>(7) V\u0161e\u010dkanje, ozna\u010devanje in deljenje objav oziroma strani, je lahko pogoj za sodelovanje v dolo\u010deni nagradni igri.<\/p><p>POTEK NAGRADNE IGRE<\/p><p>3. \u010dlen<\/p><p>(1) Navodila za sodelovanje in ostale podrobnej\u0161e informacije so pripisane objavi.<\/p><p>PRAVILA NAGRADNE IGRE<\/p><p>4. \u010dlen<\/p><p>(1) Datum za\u010detka in zaklju\u010dka nagradne igre je pripisan v objavi nagradne igre.<\/p><p>(2) S sodelovanjem v nagradni igri se \u0161teje, da udele\u017eenec sprejema te splo\u0161ne pogoje sodelovanja v nagradni igri in pogoje, ki so objavljeni na spletni strani oz. socialnem omre\u017eju na katerem poteka nagradna igra.<\/p><p>(3) V primeru navedbe nepopolnih, nepravilnih ali neresni\u010dnih podatkov si organizator pridr\u017euje pravico, da udele\u017eencu sodelovanje v nagradni igri zavrne ali ga iz nagradne igre izklju\u010di.<\/p><p>(4) Udele\u017eenec izgubi pravico do nagrade, \u010de organizator ugotovi, da:<\/p><p>&#8211; udele\u017eenec ni izpolnjeval pogojev sodelovanja;<\/p><p>&#8211; je udele\u017eenec kr\u0161il pravila in pogoje sodelovanja v nagradni igri;<\/p><p>&#8211; udele\u017eenec ne \u017eeli izpolniti obveznosti v skladu s temi pogoji ali posebnimi pogoji; objavljenimi na spletni strani oz. socialnem omre\u017eju, kjer poteka nagradna igra;<\/p><p>&#8211; v primeru prijav: \u010de je prijava na kakr\u0161enkoli na\u010din neustrezna.<\/p><p>(5) V primeru, ko udele\u017eenec izgubi pravico do nagrade, organizator presodi, ali bo nagrado podelil komu drugemu ali ne.<\/p><p>NAGRADE<\/p><p>5. \u010dlen<\/p><p>(1) Posamezni udele\u017eenec nagradne igre lahko prejme le eno izmed nagrad. \u010ce je udele\u017eenec iz\u017ereban dvakrat ali ve\u010dkrat, prejme tisto nagrado, za katero je bil iz\u017ereban najprej.<\/p><p>(2) Vrsta in opis nagrad sta predstavljena v besedilu razpisa nagradne igre na spletni strani oz. socialnem omre\u017eju, kjer poteka nagradna igra.<\/p><p>(3) Nagrade niso zamenljive za drugo vrsto nagrade, izpla\u010dljive v gotovini ali prenosljive na tretje osebe.<\/p><p>\u017dREBANJE NAGRAD<\/p><p>6. \u010dlen<\/p><p>(1) Za organizacijo, izvedbo in nadzor nad potekom nagradne igre ter \u017erebanjem nagrajencev skrbi komisija, ki jo sestavljajo predstavniki organizatorja.<\/p><p>(2) \u017drebanje nagrad bo potekalo na dan dolo\u010den v opisu nagradne igre na Spletni strani in\/ali Facebook Profilu, najkasneje pa v 14-ih dneh po zaklju\u010dku nagradne igre.<\/p><p>OBVE\u0160\u010cANJE NAGRAJENCEV<\/p><p>7. \u010clen<\/p><p>(1) Nagrajenec bo razgla\u0161en v komentarju pod objavo nagradne igre ali v novi objavi. Lahko pa prejme tudi zasebno sporo\u010dilo na svoj pofil.<\/p><p>(2) S sodelovanjem v posamezni nagradni igri udele\u017eenec sogla\u0161a, da ga v primeru iz\u017erebanja organizator javno ozna\u010di na Facebook strani Lilalom ART ali na drugi spletni strani oz. socialnem omre\u017eju, kjer poteka nagradna igra.<\/p><p>(3) Seznam nagrajencev bo objavljen na spletni oz. socialnem omre\u017eju, kjer poteka nagradna igra.<\/p><p>(4) Rezultati nagradne igre so dokon\u010dni. Prito\u017eba nanje ni mogo\u010da.<\/p><p>PREVZEM NAGRAD<\/p><p>8. \u010dlen<\/p><p>(1) Za prevzem nagrade mora nagrajenec ob pozivu organizatorja predlo\u017eiti svoje osebne podatke (ime in priimek, to\u010den naslov stalnega bivali\u0161\u010da, kraj bivanja, dav\u010dno \u0161tevilko in dav\u010dni urad) s katerimi ga organizator lahko identificira in mu preda nagrado. Za potrebe obve\u0161\u010danja o prevzemu nagrade lahko organizator nagrajenca vpra\u0161a tudi po kontaktni telefonski \u0161tevilki ali e-mali naslovu.<\/p><p>(2) Nagrade so obdav\u010dene po Zakonu o dohodnini. Nagrajenec je zavezanec za pla\u010dilo dohodnine v skladu z Zakonom o dohodnini (drugi prejemki, med katere spadajo tudi nagrade). Akontacijo dohodnine obra\u010duna in odvede organizator nagradne igre.<\/p><p>\u010ce nagrajenec v sedmih dneh po datumu poslanega poziva ne predlo\u017ei potrebnih podatkov, izgubi pravico do nagrade brez pravice do kakr\u0161negakoli nadomestila.<\/p><p>(4) Nagrado lahko organizator na lastne stro\u0161ke po\u0161lje na naslov, ki ga je sporo\u010dil nagrajenec, prevzem nagrade pa je (po predhodnem dogovoru z organizatorjem) mo\u017een tudi osebno v slu\u017ebenih prostorih organizatorja. \u010ce nagrajenec v tridesetih dneh po javni objavi nagrajencev nagrade ne prevzame, izgubi pravico do nagrade brez pravice do kakr\u0161negakoli nadomestila.<\/p><p>(5) Osebe, mlaj\u0161e od 18 let, morajo za prevzem nagrade organizatorju predlo\u017eiti pisno soglasje star\u0161ev ali zakonitega zastopnika. Pisno soglasje lahko star\u0161i ali zakoniti skrbniki oblikujejo sami, biti mora ustrezno sestavljeno glede na pogoje sodelovanja.<\/p><p>VAROVANJE INFORMACIJ IN OSEBNIH PODATKOV<\/p><p>9. \u010dlen<\/p><p>(1) Organizator kot upravljavec osebnih podatkov spo\u0161tuje zasebnost udele\u017eencev posamezne nagradne igre in se zavezuje, da bo z osebnimi podatki, pridobljenimi tekom nagradne igre, ravnal skrbno in jih varoval ter obdeloval v skladu z Zakonom o varstvu osebnih podatkov in Pravilnikom o varstvu osebnih podatkov sprejetim pri organizatorju.<\/p><p>(2) Brez izrecne privolitve udele\u017eencev posamezne nagradne igre osebnih podatkov udele\u017eencev ne bo posredoval tretji osebi ali jih uporabil v druge namene, kot izklju\u010dno za potrebe uspe\u0161ne celostne izvedbe nagradne igre.<\/p><p>(3) Udele\u017eenec nagradne igre organizatorju kot upravljavcu zbirke osebnih podatkov dovoljuje, da do preklica udele\u017eenca oziroma do izpolnitve namena obdelave podatkov vodi, vzdr\u017euje in obdeluje zbirko posredovanih osebnih podatkov za potrebe izvedbe nagradne igre v skladu z Zakonom o varovanju osebnih podatkov (Ul RS \u0161t. 86\/04 in 67\/07). Osebni podatki v zbirki osebnih podatkov nagrajencev in namen njihovega zbiranja, obdelave, shranjevanja in uporabe:<\/p><p>&#8211; elektronski naslov (za potrebe sodelovanja v nagradni igri, \u017erebanja in posredovanja pisnih pozivov organizatorja po nadaljnjem ravnanju v primeru upravi\u010denosti do nagrade); ime in priimek, naslov in kraj bivanja (za potrebe identifikacije nagrajenca, \u017erebanja, obve\u0161\u010danja o nagradah in obve\u0161\u010danja o na\u010dinu prevzema nagrad ter za potrebe poro\u010danja dav\u010dnim organom v skladu z veljavno dav\u010dno zakonodajo v Republiki Sloveniji);<\/p><p>&#8211; kontaktna telefonska ali GSM \u0161tevilka (za potrebe obve\u0161\u010danja v primeru kakr\u0161nihkoli te\u017eav z dostavo nagrade);<\/p><p>&#8211; dav\u010dna \u0161tevilka in dav\u010dni urad nagrajenca (za potrebe poro\u010danja dav\u010dnim organom v skladu z veljavno dav\u010dno zakonodajo v Republiki Sloveniji).<\/p><p>(4) V \u010dasu upravljanja osebnih podatkov ima vsak posamezni udele\u017eenec mo\u017enost vpogleda, prepisa, kopiranja, dopolnitve, popravka, blokiranja in izbrisa osebnih podatkov v zbirki osebnih podatkov, skladno z veljavnimi predpisi.<\/p><p>(5) Podatke hranimo v ra\u010dunalni\u0161ki obliki. Po prenehanju potrebe po vodenju podatkov ali na podlagi zahtevka nagrajenca, se podatki izbri\u0161ejo.<\/p><p>(6) Uporabniki podatkov so administratorji Lilalom strani in odgovorni za dostavo nagrad.<\/p><p>KON\u010cNE IN PREHODNE DOLO\u010cBE<\/p><p>10. \u010dlen<\/p><p>(1) Udele\u017eenci nagradne igre hkrati s Pogoji nagradne igre sprejemajo tudi pogoje in pravila Facebook skupnosti. Organizator ne prevzema nobene odgovornosti za nespo\u0161tovanje pogojev uporabe Facebook skupnosti s strani udele\u017eencev nagradne igre. Prav tako ne prevzema odgovornosti za kar\u0161nekoli posledice nastale kot rezultat objave prispevkov na Facebook profilu.<\/p><p>(2) Nagradna igra ni sponzorirana s strani Facebooka in ni povezana s Facebookom kot podjetjem.<\/p><p>(3) Organizator si pridr\u017euje pravico do dopolnitev in sprememb pogojev nagrade igre, \u010de tako zahtevajo vzroki tehni\u010dne ali komercialne narave ali vzroki na strani javnosti.<\/p><p>(4) O vseh spremembah in novostih nagradne igre bo organizator udele\u017eence sproti obve\u0161\u010dal z objavami na spletni strani oz. socialnem omre\u017eju, kjer poteka nagradna igra.<\/p><p>Za dodatne informacije o nagradni igri lahko pi\u0161ete na elektronski naslov: info@lilalom.com<\/p><p>Murska Sobota, 21. 3. 2018<\/p><p>LILALOM Lilijana Luka\u010d s.p.,Lon\u010darovci 22c, 9206 Lon\u010darovci, Slovenija<\/p><p><a href=\"https:\/\/l.facebook.com\/l.php?u=http%3A%2F%2Fwww.lilalom.com%2F%3Ffbclid%3DIwAR0P1wM4HLEkN5UH0O34aSb2lDoHAAiwa0r-kLvzez-74U-Bcn6gzKvCBPU&amp;h=AT1yc9GF0HvkIbNMhK92AiWahqjzmrN2zvGIPQMiG8C7G8pJGfuF5QMFdC6fxfHN8tVH9qDtWjtylCyhHlZxWPD6Jn1h1hwumPM0Sa_EsTrmZXSAT85OQIEs5f2meS2uZnJTlQ\" rel=\"noreferrer noopener\" target=\"_blank\">www.lilalom.com<\/a><\/p><p>info@lilalom.com<\/p>","protected":false},"excerpt":{"rendered":"<p>Splo\u0161ni pogoji sodelovanja v nagradnih igrah na internetu \u2013 LILALOM izdelava nakita in modnih dodatkov, Lilijana Luka\u010d s.p. LILALOM, marec 2018 Pogoji sodelovanja veljajo za spletno trgovino LILALOM (shop.lilalom.com), socialno omre\u017eje Facebook (https:\/\/www.facebook.com\/lilalomart\/) in Instagram (@lukaclilalom). SPLO\u0160NE DOLO\u010cBE 1. \u010dlen (1) Organizator nagradne igre je LILALOM Lilijana Luka\u010d s.p., Lon\u010darovci 22c, 9206 Kri\u017eevci, Slovenija (2) [&hellip;]<\/p>\n","protected":false},"author":1,"featured_media":0,"parent":0,"menu_order":0,"comment_status":"closed","ping_status":"closed","template":"","meta":{"_eb_attr":"","footnotes":""},"class_list":["post-12931","page","type-page","status-publish","hentry"],"jetpack_sharing_enabled":true,"_links":{"self":[{"href":"https:\/\/shop.lilalom.com\/index.php\/wp-json\/wp\/v2\/pages\/12931","targetHints":{"allow":["GET"]}}],"collection":[{"href":"https:\/\/shop.lilalom.com\/index.php\/wp-json\/wp\/v2\/pages"}],"about":[{"href":"https:\/\/shop.lilalom.com\/index.php\/wp-json\/wp\/v2\/types\/page"}],"author":[{"embeddable":true,"href":"https:\/\/shop.lilalom.com\/index.php\/wp-json\/wp\/v2\/users\/1"}],"replies":[{"embeddable":true,"href":"https:\/\/shop.lilalom.com\/index.php\/wp-json\/wp\/v2\/comments?post=12931"}],"version-history":[{"count":3,"href":"https:\/\/shop.lilalom.com\/index.php\/wp-json\/wp\/v2\/pages\/12931\/revisions"}],"predecessor-version":[{"id":12937,"href":"https:\/\/shop.lilalom.com\/index.php\/wp-json\/wp\/v2\/pages\/12931\/revisions\/12937"}],"wp:attachment":[{"href":"https:\/\/shop.lilalom.com\/index.php\/wp-json\/wp\/v2\/media?parent=12931"}],"curies":[{"name":"wp","href":"https:\/\/api.w.org\/{rel}","templated":true}]}}