{"id":21,"date":"2021-10-25T20:00:23","date_gmt":"2021-10-25T19:00:23","guid":{"rendered":"https:\/\/shop.lilalom.com\/?page_id=21"},"modified":"2021-12-09T18:25:25","modified_gmt":"2021-12-09T17:25:25","slug":"dostava-in-placilo","status":"publish","type":"page","link":"https:\/\/shop.lilalom.com\/index.php\/dostava-in-placilo\/","title":{"rendered":"Dostava in pla\u010dilo"},"content":{"rendered":"\t\t<div data-elementor-type=\"wp-page\" data-elementor-id=\"21\" class=\"elementor elementor-21\">\n\t\t\t\t\t\t<section class=\"elementor-section elementor-top-section elementor-element elementor-element-7865deba elementor-section-boxed elementor-section-height-default elementor-section-height-default\" data-id=\"7865deba\" data-element_type=\"section\">\n\t\t\t\t\t\t<div class=\"elementor-container elementor-column-gap-default\">\n\t\t\t\t\t<div class=\"elementor-column elementor-col-100 elementor-top-column elementor-element elementor-element-11d4c85b\" data-id=\"11d4c85b\" data-element_type=\"column\">\n\t\t\t<div class=\"elementor-widget-wrap elementor-element-populated\">\n\t\t\t\t\t\t<div class=\"elementor-element elementor-element-3c7869b7 elementor-widget elementor-widget-text-editor\" data-id=\"3c7869b7\" data-element_type=\"widget\" data-widget_type=\"text-editor.default\">\n\t\t\t\t<div class=\"elementor-widget-container\">\n\t\t\t\t\t\t\t<p><!-- wp:paragraph --><\/p>\n<p><strong>Na\u010din pla\u010dila<\/strong><br><br>Ponujamo Vam dve mo\u017enosti pla\u010dila.<br><br>1.&nbsp;<strong>Pla\u010dilo po povzetju.<\/strong>&nbsp;Pla\u010date storitev pri dostavi Po\u0161te Slovenije.<br>2.&nbsp;<strong>Z predpla\u010dilom na na\u0161 transakcijski podjetja<\/strong>: LILALOM Lilijana Luka\u010d s.p., Lon\u010darovci 22 c, 9206 Kri\u017eevci, Slovenija.<br>Transakcijski ra\u010dun:&nbsp;IBAN&nbsp;SI56 0288 9026 2600 885&nbsp;(NLB d.d.)&nbsp;<br><br>To lahko opravite z e-ban\u010dni\u0161tvom, nalogom za prenos, UPN, polo\u017enico ali pla\u010dilnim nalogom. Vse informacije o postopku pla\u010dil prejmete po e-po\u0161ti na koncu naro\u010dila.<br>Ob prejemu blaga boste dobili tudi originalni ra\u010dun.<br><br>Vse cene se obra\u010dunajo v Eurih Eur \/ (\u20ac).<\/p>\n<p><!-- \/wp:paragraph --><\/p>\n<p><!-- wp:separator --><\/p>\n<hr class=\"wp-block-separator\">\n<p><!-- \/wp:separator --><\/p>\n<p><!-- wp:paragraph --><\/p>\n<p><strong>Dostava<\/strong><br><br>Za dostavo na\u0161ih po\u0161iljk uporabljamo Po\u0161to Slovenije po dogovoru tudi ostale dostavne slu\u017ebe.<br><br><strong>Cena dostave<\/strong><br><br>V ceno storitve ni vkju\u010dena dostava!<br>Cena dostave je po ceniku po\u0161te Slovenije odvisno od te\u017ee ali vrste po\u0161iljke!<br>Pri naro\u010dilu po povzetju vam \u0161e dodatno zara\u010duna Po\u0161ta Slovenije provizijo za odkupnino poslovnega paketa po ceniku spodaj.Po\u0161iljke vrednosti od 0,00 \u20ac do 96,00 \u20ac \/ provizija za odkup cca.: 1,00 \u20ac.<br>Po\u0161iljke vrednosti od 96,00 \u20ac do 501,00 \u20ac \/ provizija za odkup: 1% od vrednosti nakupa.<\/p>\n<p><!-- \/wp:paragraph --><\/p>\n<p><!-- wp:paragraph --><\/p>\n<p><strong>Rok dostave in prevzem<\/strong><\/p>\n<p><!-- \/wp:paragraph --><\/p>\n<p><!-- wp:paragraph --><\/p>\n<p>Blago, ki je naro\u010deno, bo odposlano takoj po izdelanem naro\u010dilu. Rok dostavne slu\u017ebe je od 12 ur do 8 dni,&nbsp; odvisno od praznikov in delavnikov. Dostavna slu\u017eba Vam dostavi blago samo 1-krat. \u010ce Vam blaga ne more vro\u010diti, Vam pusti sporo\u010dilo, da lahko po\u0161iljko dvignete na po\u0161ti, na katero je bilo naslovljeno, v roku 15 delovnih dni.<\/p>\n<p><!-- \/wp:paragraph --><\/p>\n<p><!-- wp:paragraph --><\/p>\n<p><strong>Po\u0161kodbe in garancije<\/strong><\/p>\n<p><!-- \/wp:paragraph --><\/p>\n<p><!-- wp:paragraph --><\/p>\n<p>\u010ce je embala\u017ea ob prevzemu kakorkoli po\u0161kodovana, jo preglejte skupaj z dostavljalcem po\u0161tne slu\u017ebe, ki Vam paket dostavi. \u010ce opazite da je paket po\u0161kodovan, brezkompromisno zavrnite po\u0161iljko! Poznej\u0161ih po\u0161kodbenih reklamacij zaradi dostave, brez zapisnika, nikakor ne bomo upo\u0161tevali! Zapisnik opravite skupaj z dostavljalcem, ki Vam je pripeljal paket. O vseh nev\u0161e\u010dnostih in te\u017eavah pri dostavi, nas je potrebno nemudoma obvestiti na e-po\u0161to:&nbsp;<a href=\"mailto:info@lilalom.com\">info@lilalom.com<\/a><\/p>\n<p><!-- \/wp:paragraph --><\/p>\n<p><!-- wp:paragraph --><\/p>\n<p>Kupljeno blago ima garancijo, kot je to navedeno v pravilih in pogojih storitve.<\/p>\n<p><!-- \/wp:paragraph --><\/p>\n<p><!-- wp:paragraph --><\/p>\n<p><strong>Hitra dostava<\/strong><\/p>\n<p><!-- \/wp:paragraph --><\/p>\n<p><!-- wp:paragraph --><\/p>\n<p>Za hitro dostavo, nam pi\u0161ite na e-po\u0161tni predal:&nbsp;<a href=\"mailto:info@lilalom.com\">info@lilalom.com<\/a>&nbsp;in z veseljem vam bomo ustregli.<\/p>\n<p><!-- \/wp:paragraph --><\/p>\t\t\t\t\t\t<\/div>\n\t\t\t\t<\/div>\n\t\t\t\t\t<\/div>\n\t\t<\/div>\n\t\t\t\t\t<\/div>\n\t\t<\/section>\n\t\t\t\t<\/div>\n\t\t","protected":false},"excerpt":{"rendered":"<p>Na\u010din pla\u010dila Ponujamo Vam dve mo\u017enosti pla\u010dila. 1.&nbsp;Pla\u010dilo po povzetju.&nbsp;Pla\u010date storitev pri dostavi Po\u0161te Slovenije.2.&nbsp;Z predpla\u010dilom na na\u0161 transakcijski podjetja: LILALOM Lilijana Luka\u010d s.p., Lon\u010darovci 22 c, 9206 Kri\u017eevci, Slovenija.Transakcijski ra\u010dun:&nbsp;IBAN&nbsp;SI56 0288 9026 2600 885&nbsp;(NLB d.d.)&nbsp; To lahko opravite z e-ban\u010dni\u0161tvom, nalogom za prenos, UPN, polo\u017enico ali pla\u010dilnim nalogom. Vse informacije o postopku pla\u010dil prejmete [&hellip;]<\/p>\n","protected":false},"author":1,"featured_media":0,"parent":0,"menu_order":0,"comment_status":"closed","ping_status":"closed","template":"","meta":{"_eb_attr":"","footnotes":""},"class_list":["post-21","page","type-page","status-publish","hentry"],"jetpack_sharing_enabled":true,"_links":{"self":[{"href":"https:\/\/shop.lilalom.com\/index.php\/wp-json\/wp\/v2\/pages\/21","targetHints":{"allow":["GET"]}}],"collection":[{"href":"https:\/\/shop.lilalom.com\/index.php\/wp-json\/wp\/v2\/pages"}],"about":[{"href":"https:\/\/shop.lilalom.com\/index.php\/wp-json\/wp\/v2\/types\/page"}],"author":[{"embeddable":true,"href":"https:\/\/shop.lilalom.com\/index.php\/wp-json\/wp\/v2\/users\/1"}],"replies":[{"embeddable":true,"href":"https:\/\/shop.lilalom.com\/index.php\/wp-json\/wp\/v2\/comments?post=21"}],"version-history":[{"count":6,"href":"https:\/\/shop.lilalom.com\/index.php\/wp-json\/wp\/v2\/pages\/21\/revisions"}],"predecessor-version":[{"id":11895,"href":"https:\/\/shop.lilalom.com\/index.php\/wp-json\/wp\/v2\/pages\/21\/revisions\/11895"}],"wp:attachment":[{"href":"https:\/\/shop.lilalom.com\/index.php\/wp-json\/wp\/v2\/media?parent=21"}],"curies":[{"name":"wp","href":"https:\/\/api.w.org\/{rel}","templated":true}]}}