{"id":26,"date":"2021-10-25T20:05:09","date_gmt":"2021-10-25T19:05:09","guid":{"rendered":"https:\/\/shop.lilalom.com\/?page_id=26"},"modified":"2021-10-25T20:06:25","modified_gmt":"2021-10-25T19:06:25","slug":"pravila-in-pogoji","status":"publish","type":"page","link":"https:\/\/shop.lilalom.com\/index.php\/pravila-in-pogoji\/","title":{"rendered":"Pravila in pogoji"},"content":{"rendered":"<p>Prosimo Vas, da si pazljivo preberete splo\u0161ne pogoje za uporabo na\u0161e storitve na spletni strani\u00a0<strong>Lilalom.com<\/strong>\u00a0in uporabni\u0161kega ra\u010duna, ker Vas obvezujejo k pravilnemu ravnanju in\u00a0Vas opozarjajo na katere stvari morate biti pozorni in jih z uporabo storitve na spletni strani<strong>\u00a0Lilalom.com\u00a0<\/strong>obvezno upo\u0161tevati!<strong>LILALOM Lilijana Luka\u010d s.p.<\/strong>,\u00a0s sede\u017eem\u00a0Lon\u010darovci 22 c,\u00a09206 Kri\u017eevci (v nadaljevanju\u00a0<strong>LILALOM Lilijana Luka\u010d s.p.<\/strong>) si pridr\u017euje pravico kadar koli spremeniti te splo\u0161ne pogoje poslovanja, zato je dobro, da kot uporabnik preverjate osnovno spletno stran\u00a0<strong>Lilalom.com<\/strong>\u00a0vsaj enkrat mese\u010dno oz. kadar ste v kakr\u0161nih koli dvomih.<br><br>Ponudnik storitev\u00a0<strong>LILALOM Lilijana Luka\u010d s.p.\u00a0<\/strong>si bo prizadeval zagotoviti najbolj\u0161e mogo\u010de usluge vsem svojim uporabnikom, ob tem pa ne bo dovolil nobene nezakonite dejavnosti ali kakr\u0161ne koli zlorabe v svojih storitvi na spletni strani Lilalom.com. Ponudnik storitev\u00a0<strong>LILALOM Lilijana Luka\u010d s.p.\u00a0<\/strong>spo\u0161tuje svobodo govora in izra\u017eanja, \u010de dejanja niso \u0161kodljiva drugim. Ta navodila so namenjena za\u0161\u010diti uporabnika, za\u0161\u010diti drugih uporabnikov na\u0161ih storitev in na\u0161i za\u0161\u010diti pred kakr\u0161no koli zlorabo.<br><br><strong>1. UPORABNI\u0160KI RA\u010cUN<\/strong><br><br>Ponudnik storitev\u00a0<strong>LILALOM Lilijana Luka\u010d s.p.\u00a0<\/strong>prevzema odgovornost iz dolo\u010dil splo\u0161nih pogojev poslovanja le za uporabnike spletne strani<strong>\u00a0Lilalom.com<\/strong>\u00a0v svoji storitvi. Ponudnik storitev identificira uporabni\u0161ki ra\u010dun\u00a0z imenom in priimkom uporabnika, nazivom podjetja uporabnika, dav\u010dno \u0161tevilko uporabnika, naslovom uporabnika, TTR ali TR uporabnika, naslovom elektronske po\u0161te uporabnika ter uporabni\u0161kim imenom in geslom. Ponudnik storitev\u00a0<strong>LILALOM Lilijana Luka\u010d s.p.\u00a0<\/strong>bo podatke uporabnika\/ov obravnaval kot poslovno skrivnost in jih bo posredoval le na zahtevo poobla\u0161\u010denih uradnih organov Republike Slovenije.<br><br>\u010ce uporabnik te podatke posreduje tretjim osebam za dostop do svoje elektronske po\u0161te ali uporabni\u0161kega ra\u010duna na spletni strani\u00a0<strong>Lilalom.com<\/strong>, obstaja mo\u017enost, da bodo informacije na njej po\u0161kodovane, spremenjene ali uni\u010dene.<br><br>Ponudnik storitev\u00a0<strong>LILALOM Lilijana Luka\u010d s.p.\u00a0<\/strong>ni odgovoren za varnost kakr\u0161nih koli osebnih podatkov na uporabni\u0161kem ra\u010dunu, \u010de uporabnik te podatke razkrije oz. posreduje drugim, ki lahko povzro\u010dijo osebno \u0161kodo uporabniku in\/ali uporabni\u0161kemu ra\u010dunu.<br><br>\u010ce ponudnik storitev\u00a0<strong>LILALOM Lilijana Luka\u010d s.p.\u00a0<\/strong>zasledi ali sumi kakr\u0161no koli zlorabo uporabni\u0161kega ra\u010duna ga lahko nemudoma zapre ali izbri\u0161e.<br><strong>2. REGISTRIRANI UPORABNIK<\/strong><br><br>Naziv &#8220;registrirani uporabnik&#8221; si pridobi oseba, ki na spletni strani\u00a0<strong>Lilalom.com<\/strong>\u00a0naro\u010di storitev in se nato prijavi v uporabni\u0161ki sistem skozi postopek registracije. Z nazivom registrirani uporabnik in kori\u0161\u010denjem uporabni\u0161kega sistema se ne zavezujete k nobenim obveznim naro\u010dilom ali kaj podobnega.<br><br>Kot uporabnik nimate nobenih pogojev minimalnih nakupov in pravil, ki bi Vas napeljevala k prekomernemu tro\u0161enju. Uporabni\u0161ki ra\u010dun preprosto slu\u017ei Vam, da imate pregled nad naro\u010danjem. Kot registrirani uporabnik se tudi ni\u010demur ne zavezujete, Vam pa pripadajo dolo\u010dene prednosti kot navadnemu uporabniku.<br><br><strong>3. VSEBINA SPLETNIH STRANI<\/strong><br><br>Na spletni strani\u00a0<strong>Lilalom.com<\/strong>\u00a0 so povezave do drugih spletnih strani, ki niso v na\u0161i lasti ali kakr\u0161nikoli povezavi z nami. Zato ponudnik storitev\u00a0<strong>LILALOM Lilijana Luka\u010d s.p.\u00a0<\/strong>v nobenem primeru ne more biti odgovorno za dostop do takih spletnih strani, za po\u0161iljanje pi\u0161kotkov v va\u0161 ra\u010dunalnik in podobno z omenjenih strani in za za\u0161\u010dito kakr\u0161nih koli podatkov v ra\u010dunalniku ob obisku takih spletnih straneh.<br><br><strong>4. DELOVANJE SPLETNE STRANI (STORITVE) Lilalom.com<\/strong><br><br>Na\u0161a storitev deluje 24 ur na dan, 7 dni v tednu, 365 dni v letu. Ponudnik storitev\u00a0<strong>LILALOM Lilijana Luka\u010d s.p.\u00a0<\/strong>si pridr\u017euje pravico, da za dolo\u010den ali nedolo\u010den \u010das omeji ali popolnoma ustavi uporabo storitve ali kori\u0161\u010denja uporabni\u0161kega ra\u010duna na spletnih straneh\u00a0<strong>Lilalom.com<\/strong>.<br><br>Ponudnik storitev\u00a0<strong>LILALOM Lilijana Luka\u010d s.p.\u00a0<\/strong>ne odgovarjajo za kakr\u0161no koli posredno ali neposredno \u0161kodo, vklju\u010dno z morebitnim izgubljenim naro\u010dilom, ki bi nastala zaradi prekinitve dostopa spletni strani\u00a0<strong>Lilalom.com<\/strong>, izbrisa naro\u010dila ali napak v delovanju spletni strani\u00a0<strong>Lilalom.com<\/strong>, kot tudi ne jam\u010dimo za stoodstotno uspe\u0161nost uporabe spletni strani\u00a0<strong>Lilalom.com<\/strong>.Vsebina in funkcionalnost teh spletnih strani so ponujene &#8216;tak\u0161ne kot so&#8217;, brez kakr\u0161nihkoli drugih jamstev.<br><br>V nobenem primeru ponudnik storitev\u00a0<strong>LILALOM Lilijana Luka\u010d s.p.\u00a0<\/strong>, ne bodo odgovorni za kakr\u0161nokoli \u0161kodo, ki bi izvirala iz uporabe oziroma nezmo\u017enosti uporabe spletni strani\u00a0<strong>Lilalom.com<\/strong>, vklju\u010dno in brez omejitev glede izgubljenega prihodka ali pri\u010dakovanega dobi\u010dka, izgube dobrega imena, izgube poslov, izgube podatkov, ra\u010dunalni\u0161ke napake ali napa\u010dnega delovanja oziroma drugih \u0161kodnih dogodkov.<br><br>Ponudnik storitev\u00a0<strong>LILALOM Lilijana Luka\u010d s.p.\u00a0<\/strong>ne prevzema nikakr\u0161nih odgovornosti za kakr\u0161nokoli okvaro va\u0161e strojne ali programske opreme zaradi obiska spletni strani\u00a0<strong>Lilalom.com<\/strong>\u00a0in za kakr\u0161nokoli \u0161kodo, povzro\u010deno z izdelki, kupljenimi preko spletni strani<strong>\u00a0Lilalom.com<\/strong>, razen tiste, izrecno dolo\u010dene s dolo\u010dili veljavne zakonodaje na ozemlju Republike Slovenije.<br><br><strong>5. NAKUP<\/strong><br><br>Nakup v storitveni ponudbi ali sploh kakr\u0161nokoli posredovanje osebnih podatkov na spletni strani\u00a0<strong>Lilalom.com<\/strong>\u00a0je dovoljen samo pravno &#8211; poslovno sposobnim osebam starej\u0161im od 18 let, ostale osebe morajo za vsako posredovano informacijo pridobiti zakonsko veljavno soglasje star\u0161ev ali skrbnika.<br><br><strong>6. DOSTAVA<\/strong><br><br>Za dostavo na\u0161ih po\u0161iljk uporabljamo po\u0161to Slovenije. V ceno storitve ni vklju\u010dena dostava!<br>Pri naro\u010dilu po povzetju vam \u0161e dodatno zara\u010duna Po\u0161ta Slovenije provizijo za odkupnino poslovnega paketa.<br><br><strong>Rok dostave in prevzem<\/strong><br>Blago, ki je naro\u010deno, bo odposlano takoj po potrjenemu naro\u010dilu. Rok dostavne slu\u017ebe je od 12 ur do 8 dni,\u00a0 odvisno od praznikov in delavnikov. Dostavna slu\u017eba Vam dostavi blago samo 1-krat. \u010ce Vam blaga ne more vro\u010diti, Vam pusti sporo\u010dilo, da lahko po\u0161iljko dvignete na po\u0161ti, na katero je bilo naslovljeno, v roku 15 delovnih dni.<br><strong>Po\u0161kodbe in garancije<\/strong><br>\u010ce je embala\u017ea ob prevzemu kakorkoli po\u0161kodovana, jo preglejte skupaj z osebo po\u0161tne slu\u017ebe, ki Vam paket dostavi. \u010ce opazite da je paket po\u0161kodovan, brezkompromisno zavrnite po\u0161iljko! Poznej\u0161ih po\u0161kodb in reklamacij zaradi dostave, brez zapisnika, nikakor ne bomo upo\u0161tevali! Zapisnik opravite skupaj z osebo, ki Vam je pripeljal paket. O vseh nev\u0161e\u010dnostih in te\u017eavah pri dostavi, nas je potrebno nemudoma obvestiti po telefonu\u00a0<strong>040 814 690<\/strong>, ali pa po e-po\u0161ti: info@lilalom.com.<br>Naro\u010dil ne po\u0161iljamo v nedeljo in ob praznikih ko je po\u0161ta Slovenije ne obratuje.<br><br><strong>7. PREKLIC NARO\u010cILA ALI SPREMEBA NARO\u010cILA<\/strong><\/p><p>Po avtorizaciji naro\u010dila, katero je bilo izvr\u0161eno od samega naro\u010dnika\/uporabnika preko e-po\u0161tnega predala, tega naro\u010dila ve\u010d ne morete preklicati in bo izvr\u0161eno ter poslano na naro\u010dnikov\/uporabnikov naslov. Po avtorizaciji sprememba naro\u010dila (podatki naro\u010dnika, koli\u010dina, vrsta artikla,&#8230;) ali podatkov na izdelanem artiklu ni ve\u010d mo\u017eno.<br><br>Pravica do odstopa od nakupa-Vra\u010dilo blaga<br><br>Za odpoved naro\u010dila veljajo dolo\u010dila splo\u0161nih pogojev in veljavna zakonska dolo\u010dila o vra\u010dilu blaga. Za vra\u010dilo blaga se uporabljajo dolo\u010dila 43.\u010d \u010dlena Zakona o varstvu potro\u0161nikov, kateri dolo\u010da:<br><br>&#8220;Pri pogodbah, sklenjenih na daljavo, ima potro\u0161nik pravico, da v 14 dneh podjetju pisno sporo\u010di, da odstopa od pogodbe, ne da bi mu bilo treba navesti razlog za svojo odlo\u010ditev. \u0160teje se, da je sporo\u010dilo pravo\u010dasno, \u010de je bila po\u0161tna po\u0161iljka oddana v roku. Ta rok za\u010dne te\u010di naslednji dan po dnevu dobave blaga.&#8221;<br><br>Kupec ima pravico, da v&nbsp;tridesetih (30) dneh po prevzemu vrne kupljeno blago brez kakr\u0161nekoli od\u0161kodnine. Vendar je kupec dol\u017ean nositi stro\u0161ke, ki nastanejo pri vrnitvi predmeta nakupa.&nbsp;&nbsp; Vrnitev prejetega blaga v 30-ih dneh po prejetju brez predhodnega pisnega obvestila se prav tako \u0161teje za odstop od nakupa. Izdelki morajo biti nerabljeni in&nbsp;nepo\u0161kodovani . Prilo\u017eena mora biti kopija ra\u010duna. Ponudnik vrne celotno kupnino najkasneje v roku 30-ih dni od&nbsp;prejema&nbsp;obvestila.&nbsp;<br><br>Kupec nima pravice do odstopa od pogodbe v naslednjih primerih:<br><br><strong>\u00b7 pri pogodbah, katerih predmet je blago, ki je bilo izdelano po natan\u010dnih navodilih potro\u0161nika, ki je bilo prilagojeno njegovim posebnim potrebam, ki zaradi svoje narave ni primerno za vra\u010dilo<\/strong>.<br><br><strong>8. PLA\u010cILO STORITEV<\/strong><br><br>Cene storitev\/artiklov se zara\u010dunajo po veljavnem ceniku ponudnika storitev&nbsp;<strong>LILALOM Lilijana Luka\u010d s.p.&nbsp;<\/strong>. Veljavne cene so vedno objavljene na spletni strani&nbsp;<strong>Lilalom.com<\/strong>.<br><br>Cene storitev\/artiklov, ki jih ima ponudnik storitev&nbsp;<strong>LILALOM Lilijana Luka\u010d s.p.&nbsp;<\/strong>v svoji ponudbi, se lahko spremenijo brez vnaprej\u0161njega posebnega obvestila uporabnikom. Spremembe cen bodo objavljene le na spletni strani&nbsp;<strong>Lilalom.com<\/strong>.<br>Vsa pla\u010dila se izvedejo v Eurih (\u20ac) na TRR:&nbsp;SI56 0288 9026 2600 885&nbsp;(NLB d.d.). Za uporabnike &#8211; nerezidente Republike Slovenije veljajo samo v Eurih (\u20ac).<br><br>DDV ne obra\u010dunavamo v skladu s 1. to\u010dko 94. \u010dlena ZDDV-1.<br><br>Vsa pla\u010dila je mo\u017eno opraviti kot predpla\u010dilo na TTR podjetja (Polo\u017enica, Pla\u010dilo v e-banki) ali po povzetju ko vam dostavi po\u0161ta.<\/p><p><br><strong>9. ODGOVORNOST<\/strong><br><br>Pridr\u017eujemo si pravico zavrniti usluge katere ponujamo na spletni strani&nbsp;<strong>Lilalom.com<\/strong>&nbsp;komur koli iz katerega koli razloga, \u010de to ni v nasprotju z zakonom. Prav tako si pridr\u017eujemo pravico do onemogo\u010danja storitev komur koli in iz katerega koli razloga, \u010de to ni v nasprotju z zakonom ali temi pravili in pogoji. Uporabnik oz. lastnik uporabni\u0161kega ra\u010duna pristaja na uporabo vseh gostiteljevih storitev in sredstev na lastno odgovornost. Gostitelj posebej poudarja, da zavra\u010da vsakr\u0161no jamstvo uporabnikom storitev za uspe\u0161no poslovanje z uporabo uslug ponudnika storitev&nbsp;<strong>LILALOM Lilijana Luka\u010d s.p.&nbsp;<\/strong>.<br><br>Ponudnik storitev&nbsp;<strong>LILALOM Lilijana Luka\u010d s.p.&nbsp;<\/strong>v nobenem primeru ni odgovoren za kakr\u0161no koli komercialno \u0161kodo, vklju\u010dno (toda ne izklju\u010dno) s posebno, naklju\u010dno ali iz tega izhajajo\u010do \u0161kodo. Uporabnik se strinja, da bo sam kril vse morebitne od\u0161kodnine in da ponudnik storitev&nbsp;<strong>LILALOM Lilijana Luka\u010d s.p.&nbsp;<\/strong>ni odgovoren za kakr\u0161ne koli zahteve, obveznosti, izgube, stro\u0161ke, vklju\u010dno z mo\u017enimi stro\u0161ki pravnih zastopnikov, naperjenih proti ponudniku storitev&nbsp;<strong>LILALOM Lilijana Luka\u010d s.p.&nbsp;<\/strong>, njegovim zaposlenim, zunanjim sodelavcem, ki bi lahko nastali kot posledica uslug, ki jih ponujajo uporabniki.<br><br>Ponudnik storitev&nbsp;<strong>LILALOM Lilijana Luka\u010d s.p.&nbsp;<\/strong>bo edini razsodnik pri ocenjevanju morebitne zahteve po njegovi odgovornosti in povra\u010dilu \u0161kode, nastale zaradi vseh drugih primerov. Ponudnik storitev&nbsp;<strong>LILALOM Lilijana Luka\u010d s.p.&nbsp;<\/strong>presoja svojo odgovornost in je lahko odgovoren samo in izklju\u010dno trenutnim uporabnikom z veljavnim uporabni\u0161kim ra\u010dunom.<br><br>Lastni\u0161tvo nad uporabni\u0161kim ra\u010dunom v primeru izkazane \u0161kode tretjih oseb uporabnik dokazuje s \u0161tevilko pla\u010dilne kartice&nbsp; z imenom in priimkom uporabnika, firmo uporabnika, dav\u010dno \u0161tevilko uporabnika, naslovom uporabnika, TRR uporabnika, naslovom elektronske po\u0161te uporabnika ter uporabni\u0161kim imenom in geslom. \u010ce te informacije posreduje tretjim osebam, uporabnik tvega izgubo in\/ali spremembo podatkov na svoji spletni strani ali katere koli druge informacije na uporabni\u0161kem ra\u010dunu. Gostitelj ne sprejema nobene odgovornosti za taka dejanja uporabnika.<br><br><strong>10. TEHNI\u010cNA PODPORA IN PRIJAVA NAPAKE NA RA\u010cUNU<\/strong><br><br>Vse tehni\u010dne napake, nedelovanje ali prekinitev delovanja storitve&nbsp;<strong>LILALOM Lilijana Luka\u010d s.p.&nbsp;<\/strong>, sporo\u010dite na e-po\u0161to info@lilalom.com. Va\u0161a zahteva za odpravo napake v sistemu se bo obravnavala nemudoma po prijavi. Ponudnik storitev&nbsp;<strong>LILALOM Lilijana Luka\u010d s.p.&nbsp;<\/strong>ima pravico za odpravo napake 8 dni od prijave.<br><br>Ponudnik storitev&nbsp;<strong>LILALOM Lilijana Luka\u010d s.p.&nbsp;<\/strong>bo vedno naredil vse, kar je v njegovi mo\u010di, da bo delovanje neprekinjeno in nemoteno.<br><br>Ponudnik storitev&nbsp;<strong>LILALOM Lilijana Luka\u010d s.p.&nbsp;<\/strong>se obvezuje, da bo naro\u010dniku\/uporabniku obve\u0161\u010dal na elektronsko po\u0161to o kakr\u0161nem koli na\u0161emu posegu (prekinitev delovanja spletne strani, obnova spletne strani, servisna dela na spletni strani,&#8230;).<br><br><strong>11. TELEFONSKA PODPORA<\/strong><br><br>Uporabnik\/naro\u010dnik se strinja, da bo za podporo prednostno uporabljal on line pomo\u010d (e-po\u0161to), ki so del osnovne spletne strani&nbsp;<strong>Lilalom.com<\/strong>. Ponudnik storitev&nbsp;<strong>LILALOM Lilijana Luka\u010d s.p.&nbsp;<\/strong>nudi uporabnikom svojih storitev tudi telefonsko tehni\u010dno podporo v okviru delovnega \u010dasa. Delovni \u010das ponudnika storitev&nbsp;<strong>LILALOM Lilijana Luka\u010d s.p.&nbsp;<\/strong>je, vklju\u010dno s telefonskimi \u0161tevilkami tehni\u010dne podpore, objavljen na spletni strani&nbsp;<strong>Lilalom.com<\/strong>&nbsp;in v teh pravilih in pogojih.<br><br>Uporabnik\/naro\u010dnik se strinja, da ne bo zlorabil zaupnih informacij tehni\u010dne narave, posredovanih po telefonski tehni\u010dni podpori ponudnika storitev&nbsp;<strong>LILALOM Lilijana Luka\u010d s.p.&nbsp;<\/strong>.<br><br>Ponudnik storitev&nbsp;<strong>LILALOM Lilijana Luka\u010d s.p.&nbsp;<\/strong>je edini razsodnik v oceni zlorabe oz. mogo\u010de zlorabe informacij, navedenih v prej\u0161njem odstavku, in lahko kadar koli komur koli zavrne storitev ponudbe telefonske tehni\u010dne podpore.<br><br>Telefonska \u0161tevilka, katero uporabljamo za podporo za storitev&nbsp;<strong>LILALOM Lilijana Luka\u010d s.p.&nbsp;<\/strong>je&nbsp;<strong>040 814 690<\/strong>&nbsp;in je dosegljiva od ponedeljka do petka od 9.00 do 17.00 in ob sobotah od 9.00 do 13.00.<br><br><strong>12. VARSTVO OSEBNIH PODATKOV<\/strong><br><br>Z naro\u010dilom nakupa dovoljujete, da vzpostavimo, vodimo, vzdr\u017eujemo in upravljamo z va\u0161imi osebnimi podatki. ponudnik storitev&nbsp;<strong>LILALOM Lilijana Luka\u010d s.p.&nbsp;<\/strong>zagotavlja varstvo osebnih podatkov po Zakonu o varstvu osebnih podatkov (Uradni list RS \u0161t. 59\/99, 57\/01) ter da podatkov o kupcu v nobenem primeru ne bo posredovala tretji osebi. Kupcu pripadajo vse pravice po Zakonu o varstvu potro\u0161nikov.<br><br>Za dodatne informacije in pojasnila smo Vam na voljo od ponedeljka do petka od 8.00 do 18.00 in ob sobotah od 9.00 do 13.00. na telefonsko \u0161tevilko: 040 814 690 ali e-mail: info@lilalom.com<br>&nbsp;<\/p><p><strong>13. VARNOST<\/strong><br><br>Na spletni strani Lilalom.com, uporabljamo ve\u010d najsodobnej\u0161ih varnostnih in za\u0161\u010ditnih sistemov, ki zagotavljajo ustrezno za\u0161\u010dito pred izgubo, ne\u017eelenim spreminjanjem, nepoobla\u0161\u010denim vdorom v sistem ali kakr\u0161no koli zlorabo ali krajo podatkov. Sisteme katere uporabljamo so unikatni in testirani od ve\u010djih znanih proizvajalcev programske opreme za varnost podatkov.<br><br><strong>14. DELOVNI \u010cAS<\/strong><br><br>Delovni \u010das delovanja spletne strani\u00a0<strong>Lilalom.com<\/strong>\u00a0za naro\u010danje in uporabo je 24 ur 7 dni v tednu ob vseh praznikih. Telefonska tehni\u010dna podpora je dosegljiva od ponedeljka do petka od 8.00 do 18.00 in ob sobotah od 9.00 do 13.00, razen ob praznikih in\u00a0nedeljah\u00a0na telefonsko \u0161tevilko: 040 814 818.<br>.<br><br><strong>15. AVTORSKE PRAVICE<\/strong><br><br>Ime\/naziv\u00a0<strong>Lilalom.com<\/strong>\u00a0se ne sme uporabiti v ogla\u0161evalske namene ali javno objavljati za distribucijo brez dovoljenja ponudnika storitev\u00a0<strong>LILALOM Lilijana Luka\u010d s.p.\u00a0<\/strong>. Avtorske pravice za to ime, so avtorska last!Besedila, slike, grafi\u010dna podoba spletne strani, postopki in na\u010dini izvedbe so avtorska last podjetja\u00a0<strong>LILALOM Lilijana Luka\u010d s.p.<\/strong>,\u00a0za uporabo morate imeti pisno privolitev avtorjev.<\/p><p><strong>16. OBVE\u0160\u010cANJE<\/strong><br><br>Va\u0161e podatke bomo ob\u010dasno uporabili za to, da vas bomo po po\u0161ti in\/ali e-po\u0161ti obve\u0161\u010dali o pomembnej\u0161ih spremembah, novih izdelkih, o storitvah in posebnih ponudbah. Prepri\u010dani smo, da je vse prej omenjeno pomembna informacija, ki jo kupec oz. uporabnik storitve morate dobiti. \u010ce teh podatkov ne \u017eelite prejemati, nas o tem obvestite po elektronski po\u0161ti na naslov info@lilalom.com. Po prejetem obvestilu vam prej omenjenih e-sporo\u010dil ne bomo po\u0161iljali.<br><br><strong>17. KONTAKTI<\/strong><br><br>Za vse informacije in nejasnosti nam lahko sporo\u010dite na naslov podjetja:\u00a0<br><strong>LILALOM Lilijana Luka\u010d s.p.<\/strong>,<br>Lon\u010darovci 22 c,<br>9206 Kri\u017eevci\u00a0<br>Tel.: 040 814 690<br>Vse informacije, napotki in nasveti s strani podjetja in storitve\u00a0<strong>LILALOM Lilijana Luka\u010d s.p.\u00a0<\/strong>so brezpla\u010dni.<br><br><strong>18. RE\u0160EVANJE SPOROV MED STRANKAMI<\/strong><br><br>Morebitni spori med strankami, ki izvirajo ali so v povezavi s storitvijo na spletnih straneh<strong>\u00a0Lilalom.com<\/strong>, se re\u0161ujejo sporazumno, v nasprotnem primeru se stranke dogovorijo, da bo spor re\u0161evalo pristojno sodi\u0161\u010de v\u00a0<strong>Murski Soboti\u00a0<\/strong>ob uporabi in upo\u0161tevanju Slovenskega prava in zakonov.<\/p>","protected":false},"excerpt":{"rendered":"<p>Prosimo Vas, da si pazljivo preberete splo\u0161ne pogoje za uporabo na\u0161e storitve na spletni strani\u00a0Lilalom.com\u00a0in uporabni\u0161kega ra\u010duna, ker Vas obvezujejo k pravilnemu ravnanju in\u00a0Vas opozarjajo na katere stvari morate biti pozorni in jih z uporabo storitve na spletni strani\u00a0Lilalom.com\u00a0obvezno upo\u0161tevati!LILALOM Lilijana Luka\u010d s.p.,\u00a0s sede\u017eem\u00a0Lon\u010darovci 22 c,\u00a09206 Kri\u017eevci (v nadaljevanju\u00a0LILALOM Lilijana Luka\u010d s.p.) si pridr\u017euje pravico [&hellip;]<\/p>\n","protected":false},"author":1,"featured_media":0,"parent":0,"menu_order":0,"comment_status":"closed","ping_status":"closed","template":"","meta":{"_eb_attr":"","footnotes":""},"class_list":["post-26","page","type-page","status-publish","hentry"],"jetpack_sharing_enabled":true,"_links":{"self":[{"href":"https:\/\/shop.lilalom.com\/index.php\/wp-json\/wp\/v2\/pages\/26","targetHints":{"allow":["GET"]}}],"collection":[{"href":"https:\/\/shop.lilalom.com\/index.php\/wp-json\/wp\/v2\/pages"}],"about":[{"href":"https:\/\/shop.lilalom.com\/index.php\/wp-json\/wp\/v2\/types\/page"}],"author":[{"embeddable":true,"href":"https:\/\/shop.lilalom.com\/index.php\/wp-json\/wp\/v2\/users\/1"}],"replies":[{"embeddable":true,"href":"https:\/\/shop.lilalom.com\/index.php\/wp-json\/wp\/v2\/comments?post=26"}],"version-history":[{"count":2,"href":"https:\/\/shop.lilalom.com\/index.php\/wp-json\/wp\/v2\/pages\/26\/revisions"}],"predecessor-version":[{"id":28,"href":"https:\/\/shop.lilalom.com\/index.php\/wp-json\/wp\/v2\/pages\/26\/revisions\/28"}],"wp:attachment":[{"href":"https:\/\/shop.lilalom.com\/index.php\/wp-json\/wp\/v2\/media?parent=26"}],"curies":[{"name":"wp","href":"https:\/\/api.w.org\/{rel}","templated":true}]}}