{"id":30,"date":"2021-10-25T20:08:20","date_gmt":"2021-10-25T19:08:20","guid":{"rendered":"https:\/\/shop.lilalom.com\/?page_id=30"},"modified":"2023-04-08T13:56:10","modified_gmt":"2023-04-08T11:56:10","slug":"grancija-ali-vracilo-blaga","status":"publish","type":"page","link":"https:\/\/shop.lilalom.com\/index.php\/grancija-ali-vracilo-blaga\/","title":{"rendered":"Garancija ali vra\u010dilo blaga"},"content":{"rendered":"<p>Za odpoved naro\u010dila veljajo dolo\u010dila splo\u0161nih pogojev in veljavna zakonska dolo\u010dila o vra\u010dilu blaga. Za vra\u010dilo blaga se uporabljajo dolo\u010dila 43. \u010dlena Zakona o varstvu potro\u0161nikov, kateri dolo\u010da:<\/p><p>&#8220;Pri pogodbah, sklenjenih na daljavo, ima potro\u0161nik pravico, da v 14 dneh podjetju pisno sporo\u010di, da odstopa od pogodbe, ne da bi mu bilo treba navesti razlog za svojo odlo\u010ditev. \u0160teje se, da je sporo\u010dilo pravo\u010dasno, \u010de je bila po\u0161tna po\u0161iljka oddana v roku. Ta rok za\u010dne te\u010di naslednji dan po dnevu dobave blaga.&#8221;<\/p><p>Kupec ima pravico, da v&nbsp;tridesetih (30) dneh po prevzemu vrne kupljeno blago brez kakr\u0161nekoli od\u0161kodnine. Vendar je kupec dol\u017ean nositi stro\u0161ke, ki nastanejo pri vrnitvi predmeta nakupa.&nbsp;&nbsp; Vrnitev prejetega blaga v 30-ih dneh po prejetju brez predhodnega pisnega obvestila se prav tako \u0161teje za odstop od nakupa. Izdelki morajo biti nerabljeni in&nbsp;nepo\u0161kodovani . Prilo\u017eena mora biti kopija ra\u010duna. Ponudnik vrne celotno kupnino najkasneje v roku 30-ih dni od&nbsp;prejema&nbsp;obvestila.&nbsp;<\/p><p>Kupec nima pravice do odstopa od pogodbe v naslednjih primerih:<\/p><p>\u00b7 pri pogodbah, katerih predmet je blago, ki je bilo izdelano po natan\u010dnih navodilih potro\u0161nika, ki je bilo prilagojeno njegovim posebnim potrebam, ki zaradi svoje narave ni primerno za vra\u010dilo.<\/p>","protected":false},"excerpt":{"rendered":"<p>Za odpoved naro\u010dila veljajo dolo\u010dila splo\u0161nih pogojev in veljavna zakonska dolo\u010dila o vra\u010dilu blaga. Za vra\u010dilo blaga se uporabljajo dolo\u010dila 43. \u010dlena Zakona o varstvu potro\u0161nikov, kateri dolo\u010da: &#8220;Pri pogodbah, sklenjenih na daljavo, ima potro\u0161nik pravico, da v 14 dneh podjetju pisno sporo\u010di, da odstopa od pogodbe, ne da bi mu bilo treba navesti razlog [&hellip;]<\/p>\n","protected":false},"author":1,"featured_media":0,"parent":0,"menu_order":0,"comment_status":"closed","ping_status":"closed","template":"","meta":{"_eb_attr":"","footnotes":""},"class_list":["post-30","page","type-page","status-publish","hentry"],"jetpack_sharing_enabled":true,"_links":{"self":[{"href":"https:\/\/shop.lilalom.com\/index.php\/wp-json\/wp\/v2\/pages\/30","targetHints":{"allow":["GET"]}}],"collection":[{"href":"https:\/\/shop.lilalom.com\/index.php\/wp-json\/wp\/v2\/pages"}],"about":[{"href":"https:\/\/shop.lilalom.com\/index.php\/wp-json\/wp\/v2\/types\/page"}],"author":[{"embeddable":true,"href":"https:\/\/shop.lilalom.com\/index.php\/wp-json\/wp\/v2\/users\/1"}],"replies":[{"embeddable":true,"href":"https:\/\/shop.lilalom.com\/index.php\/wp-json\/wp\/v2\/comments?post=30"}],"version-history":[{"count":3,"href":"https:\/\/shop.lilalom.com\/index.php\/wp-json\/wp\/v2\/pages\/30\/revisions"}],"predecessor-version":[{"id":12848,"href":"https:\/\/shop.lilalom.com\/index.php\/wp-json\/wp\/v2\/pages\/30\/revisions\/12848"}],"wp:attachment":[{"href":"https:\/\/shop.lilalom.com\/index.php\/wp-json\/wp\/v2\/media?parent=30"}],"curies":[{"name":"wp","href":"https:\/\/api.w.org\/{rel}","templated":true}]}}