{"id":33,"date":"2021-10-25T20:10:45","date_gmt":"2021-10-25T19:10:45","guid":{"rendered":"https:\/\/shop.lilalom.com\/?page_id=33"},"modified":"2021-10-25T20:10:45","modified_gmt":"2021-10-25T19:10:45","slug":"postopek-nakupa","status":"publish","type":"page","link":"https:\/\/shop.lilalom.com\/index.php\/postopek-nakupa\/","title":{"rendered":"Postopek nakupa"},"content":{"rendered":"<p>Postopek nakupa blaga&nbsp; v spletni trgovini na lokaciji&nbsp;www.Lilalom.com&nbsp;(tehni\u010dni koraki, ki vodijo k sklenitvi pogodbe).<\/p><p>Oddaja naro\u010dila: Kupec po vnosu vseh potrebnih podatkov klikne na gumb ZAKJU\u010cI NARO\u010cILO. Pri tem se avtomati\u010dno ustvari predra\u010dun z vsemi potrebnimi informacijami. Kaj je stranka naro\u010dila, njen naslov in seveda vsi potrebni podatki o dobavitelju za pla\u010dilo predra\u010duna, ki ga kupec prejme po elektronski po\u0161ti na vpisan e-po\u0161tni naslov kot potrditev za naro\u010deno blago.<\/p><p>Potrditev naro\u010dila: Kupec dobi avtomatsko obvestilo na elektronski naslov z vpisanimi vsemi podatki o kupcu dobavitelju in predra\u010dunom naro\u010denega blaga. Ko kupec dobi to obvestilo po elektronski po\u0161ti se sklene tudi nakup oz. pogodba na daljavo! Kupec mora upo\u0161tevati&nbsp; vrsto pla\u010dila, ki ga je izbral pri oddaji naro\u010dila.<\/p><p>Blago je odposlano: Naro\u010deno blago se po\u0161lje kupcu, mora biti izpolnjen pogoj pla\u010dila, oz. pla\u010dila po povzetju, \u010de je bilo tako navedeno ob naro\u010dilu.<\/p><p>Kupec ima tudi mo\u017enost, pred nakupom oz. sklenitve pogodbe na daljavo, lahko naro\u010dilo prekli\u010de nakup. To lahko stori v roku 24 ur od oddaje naro\u010dila preko E-po\u0161te na naslov&nbsp;<a href=\"mailto:info@lilalom.com\">info@lilalom.com<\/a>, ali se sporo\u010di na tel. \u0161tevilko: 040 814 690.<br><br><strong>Iskanje in dodajanje izdelka v ko\u0161arico<\/strong><br><br>V trgovini sta dve mo\u017enosti iskanja, kategorizirani meni na desni ali levi strani in iskalnik po trgovini kateri se nahaja v glavi spletne strani pod simbolom pove\u010devalnega stekla. Najdeni izdelek dodate tako, da izberete tipko DODAJ V KO\u0160ARICO, ko to storite se vam izpi\u0161e na izbranem artiklu v tabeli zraven naro\u010dene velikosti Izdelek je v ko\u0161arici.<br><br><strong>Nakupovalna ko\u0161arica<\/strong><br><br>Na vrhu spletne strani se nahaja nakupovalna ko\u0161arica. Vsi artikli, kateri so bili izbrani skozi nakup v E-trgovini so v&nbsp;nakupovalni&nbsp;ko\u0161arici. Ob kliku na povezavo UREDI KO\u0160ARICO lahko uredite koli\u010dine artiklov in izra\u010dunate skupno vrednost naro\u010dila. V ko\u0161arici se tudi opravi naro\u010dilo na izdelke v E-trgovini.<br><br><strong>Zakju\u010dek naro\u010dila<\/strong><br>Po kon\u010danem naro\u010dilu v E-trgovini&nbsp;boste prejeli&nbsp;e-po\u0161to z informacijami o na\u010dinu pla\u010dila in predra\u010dunom<br>Z pla\u010dilom oprevite ste opravili nakup!<\/p><p><strong>Tehni\u010dni koraki, ki omogo\u010dajo prepoznavanje in popravljanje napak pred oddajo naro\u010dila<\/strong><br>V nakupovalni ko\u0161arici v kateri so artikli, ki ste jih izbrali med nakupom po na\u0161i spletni trgovini. Ker ste z vsakim klikom dodali po en artikel, si tukaj lahko uredite koli\u010dine naro\u010denih artiklov ali izbri\u0161ete posamezni artikel z tipko >> IZBRI\u0160I ARTIKEL&lt;&lt; . Za nadaljevanje z naro\u010dilom izberite tipko\u00a0>> IZRA\u010cUNAJ NARO\u010cILO&lt;&lt;.<br><br>Preverite pravilnost izra\u010duna in naro\u010denih koli\u010din, nato izberite za nadaljevanje z naro\u010dilom >> NADALJUJ Z NARO\u010cILOM&lt;&lt;. \u010ce koli\u010dine niso pravilne za, popravek izberite tipko >> NAZAJ NA PREJ\u0160NJO STRAN &lt;&lt;.<br><br>Preverite pravilnost svojih podatkov in naro\u010dila!\u00a0<br>Za oddajo naro\u010dila\u00a0izberite tipko >>ZAKJU\u010cI NARO\u010cILO&lt;&lt;. Ali za preklic naro\u010dila ne storite ni\u010desar ali zaprete brskalnik.<br><br>Po kon\u010danem naro\u010dilu boste prejeli na vne\u0161eno e-po\u0161to z predra\u010dunom, katero morate potrditi.<\/p>","protected":false},"excerpt":{"rendered":"<p>Postopek nakupa blaga&nbsp; v spletni trgovini na lokaciji&nbsp;www.Lilalom.com&nbsp;(tehni\u010dni koraki, ki vodijo k sklenitvi pogodbe). Oddaja naro\u010dila: Kupec po vnosu vseh potrebnih podatkov klikne na gumb ZAKJU\u010cI NARO\u010cILO. Pri tem se avtomati\u010dno ustvari predra\u010dun z vsemi potrebnimi informacijami. Kaj je stranka naro\u010dila, njen naslov in seveda vsi potrebni podatki o dobavitelju za pla\u010dilo predra\u010duna, ki ga [&hellip;]<\/p>\n","protected":false},"author":1,"featured_media":0,"parent":0,"menu_order":0,"comment_status":"closed","ping_status":"closed","template":"","meta":{"_eb_attr":"","footnotes":""},"class_list":["post-33","page","type-page","status-publish","hentry"],"jetpack_sharing_enabled":true,"_links":{"self":[{"href":"https:\/\/shop.lilalom.com\/index.php\/wp-json\/wp\/v2\/pages\/33","targetHints":{"allow":["GET"]}}],"collection":[{"href":"https:\/\/shop.lilalom.com\/index.php\/wp-json\/wp\/v2\/pages"}],"about":[{"href":"https:\/\/shop.lilalom.com\/index.php\/wp-json\/wp\/v2\/types\/page"}],"author":[{"embeddable":true,"href":"https:\/\/shop.lilalom.com\/index.php\/wp-json\/wp\/v2\/users\/1"}],"replies":[{"embeddable":true,"href":"https:\/\/shop.lilalom.com\/index.php\/wp-json\/wp\/v2\/comments?post=33"}],"version-history":[{"count":2,"href":"https:\/\/shop.lilalom.com\/index.php\/wp-json\/wp\/v2\/pages\/33\/revisions"}],"predecessor-version":[{"id":38,"href":"https:\/\/shop.lilalom.com\/index.php\/wp-json\/wp\/v2\/pages\/33\/revisions\/38"}],"wp:attachment":[{"href":"https:\/\/shop.lilalom.com\/index.php\/wp-json\/wp\/v2\/media?parent=33"}],"curies":[{"name":"wp","href":"https:\/\/api.w.org\/{rel}","templated":true}]}}