{"id":35,"date":"2021-10-25T20:12:42","date_gmt":"2021-10-25T19:12:42","guid":{"rendered":"https:\/\/shop.lilalom.com\/?page_id=35"},"modified":"2021-10-25T20:12:42","modified_gmt":"2021-10-25T19:12:42","slug":"podatki-o-podjetju","status":"publish","type":"page","link":"https:\/\/shop.lilalom.com\/index.php\/podatki-o-podjetju\/","title":{"rendered":"Podatki o podjetju"},"content":{"rendered":"<figure class=\"wp-block-table\"><table><tbody><tr><td>Dolgi naziv<\/td><td>LILALOM izdelava nakita in modnih dodatkov, Lilijana Luka\u010d s.p.<\/td><\/tr><tr><td>Naziv<\/td><td>LILALOM Lilijana Luka\u010d s.p.<\/td><\/tr><tr><td>Ob\u010dina<\/td><td>Moravske Toplice<\/td><\/tr><tr><td>Ulica<\/td><td>Lon\u010darovci 22 c<\/td><\/tr><tr><td>Po\u0161ta<\/td><td>9026 Kri\u017eevci<\/td><\/tr><tr><td>E-zveze<\/td><td>Telefon: 040 814 690 \/ e-posta: info@lilalom.com<\/td><\/tr><tr><td>Dav\u010dna \u0161tevilka<\/td><td>85570613<\/td><\/tr><tr><td>Zavezanec za DDV<\/td><td>Ne<\/td><\/tr><tr><td>TTR<\/td><td>SI56 0288 9026 2600 885&nbsp;(NLB d.d.)<\/td><\/tr><tr><td>\u0160t. zaposlenih<\/td><td>1<\/td><\/tr><tr><td>Glavna dejavnost<\/td><td>M74.100 &#8211; Oblikovanje, aran\u017eerstvo, dekoraterstvo<\/td><\/tr><\/tbody><\/table><\/figure><p><\/p>","protected":false},"excerpt":{"rendered":"<p>Dolgi naziv LILALOM izdelava nakita in modnih dodatkov, Lilijana Luka\u010d s.p. Naziv LILALOM Lilijana Luka\u010d s.p. Ob\u010dina Moravske Toplice Ulica Lon\u010darovci 22 c Po\u0161ta 9026 Kri\u017eevci E-zveze Telefon: 040 814 690 \/ e-posta: info@lilalom.com Dav\u010dna \u0161tevilka 85570613 Zavezanec za DDV Ne TTR SI56 0288 9026 2600 885&nbsp;(NLB d.d.) \u0160t. zaposlenih 1 Glavna dejavnost M74.100 &#8211; [&hellip;]<\/p>\n","protected":false},"author":1,"featured_media":0,"parent":0,"menu_order":0,"comment_status":"closed","ping_status":"closed","template":"","meta":{"_eb_attr":"","footnotes":""},"class_list":["post-35","page","type-page","status-publish","hentry"],"jetpack_sharing_enabled":true,"_links":{"self":[{"href":"https:\/\/shop.lilalom.com\/index.php\/wp-json\/wp\/v2\/pages\/35","targetHints":{"allow":["GET"]}}],"collection":[{"href":"https:\/\/shop.lilalom.com\/index.php\/wp-json\/wp\/v2\/pages"}],"about":[{"href":"https:\/\/shop.lilalom.com\/index.php\/wp-json\/wp\/v2\/types\/page"}],"author":[{"embeddable":true,"href":"https:\/\/shop.lilalom.com\/index.php\/wp-json\/wp\/v2\/users\/1"}],"replies":[{"embeddable":true,"href":"https:\/\/shop.lilalom.com\/index.php\/wp-json\/wp\/v2\/comments?post=35"}],"version-history":[{"count":2,"href":"https:\/\/shop.lilalom.com\/index.php\/wp-json\/wp\/v2\/pages\/35\/revisions"}],"predecessor-version":[{"id":37,"href":"https:\/\/shop.lilalom.com\/index.php\/wp-json\/wp\/v2\/pages\/35\/revisions\/37"}],"wp:attachment":[{"href":"https:\/\/shop.lilalom.com\/index.php\/wp-json\/wp\/v2\/media?parent=35"}],"curies":[{"name":"wp","href":"https:\/\/api.w.org\/{rel}","templated":true}]}}