{"id":7089,"date":"2020-12-30T03:24:01","date_gmt":"2020-12-30T02:24:01","guid":{"rendered":"https:\/\/demo4.drfuri.com\/razzi\/?page_id=7089"},"modified":"2023-01-17T10:34:30","modified_gmt":"2023-01-17T09:34:30","slug":"top-rated","status":"publish","type":"page","link":"https:\/\/shop.lilalom.com\/index.php\/top-rated\/","title":{"rendered":"Predlagano"},"content":{"rendered":"\t\t<div data-elementor-type=\"wp-page\" data-elementor-id=\"7089\" class=\"elementor elementor-7089\">\n\t\t\t\t\t\t<section class=\"elementor-section elementor-top-section elementor-element elementor-element-d67a768 elementor-section-boxed elementor-section-height-default elementor-section-height-default\" data-id=\"d67a768\" data-element_type=\"section\">\n\t\t\t\t\t\t<div class=\"elementor-container elementor-column-gap-default\">\n\t\t\t\t\t<div class=\"elementor-column elementor-col-100 elementor-top-column elementor-element elementor-element-25167a3\" data-id=\"25167a3\" data-element_type=\"column\">\n\t\t\t<div class=\"elementor-widget-wrap elementor-element-populated\">\n\t\t\t\t\t\t<div class=\"elementor-element elementor-element-45d6036 elementor-widget elementor-widget-razzi-products-grid\" data-id=\"45d6036\" data-element_type=\"widget\" data-settings=\"{&quot;products&quot;:&quot;top_rated&quot;,&quot;per_page&quot;:8,&quot;columns&quot;:4}\" data-widget_type=\"razzi-products-grid.default\">\n\t\t\t\t<div class=\"elementor-widget-container\">\n\t\t\t\t\t<div class=\"razzi-products-grid woocommerce\">\r\n\t\t\t<div class=\"product-content\"><ul class=\"products columns-4\">\n<li class=\"product type-product post-12204 status-publish first instock product_cat-ogrlice has-post-thumbnail sale sold-individually purchasable product-type-simple\">\n\t<a href=\"https:\/\/shop.lilalom.com\/index.php\/izdelek\/prozorna-ogrlica-z-obeskom-iz-cveta\/\" class=\"woocommerce-LoopProduct-link woocommerce-loop-product__link\">\n\t<span class=\"onsale\">Akcija!<\/span>\n\t<img fetchpriority=\"high\" decoding=\"async\" width=\"670\" height=\"670\" src=\"https:\/\/shop.lilalom.com\/wp-content\/uploads\/2022\/12\/14-670x670.jpg\" class=\"attachment-woocommerce_thumbnail size-woocommerce_thumbnail\" alt=\"Ogrlica z medaljonom iz cveta okrasne grmovnice\" srcset=\"https:\/\/shop.lilalom.com\/wp-content\/uploads\/2022\/12\/14-670x670.jpg 670w, https:\/\/shop.lilalom.com\/wp-content\/uploads\/2022\/12\/14-100x100.jpg 100w\" sizes=\"(max-width: 670px) 100vw, 670px\" \/><h2 class=\"woocommerce-loop-product__title\">Ogrlica z medaljonom iz cveta okrasne grmovnice<\/h2>\n\t<span class=\"price\"><del aria-hidden=\"true\"><span class=\"woocommerce-Price-amount amount\"><bdi>50,00&nbsp;<span class=\"woocommerce-Price-currencySymbol\">&euro;<\/span><\/bdi><\/span><\/del> <span class=\"screen-reader-text\">Izvirna cena je bila: 50,00&nbsp;&euro;.<\/span><ins aria-hidden=\"true\"><span class=\"woocommerce-Price-amount amount\"><bdi>45,00&nbsp;<span class=\"woocommerce-Price-currencySymbol\">&euro;<\/span><\/bdi><\/span><\/ins><span class=\"screen-reader-text\">Trenutna cena je: 45,00&nbsp;&euro;.<\/span><\/span>\n<\/a><a href=\"?add-to-cart=12204\" aria-describedby=\"woocommerce_loop_add_to_cart_link_describedby_12204\" data-quantity=\"1\" class=\"button product_type_simple add_to_cart_button ajax_add_to_cart\" data-product_id=\"12204\" data-product_sku=\"Obes-4\" aria-label=\"Dodaj v ko\u0161arico: &ldquo;Ogrlica z medaljonom iz cveta okrasne grmovnice&rdquo;\" rel=\"nofollow\" data-success_message=\"&ldquo;Ogrlica z medaljonom iz cveta okrasne grmovnice&rdquo; je bil dodan v va\u0161o ko\u0161arico\">Dodaj v ko\u0161arico<\/a>\t<span id=\"woocommerce_loop_add_to_cart_link_describedby_12204\" class=\"screen-reader-text\">\n\t\t\t<\/span>\n<\/li>\n<li class=\"product type-product post-12669 status-publish instock product_cat-prstani has-post-thumbnail sold-individually purchasable product-type-simple\">\n\t<a href=\"https:\/\/shop.lilalom.com\/index.php\/izdelek\/rosa-prsten-z-z-travniskimi-rastlinami\/\" class=\"woocommerce-LoopProduct-link woocommerce-loop-product__link\"><img decoding=\"async\" width=\"670\" height=\"670\" src=\"https:\/\/shop.lilalom.com\/wp-content\/uploads\/2023\/03\/DSC_0734-scaled-670x670.jpg\" class=\"attachment-woocommerce_thumbnail size-woocommerce_thumbnail\" alt=\"Roza prsten z z travni\u0161kimi rastlinami\" srcset=\"https:\/\/shop.lilalom.com\/wp-content\/uploads\/2023\/03\/DSC_0734-scaled-670x670.jpg 670w, https:\/\/shop.lilalom.com\/wp-content\/uploads\/2023\/03\/DSC_0734-scaled-100x100.jpg 100w\" sizes=\"(max-width: 670px) 100vw, 670px\" \/><h2 class=\"woocommerce-loop-product__title\">Roza prsten z z travni\u0161kimi rastlinami<\/h2>\n\t<span class=\"price\"><span class=\"woocommerce-Price-amount amount\"><bdi>20,00&nbsp;<span class=\"woocommerce-Price-currencySymbol\">&euro;<\/span><\/bdi><\/span><\/span>\n<\/a><a href=\"?add-to-cart=12669\" aria-describedby=\"woocommerce_loop_add_to_cart_link_describedby_12669\" data-quantity=\"1\" class=\"button product_type_simple add_to_cart_button ajax_add_to_cart\" data-product_id=\"12669\" data-product_sku=\"PRST-1\" aria-label=\"Dodaj v ko\u0161arico: &ldquo;Roza prsten z z travni\u0161kimi rastlinami&rdquo;\" rel=\"nofollow\" data-success_message=\"&ldquo;Roza prsten z z travni\u0161kimi rastlinami&rdquo; je bil dodan v va\u0161o ko\u0161arico\">Dodaj v ko\u0161arico<\/a>\t<span id=\"woocommerce_loop_add_to_cart_link_describedby_12669\" class=\"screen-reader-text\">\n\t\t\t<\/span>\n<\/li>\n<li class=\"product type-product post-12300 status-publish instock product_cat-zapestnice has-post-thumbnail sale sold-individually purchasable product-type-simple\">\n\t<a href=\"https:\/\/shop.lilalom.com\/index.php\/izdelek\/zapestnica\/\" class=\"woocommerce-LoopProduct-link woocommerce-loop-product__link\">\n\t<span class=\"onsale\">Akcija!<\/span>\n\t<img decoding=\"async\" width=\"670\" height=\"670\" src=\"https:\/\/shop.lilalom.com\/wp-content\/uploads\/2023\/01\/zapestnica-z-cvetom-spiraneje-3-1-670x670.jpg\" class=\"attachment-woocommerce_thumbnail size-woocommerce_thumbnail\" alt=\"Zapestnica z cvetom spiraneje\" srcset=\"https:\/\/shop.lilalom.com\/wp-content\/uploads\/2023\/01\/zapestnica-z-cvetom-spiraneje-3-1-670x670.jpg 670w, https:\/\/shop.lilalom.com\/wp-content\/uploads\/2023\/01\/zapestnica-z-cvetom-spiraneje-3-1-100x100.jpg 100w\" sizes=\"(max-width: 670px) 100vw, 670px\" \/><h2 class=\"woocommerce-loop-product__title\">Zapestnica z cvetom spiraneje<\/h2>\n\t<span class=\"price\"><del aria-hidden=\"true\"><span class=\"woocommerce-Price-amount amount\"><bdi>22,00&nbsp;<span class=\"woocommerce-Price-currencySymbol\">&euro;<\/span><\/bdi><\/span><\/del> <span class=\"screen-reader-text\">Izvirna cena je bila: 22,00&nbsp;&euro;.<\/span><ins aria-hidden=\"true\"><span class=\"woocommerce-Price-amount amount\"><bdi>20,00&nbsp;<span class=\"woocommerce-Price-currencySymbol\">&euro;<\/span><\/bdi><\/span><\/ins><span class=\"screen-reader-text\">Trenutna cena je: 20,00&nbsp;&euro;.<\/span><\/span>\n<\/a><a href=\"?add-to-cart=12300\" aria-describedby=\"woocommerce_loop_add_to_cart_link_describedby_12300\" data-quantity=\"1\" class=\"button product_type_simple add_to_cart_button ajax_add_to_cart\" data-product_id=\"12300\" data-product_sku=\"ZAP-4\" aria-label=\"Dodaj v ko\u0161arico: &ldquo;Zapestnica z cvetom spiraneje&rdquo;\" rel=\"nofollow\" data-success_message=\"&ldquo;Zapestnica z cvetom spiraneje&rdquo; je bil dodan v va\u0161o ko\u0161arico\">Dodaj v ko\u0161arico<\/a>\t<span id=\"woocommerce_loop_add_to_cart_link_describedby_12300\" class=\"screen-reader-text\">\n\t\t\t<\/span>\n<\/li>\n<li class=\"product type-product post-13341 status-publish last instock product_cat-kompleti product_cat-ogrlice product_cat-prstani product_cat-viseci-uhani has-post-thumbnail featured sold-individually purchasable product-type-simple\">\n\t<a href=\"https:\/\/shop.lilalom.com\/index.php\/izdelek\/komplet-nakita-v-transparentno-modri-barvi-z-travnisko-rastlino\/\" class=\"woocommerce-LoopProduct-link woocommerce-loop-product__link\"><img loading=\"lazy\" decoding=\"async\" width=\"670\" height=\"670\" src=\"https:\/\/shop.lilalom.com\/wp-content\/uploads\/2024\/11\/komplet-cvetlice-turkiz-1-670x670.jpg\" class=\"attachment-woocommerce_thumbnail size-woocommerce_thumbnail\" alt=\"Komplet nakita v transparentno modri barvi z travni\u0161ko rastlino\" srcset=\"https:\/\/shop.lilalom.com\/wp-content\/uploads\/2024\/11\/komplet-cvetlice-turkiz-1-670x670.jpg 670w, https:\/\/shop.lilalom.com\/wp-content\/uploads\/2024\/11\/komplet-cvetlice-turkiz-1-100x100.jpg 100w\" sizes=\"(max-width: 670px) 100vw, 670px\" \/><h2 class=\"woocommerce-loop-product__title\">Komplet nakita v transparentno modri barvi z travni\u0161ko rastlino<\/h2>\n\t<span class=\"price\"><span class=\"woocommerce-Price-amount amount\"><bdi>65,00&nbsp;<span class=\"woocommerce-Price-currencySymbol\">&euro;<\/span><\/bdi><\/span><\/span>\n<\/a><a href=\"?add-to-cart=13341\" aria-describedby=\"woocommerce_loop_add_to_cart_link_describedby_13341\" data-quantity=\"1\" class=\"button product_type_simple add_to_cart_button ajax_add_to_cart\" data-product_id=\"13341\" data-product_sku=\"KOMP-12\" aria-label=\"Dodaj v ko\u0161arico: &ldquo;Komplet nakita v transparentno modri barvi z travni\u0161ko rastlino&rdquo;\" rel=\"nofollow\" data-success_message=\"&ldquo;Komplet nakita v transparentno modri barvi z travni\u0161ko rastlino&rdquo; je bil dodan v va\u0161o ko\u0161arico\">Dodaj v ko\u0161arico<\/a>\t<span id=\"woocommerce_loop_add_to_cart_link_describedby_13341\" class=\"screen-reader-text\">\n\t\t\t<\/span>\n<\/li>\n<li class=\"product type-product post-13619 status-publish first instock product_cat-prstani has-post-thumbnail sold-individually purchasable product-type-simple\">\n\t<a href=\"https:\/\/shop.lilalom.com\/index.php\/izdelek\/ovalni-prstan-magicno-vijolicne-barve-z-kameleon-blescicami\/\" class=\"woocommerce-LoopProduct-link woocommerce-loop-product__link\"><img loading=\"lazy\" decoding=\"async\" width=\"670\" height=\"670\" src=\"https:\/\/shop.lilalom.com\/wp-content\/uploads\/2024\/12\/vijolcni-prstan-zlati-vijola-blescice-2-670x670.jpg\" class=\"attachment-woocommerce_thumbnail size-woocommerce_thumbnail\" alt=\"Ovalni prstan vijoli\u010dne barve z kameleon ble\u0161\u010dicami\" srcset=\"https:\/\/shop.lilalom.com\/wp-content\/uploads\/2024\/12\/vijolcni-prstan-zlati-vijola-blescice-2-670x670.jpg 670w, https:\/\/shop.lilalom.com\/wp-content\/uploads\/2024\/12\/vijolcni-prstan-zlati-vijola-blescice-2-100x100.jpg 100w\" sizes=\"(max-width: 670px) 100vw, 670px\" \/><h2 class=\"woocommerce-loop-product__title\">Ovalni prstan vijoli\u010dne barve z kameleon ble\u0161\u010dicami<\/h2>\n\t<span class=\"price\"><span class=\"woocommerce-Price-amount amount\"><bdi>18,00&nbsp;<span class=\"woocommerce-Price-currencySymbol\">&euro;<\/span><\/bdi><\/span><\/span>\n<\/a><a href=\"?add-to-cart=13619\" aria-describedby=\"woocommerce_loop_add_to_cart_link_describedby_13619\" data-quantity=\"1\" class=\"button product_type_simple add_to_cart_button ajax_add_to_cart\" data-product_id=\"13619\" data-product_sku=\"PRST-16\" aria-label=\"Dodaj v ko\u0161arico: &ldquo;Ovalni prstan vijoli\u010dne barve z kameleon ble\u0161\u010dicami&rdquo;\" rel=\"nofollow\" data-success_message=\"&ldquo;Ovalni prstan vijoli\u010dne barve z kameleon ble\u0161\u010dicami&rdquo; je bil dodan v va\u0161o ko\u0161arico\">Dodaj v ko\u0161arico<\/a>\t<span id=\"woocommerce_loop_add_to_cart_link_describedby_13619\" class=\"screen-reader-text\">\n\t\t\t<\/span>\n<\/li>\n<li class=\"product type-product post-12419 status-publish instock product_cat-klasicni-uhani has-post-thumbnail sale sold-individually purchasable product-type-simple\">\n\t<a href=\"https:\/\/shop.lilalom.com\/index.php\/izdelek\/ovalni-modri-uhani-z-blescicami\/\" class=\"woocommerce-LoopProduct-link woocommerce-loop-product__link\">\n\t<span class=\"onsale\">Akcija!<\/span>\n\t<img loading=\"lazy\" decoding=\"async\" width=\"670\" height=\"670\" src=\"https:\/\/shop.lilalom.com\/wp-content\/uploads\/2023\/02\/DSC_0300-scaled-670x670.jpg\" class=\"attachment-woocommerce_thumbnail size-woocommerce_thumbnail\" alt=\"Ovalni modri uhani z ble\u0161\u010dicami\" srcset=\"https:\/\/shop.lilalom.com\/wp-content\/uploads\/2023\/02\/DSC_0300-scaled-670x670.jpg 670w, https:\/\/shop.lilalom.com\/wp-content\/uploads\/2023\/02\/DSC_0300-scaled-100x100.jpg 100w\" sizes=\"(max-width: 670px) 100vw, 670px\" \/><h2 class=\"woocommerce-loop-product__title\">Ovalni modri uhani z ble\u0161\u010dicami<\/h2>\n\t<span class=\"price\"><del aria-hidden=\"true\"><span class=\"woocommerce-Price-amount amount\"><bdi>20,00&nbsp;<span class=\"woocommerce-Price-currencySymbol\">&euro;<\/span><\/bdi><\/span><\/del> <span class=\"screen-reader-text\">Izvirna cena je bila: 20,00&nbsp;&euro;.<\/span><ins aria-hidden=\"true\"><span class=\"woocommerce-Price-amount amount\"><bdi>18,00&nbsp;<span class=\"woocommerce-Price-currencySymbol\">&euro;<\/span><\/bdi><\/span><\/ins><span class=\"screen-reader-text\">Trenutna cena je: 18,00&nbsp;&euro;.<\/span><\/span>\n<\/a><a href=\"?add-to-cart=12419\" aria-describedby=\"woocommerce_loop_add_to_cart_link_describedby_12419\" data-quantity=\"1\" class=\"button product_type_simple add_to_cart_button ajax_add_to_cart\" data-product_id=\"12419\" data-product_sku=\"UHAN-5\" aria-label=\"Dodaj v ko\u0161arico: &ldquo;Ovalni modri uhani z ble\u0161\u010dicami&rdquo;\" rel=\"nofollow\" data-success_message=\"&ldquo;Ovalni modri uhani z ble\u0161\u010dicami&rdquo; je bil dodan v va\u0161o ko\u0161arico\">Dodaj v ko\u0161arico<\/a>\t<span id=\"woocommerce_loop_add_to_cart_link_describedby_12419\" class=\"screen-reader-text\">\n\t\t\t<\/span>\n<\/li>\n<li class=\"product type-product post-12870 status-publish instock product_cat-klasicni-uhani has-post-thumbnail sold-individually purchasable product-type-simple\">\n\t<a href=\"https:\/\/shop.lilalom.com\/index.php\/izdelek\/oglati-uhani-z-efektom-marmorja\/\" class=\"woocommerce-LoopProduct-link woocommerce-loop-product__link\"><img loading=\"lazy\" decoding=\"async\" width=\"670\" height=\"670\" src=\"https:\/\/shop.lilalom.com\/wp-content\/uploads\/2023\/04\/DSC_0054-scaled-670x670.jpg\" class=\"attachment-woocommerce_thumbnail size-woocommerce_thumbnail\" alt=\"Oglati uhani z imitacijo marmorja\" srcset=\"https:\/\/shop.lilalom.com\/wp-content\/uploads\/2023\/04\/DSC_0054-scaled-670x670.jpg 670w, https:\/\/shop.lilalom.com\/wp-content\/uploads\/2023\/04\/DSC_0054-scaled-100x100.jpg 100w\" sizes=\"(max-width: 670px) 100vw, 670px\" \/><h2 class=\"woocommerce-loop-product__title\">Oglati uhani z imitacijo marmorja<\/h2>\n\t<span class=\"price\"><span class=\"woocommerce-Price-amount amount\"><bdi>15,00&nbsp;<span class=\"woocommerce-Price-currencySymbol\">&euro;<\/span><\/bdi><\/span><\/span>\n<\/a><a href=\"?add-to-cart=12870\" aria-describedby=\"woocommerce_loop_add_to_cart_link_describedby_12870\" data-quantity=\"1\" class=\"button product_type_simple add_to_cart_button ajax_add_to_cart\" data-product_id=\"12870\" data-product_sku=\"UHAN-26\" aria-label=\"Dodaj v ko\u0161arico: &ldquo;Oglati uhani z imitacijo marmorja&rdquo;\" rel=\"nofollow\" data-success_message=\"&ldquo;Oglati uhani z imitacijo marmorja&rdquo; je bil dodan v va\u0161o ko\u0161arico\">Dodaj v ko\u0161arico<\/a>\t<span id=\"woocommerce_loop_add_to_cart_link_describedby_12870\" class=\"screen-reader-text\">\n\t\t\t<\/span>\n<\/li>\n<li class=\"product type-product post-13136 status-publish last instock product_cat-kompleti product_cat-viseci-uhani product_cat-zapestnice has-post-thumbnail sold-individually purchasable product-type-simple\">\n\t<a href=\"https:\/\/shop.lilalom.com\/index.php\/izdelek\/komplet-nakita-zapestnica-in-viseci-uhani-z-travniskimi-rozami\/\" class=\"woocommerce-LoopProduct-link woocommerce-loop-product__link\"><img loading=\"lazy\" decoding=\"async\" width=\"670\" height=\"670\" src=\"https:\/\/shop.lilalom.com\/wp-content\/uploads\/2024\/10\/komplet-nakita-spomincica-zapestnica-in-viseci-uhani-0-670x670.jpg\" class=\"attachment-woocommerce_thumbnail size-woocommerce_thumbnail\" alt=\"Komplet nakita zapestnica in vise\u010di uhani z travni\u0161kimi ro\u017eami\" srcset=\"https:\/\/shop.lilalom.com\/wp-content\/uploads\/2024\/10\/komplet-nakita-spomincica-zapestnica-in-viseci-uhani-0-670x670.jpg 670w, https:\/\/shop.lilalom.com\/wp-content\/uploads\/2024\/10\/komplet-nakita-spomincica-zapestnica-in-viseci-uhani-0-100x100.jpg 100w\" sizes=\"(max-width: 670px) 100vw, 670px\" \/><h2 class=\"woocommerce-loop-product__title\">Komplet nakita zapestnica in vise\u010di uhani z travni\u0161kimi ro\u017eami<\/h2>\n\t<span class=\"price\"><span class=\"woocommerce-Price-amount amount\"><bdi>40,00&nbsp;<span class=\"woocommerce-Price-currencySymbol\">&euro;<\/span><\/bdi><\/span><\/span>\n<\/a><a href=\"?add-to-cart=13136\" aria-describedby=\"woocommerce_loop_add_to_cart_link_describedby_13136\" data-quantity=\"1\" class=\"button product_type_simple add_to_cart_button ajax_add_to_cart\" data-product_id=\"13136\" data-product_sku=\"KOMP-10\" aria-label=\"Dodaj v ko\u0161arico: &ldquo;Komplet nakita zapestnica in vise\u010di uhani z travni\u0161kimi ro\u017eami&rdquo;\" rel=\"nofollow\" data-success_message=\"&ldquo;Komplet nakita zapestnica in vise\u010di uhani z travni\u0161kimi ro\u017eami&rdquo; je bil dodan v va\u0161o ko\u0161arico\">Dodaj v ko\u0161arico<\/a>\t<span id=\"woocommerce_loop_add_to_cart_link_describedby_13136\" class=\"screen-reader-text\">\n\t\t\t<\/span>\n<\/li>\n<\/ul>\n<\/div>\t\t<\/div>\r\n\t\t\t\t<\/div>\n\t\t\t\t<\/div>\n\t\t\t\t\t<\/div>\n\t\t<\/div>\n\t\t\t\t\t<\/div>\n\t\t<\/section>\n\t\t\t\t<\/div>\n\t\t","protected":false},"excerpt":{"rendered":"<p>Add to cart Quick View Add to wishlist Bag Cross Body Mini Bag &pound;&nbsp;29.54 Add to cart Quick View Add to wishlist Bag Travel Large Trifold Wallet &pound;&nbsp;95.27 NewAdd to cart Quick View Add to wishlist T-Shirts Crew Neck T-shirt &pound;&nbsp;98.96 -9% Add to cart Quick View Add to wishlist Dresses Basic Dress Green &pound;&nbsp;174.30 [&hellip;]<\/p>\n","protected":false},"author":1,"featured_media":0,"parent":0,"menu_order":0,"comment_status":"closed","ping_status":"closed","template":"","meta":{"_eb_attr":"","footnotes":""},"class_list":["post-7089","page","type-page","status-publish","hentry"],"jetpack_sharing_enabled":true,"_links":{"self":[{"href":"https:\/\/shop.lilalom.com\/index.php\/wp-json\/wp\/v2\/pages\/7089","targetHints":{"allow":["GET"]}}],"collection":[{"href":"https:\/\/shop.lilalom.com\/index.php\/wp-json\/wp\/v2\/pages"}],"about":[{"href":"https:\/\/shop.lilalom.com\/index.php\/wp-json\/wp\/v2\/types\/page"}],"author":[{"embeddable":true,"href":"https:\/\/shop.lilalom.com\/index.php\/wp-json\/wp\/v2\/users\/1"}],"replies":[{"embeddable":true,"href":"https:\/\/shop.lilalom.com\/index.php\/wp-json\/wp\/v2\/comments?post=7089"}],"version-history":[{"count":1,"href":"https:\/\/shop.lilalom.com\/index.php\/wp-json\/wp\/v2\/pages\/7089\/revisions"}],"predecessor-version":[{"id":12315,"href":"https:\/\/shop.lilalom.com\/index.php\/wp-json\/wp\/v2\/pages\/7089\/revisions\/12315"}],"wp:attachment":[{"href":"https:\/\/shop.lilalom.com\/index.php\/wp-json\/wp\/v2\/media?parent=7089"}],"curies":[{"name":"wp","href":"https:\/\/api.w.org\/{rel}","templated":true}]}}