{"id":7210,"date":"2021-01-04T04:15:54","date_gmt":"2021-01-04T04:15:54","guid":{"rendered":"https:\/\/demo4.drfuri.com\/razzi\/?page_id=7210"},"modified":"2021-01-04T04:15:54","modified_gmt":"2021-01-04T04:15:54","slug":"product-hover-style","status":"publish","type":"page","link":"https:\/\/shop.lilalom.com\/index.php\/product-hover-style\/","title":{"rendered":"Product Hover Style"},"content":{"rendered":"\t\t<div data-elementor-type=\"wp-page\" data-elementor-id=\"7210\" class=\"elementor elementor-7210\">\n\t\t\t\t\t\t<section class=\"elementor-section elementor-top-section elementor-element elementor-element-7fe4d8d elementor-section-boxed elementor-section-height-default elementor-section-height-default\" data-id=\"7fe4d8d\" data-element_type=\"section\">\n\t\t\t\t\t\t<div class=\"elementor-container elementor-column-gap-default\">\n\t\t\t\t\t<div class=\"elementor-column elementor-col-100 elementor-top-column elementor-element elementor-element-e6c945d\" data-id=\"e6c945d\" data-element_type=\"column\">\n\t\t\t<div class=\"elementor-widget-wrap elementor-element-populated\">\n\t\t\t\t\t\t<div class=\"elementor-element elementor-element-4d9175a elementor-widget elementor-widget-heading\" data-id=\"4d9175a\" data-element_type=\"widget\" data-widget_type=\"heading.default\">\n\t\t\t\t<div class=\"elementor-widget-container\">\n\t\t\t<h4 class=\"elementor-heading-title elementor-size-default\">Product Hover Style<\/h4>\t\t<\/div>\n\t\t\t\t<\/div>\n\t\t\t\t<div class=\"elementor-element elementor-element-01a7695 elementor-widget elementor-widget-spacer\" data-id=\"01a7695\" data-element_type=\"widget\" data-widget_type=\"spacer.default\">\n\t\t\t\t<div class=\"elementor-widget-container\">\n\t\t\t\t\t<div class=\"elementor-spacer\">\n\t\t\t<div class=\"elementor-spacer-inner\"><\/div>\n\t\t<\/div>\n\t\t\t\t<\/div>\n\t\t\t\t<\/div>\n\t\t\t\t<div class=\"elementor-element elementor-element-1a7a46a elementor-widget elementor-widget-text-editor\" data-id=\"1a7a46a\" data-element_type=\"widget\" data-widget_type=\"text-editor.default\">\n\t\t\t\t<div class=\"elementor-widget-container\">\n\t\t\t\t\t\t\t<p>Razzi supports 4 different styles for displaying products on the shop page.<\/p>\t\t\t\t\t\t<\/div>\n\t\t\t\t<\/div>\n\t\t\t\t<div class=\"elementor-element elementor-element-3d5f1e4 elementor-widget elementor-widget-spacer\" data-id=\"3d5f1e4\" data-element_type=\"widget\" data-widget_type=\"spacer.default\">\n\t\t\t\t<div class=\"elementor-widget-container\">\n\t\t\t\t\t<div class=\"elementor-spacer\">\n\t\t\t<div class=\"elementor-spacer-inner\"><\/div>\n\t\t<\/div>\n\t\t\t\t<\/div>\n\t\t\t\t<\/div>\n\t\t\t\t<div class=\"elementor-element elementor-element-fb9e77b elementor-widget elementor-widget-razzi-products-grid\" data-id=\"fb9e77b\" data-element_type=\"widget\" data-settings=\"{&quot;per_page&quot;:8,&quot;columns&quot;:4,&quot;products&quot;:&quot;recent&quot;}\" data-widget_type=\"razzi-products-grid.default\">\n\t\t\t\t<div class=\"elementor-widget-container\">\n\t\t\t\t\t<div class=\"razzi-products-grid woocommerce\">\r\n\t\t\t<div class=\"product-content\"><ul class=\"products columns-4\">\n<li class=\"product type-product post-13948 status-publish first outofstock product_cat-klasicni-uhani has-post-thumbnail sold-individually purchasable product-type-simple\">\n\t<a href=\"https:\/\/shop.lilalom.com\/index.php\/izdelek\/klasicni-okrogli-uhani-z-kameleon-blescicami\/\" class=\"woocommerce-LoopProduct-link woocommerce-loop-product__link\"><img fetchpriority=\"high\" decoding=\"async\" width=\"670\" height=\"670\" src=\"https:\/\/shop.lilalom.com\/wp-content\/uploads\/2025\/03\/uhani-kameleon-roza-vijola-2-670x670.jpg\" class=\"attachment-woocommerce_thumbnail size-woocommerce_thumbnail\" alt=\"Klasi\u010dni okrogli uhani z kameleon ble\u0161\u010dicami\" srcset=\"https:\/\/shop.lilalom.com\/wp-content\/uploads\/2025\/03\/uhani-kameleon-roza-vijola-2-670x670.jpg 670w, https:\/\/shop.lilalom.com\/wp-content\/uploads\/2025\/03\/uhani-kameleon-roza-vijola-2-100x100.jpg 100w\" sizes=\"(max-width: 670px) 100vw, 670px\" \/><h2 class=\"woocommerce-loop-product__title\">Klasi\u010dni okrogli uhani z kameleon ble\u0161\u010dicami<\/h2>\n\t<span class=\"price\"><span class=\"woocommerce-Price-amount amount\"><bdi>12,00&nbsp;<span class=\"woocommerce-Price-currencySymbol\">&euro;<\/span><\/bdi><\/span><\/span>\n<\/a><a href=\"https:\/\/shop.lilalom.com\/index.php\/izdelek\/klasicni-okrogli-uhani-z-kameleon-blescicami\/\" aria-describedby=\"woocommerce_loop_add_to_cart_link_describedby_13948\" data-quantity=\"1\" class=\"button product_type_simple\" data-product_id=\"13948\" data-product_sku=\"UHAN-81\" aria-label=\"Preberite si ve\u010d o &ldquo;Klasi\u010dni okrogli uhani z kameleon ble\u0161\u010dicami&rdquo;\" rel=\"nofollow\" data-success_message=\"\">Beri dalje<\/a>\t<span id=\"woocommerce_loop_add_to_cart_link_describedby_13948\" class=\"screen-reader-text\">\n\t\t\t<\/span>\n<\/li>\n<li class=\"product type-product post-13945 status-publish instock product_cat-klasicni-uhani has-post-thumbnail sold-individually purchasable product-type-simple\">\n\t<a href=\"https:\/\/shop.lilalom.com\/index.php\/izdelek\/uhani-v-obliki-lune-z-kameleon-blescicami-kopija\/\" class=\"woocommerce-LoopProduct-link woocommerce-loop-product__link\"><img decoding=\"async\" width=\"670\" height=\"670\" src=\"https:\/\/shop.lilalom.com\/wp-content\/uploads\/2025\/03\/uhani-metulj-pink-2-670x670.jpg\" class=\"attachment-woocommerce_thumbnail size-woocommerce_thumbnail\" alt=\"Uhani v obliki metulja v roza tonih z kristal\u010dki\" srcset=\"https:\/\/shop.lilalom.com\/wp-content\/uploads\/2025\/03\/uhani-metulj-pink-2-670x670.jpg 670w, https:\/\/shop.lilalom.com\/wp-content\/uploads\/2025\/03\/uhani-metulj-pink-2-100x100.jpg 100w\" sizes=\"(max-width: 670px) 100vw, 670px\" \/><h2 class=\"woocommerce-loop-product__title\">Uhani v obliki metulja v roza tonih z kristal\u010dki<\/h2>\n\t<span class=\"price\"><span class=\"woocommerce-Price-amount amount\"><bdi>15,00&nbsp;<span class=\"woocommerce-Price-currencySymbol\">&euro;<\/span><\/bdi><\/span><\/span>\n<\/a><a href=\"?add-to-cart=13945\" aria-describedby=\"woocommerce_loop_add_to_cart_link_describedby_13945\" data-quantity=\"1\" class=\"button product_type_simple add_to_cart_button ajax_add_to_cart\" data-product_id=\"13945\" data-product_sku=\"UHAN-80\" aria-label=\"Dodaj v ko\u0161arico: &ldquo;Uhani v obliki metulja v roza tonih z kristal\u010dki&rdquo;\" rel=\"nofollow\" data-success_message=\"&ldquo;Uhani v obliki metulja v roza tonih z kristal\u010dki&rdquo; je bil dodan v va\u0161o ko\u0161arico\">Dodaj v ko\u0161arico<\/a>\t<span id=\"woocommerce_loop_add_to_cart_link_describedby_13945\" class=\"screen-reader-text\">\n\t\t\t<\/span>\n<\/li>\n<li class=\"product type-product post-13939 status-publish instock product_cat-klasicni-uhani has-post-thumbnail sold-individually purchasable product-type-simple\">\n\t<a href=\"https:\/\/shop.lilalom.com\/index.php\/izdelek\/uhani-v-obliki-lune-z-kameleon-blescicami\/\" class=\"woocommerce-LoopProduct-link woocommerce-loop-product__link\"><img decoding=\"async\" width=\"670\" height=\"670\" src=\"https:\/\/shop.lilalom.com\/wp-content\/uploads\/2025\/03\/uhani-luna-kameleon-blescice-2.jpg\" class=\"attachment-woocommerce_thumbnail size-woocommerce_thumbnail\" alt=\"Uhani v obliki lune z kameleon ble\u0161\u010dicami\" srcset=\"https:\/\/shop.lilalom.com\/wp-content\/uploads\/2025\/03\/uhani-luna-kameleon-blescice-2.jpg 2000w, https:\/\/shop.lilalom.com\/wp-content\/uploads\/2025\/03\/uhani-luna-kameleon-blescice-2-100x100.jpg 100w\" sizes=\"(max-width: 670px) 100vw, 670px\" \/><h2 class=\"woocommerce-loop-product__title\">Uhani v obliki lune z kameleon ble\u0161\u010dicami<\/h2>\n\t<span class=\"price\"><span class=\"woocommerce-Price-amount amount\"><bdi>12,00&nbsp;<span class=\"woocommerce-Price-currencySymbol\">&euro;<\/span><\/bdi><\/span><\/span>\n<\/a><a href=\"?add-to-cart=13939\" aria-describedby=\"woocommerce_loop_add_to_cart_link_describedby_13939\" data-quantity=\"1\" class=\"button product_type_simple add_to_cart_button ajax_add_to_cart\" data-product_id=\"13939\" data-product_sku=\"UHAN-79\" aria-label=\"Dodaj v ko\u0161arico: &ldquo;Uhani v obliki lune z kameleon ble\u0161\u010dicami&rdquo;\" rel=\"nofollow\" data-success_message=\"&ldquo;Uhani v obliki lune z kameleon ble\u0161\u010dicami&rdquo; je bil dodan v va\u0161o ko\u0161arico\">Dodaj v ko\u0161arico<\/a>\t<span id=\"woocommerce_loop_add_to_cart_link_describedby_13939\" class=\"screen-reader-text\">\n\t\t\t<\/span>\n<\/li>\n<li class=\"product type-product post-13936 status-publish last outofstock product_cat-klasicni-uhani has-post-thumbnail sold-individually purchasable product-type-simple\">\n\t<a href=\"https:\/\/shop.lilalom.com\/index.php\/izdelek\/vijolcni-uhani-z-cvetovi-spomincic\/\" class=\"woocommerce-LoopProduct-link woocommerce-loop-product__link\"><img loading=\"lazy\" decoding=\"async\" width=\"670\" height=\"670\" src=\"https:\/\/shop.lilalom.com\/wp-content\/uploads\/2025\/03\/uhani-z-spomincicami-1-670x670.jpg\" class=\"attachment-woocommerce_thumbnail size-woocommerce_thumbnail\" alt=\"Vijol\u010dni uhani z cvetovi spomin\u010dic\" srcset=\"https:\/\/shop.lilalom.com\/wp-content\/uploads\/2025\/03\/uhani-z-spomincicami-1-670x670.jpg 670w, https:\/\/shop.lilalom.com\/wp-content\/uploads\/2025\/03\/uhani-z-spomincicami-1-100x100.jpg 100w\" sizes=\"(max-width: 670px) 100vw, 670px\" \/><h2 class=\"woocommerce-loop-product__title\">Vijol\u010dni uhani z cvetovi spomin\u010dic<\/h2>\n\t<span class=\"price\"><span class=\"woocommerce-Price-amount amount\"><bdi>14,00&nbsp;<span class=\"woocommerce-Price-currencySymbol\">&euro;<\/span><\/bdi><\/span><\/span>\n<\/a><a href=\"https:\/\/shop.lilalom.com\/index.php\/izdelek\/vijolcni-uhani-z-cvetovi-spomincic\/\" aria-describedby=\"woocommerce_loop_add_to_cart_link_describedby_13936\" data-quantity=\"1\" class=\"button product_type_simple\" data-product_id=\"13936\" data-product_sku=\"UHAN-78\" aria-label=\"Preberite si ve\u010d o &ldquo;Vijol\u010dni uhani z cvetovi spomin\u010dic&rdquo;\" rel=\"nofollow\" data-success_message=\"\">Beri dalje<\/a>\t<span id=\"woocommerce_loop_add_to_cart_link_describedby_13936\" class=\"screen-reader-text\">\n\t\t\t<\/span>\n<\/li>\n<li class=\"product type-product post-13933 status-publish first instock product_cat-viseci-uhani has-post-thumbnail sold-individually purchasable product-type-simple\">\n\t<a href=\"https:\/\/shop.lilalom.com\/index.php\/izdelek\/dvodelni-viseci-uhani-z-v-svetleco-zeleno-modrih-tonih\/\" class=\"woocommerce-LoopProduct-link woocommerce-loop-product__link\"><img loading=\"lazy\" decoding=\"async\" width=\"670\" height=\"670\" src=\"https:\/\/shop.lilalom.com\/wp-content\/uploads\/2025\/03\/viseci-uhani-blescice-in-delci-roz-1-670x670.jpg\" class=\"attachment-woocommerce_thumbnail size-woocommerce_thumbnail\" alt=\"Dvodelni vise\u010di uhani v svetle\u010do zeleno-modrih tonih\" srcset=\"https:\/\/shop.lilalom.com\/wp-content\/uploads\/2025\/03\/viseci-uhani-blescice-in-delci-roz-1-670x670.jpg 670w, https:\/\/shop.lilalom.com\/wp-content\/uploads\/2025\/03\/viseci-uhani-blescice-in-delci-roz-1-100x100.jpg 100w\" sizes=\"(max-width: 670px) 100vw, 670px\" \/><h2 class=\"woocommerce-loop-product__title\">Dvodelni vise\u010di uhani v svetle\u010do zeleno-modrih tonih<\/h2>\n\t<span class=\"price\"><span class=\"woocommerce-Price-amount amount\"><bdi>22,00&nbsp;<span class=\"woocommerce-Price-currencySymbol\">&euro;<\/span><\/bdi><\/span><\/span>\n<\/a><a href=\"?add-to-cart=13933\" aria-describedby=\"woocommerce_loop_add_to_cart_link_describedby_13933\" data-quantity=\"1\" class=\"button product_type_simple add_to_cart_button ajax_add_to_cart\" data-product_id=\"13933\" data-product_sku=\"UHAN-77\" aria-label=\"Dodaj v ko\u0161arico: &ldquo;Dvodelni vise\u010di uhani v svetle\u010do zeleno-modrih tonih&rdquo;\" rel=\"nofollow\" data-success_message=\"&ldquo;Dvodelni vise\u010di uhani v svetle\u010do zeleno-modrih tonih&rdquo; je bil dodan v va\u0161o ko\u0161arico\">Dodaj v ko\u0161arico<\/a>\t<span id=\"woocommerce_loop_add_to_cart_link_describedby_13933\" class=\"screen-reader-text\">\n\t\t\t<\/span>\n<\/li>\n<li class=\"product type-product post-13822 status-publish instock product_cat-klasicni-uhani has-post-thumbnail sold-individually purchasable product-type-simple\">\n\t<a href=\"https:\/\/shop.lilalom.com\/index.php\/izdelek\/modri-uhani-v-obliki-zvezdice-z-blescicami-kopija\/\" class=\"woocommerce-LoopProduct-link woocommerce-loop-product__link\"><img loading=\"lazy\" decoding=\"async\" width=\"670\" height=\"670\" src=\"https:\/\/shop.lilalom.com\/wp-content\/uploads\/2025\/02\/zvezdica-uhani-modre-blescice-3-670x670.jpg\" class=\"attachment-woocommerce_thumbnail size-woocommerce_thumbnail\" alt=\"Modri uhani v obliki zvezdice z ble\u0161\u010dicami\" srcset=\"https:\/\/shop.lilalom.com\/wp-content\/uploads\/2025\/02\/zvezdica-uhani-modre-blescice-3-670x670.jpg 670w, https:\/\/shop.lilalom.com\/wp-content\/uploads\/2025\/02\/zvezdica-uhani-modre-blescice-3-100x100.jpg 100w\" sizes=\"(max-width: 670px) 100vw, 670px\" \/><h2 class=\"woocommerce-loop-product__title\">Modri uhani v obliki zvezdice z ble\u0161\u010dicami<\/h2>\n\t<span class=\"price\"><span class=\"woocommerce-Price-amount amount\"><bdi>13,00&nbsp;<span class=\"woocommerce-Price-currencySymbol\">&euro;<\/span><\/bdi><\/span><\/span>\n<\/a><a href=\"?add-to-cart=13822\" aria-describedby=\"woocommerce_loop_add_to_cart_link_describedby_13822\" data-quantity=\"1\" class=\"button product_type_simple add_to_cart_button ajax_add_to_cart\" data-product_id=\"13822\" data-product_sku=\"UHAN-76\" aria-label=\"Dodaj v ko\u0161arico: &ldquo;Modri uhani v obliki zvezdice z ble\u0161\u010dicami&rdquo;\" rel=\"nofollow\" data-success_message=\"&ldquo;Modri uhani v obliki zvezdice z ble\u0161\u010dicami&rdquo; je bil dodan v va\u0161o ko\u0161arico\">Dodaj v ko\u0161arico<\/a>\t<span id=\"woocommerce_loop_add_to_cart_link_describedby_13822\" class=\"screen-reader-text\">\n\t\t\t<\/span>\n<\/li>\n<li class=\"product type-product post-13817 status-publish instock product_cat-klasicni-uhani has-post-thumbnail sold-individually purchasable product-type-simple\">\n\t<a href=\"https:\/\/shop.lilalom.com\/index.php\/izdelek\/elegantni-modri-okrogli-uhani-z-blescicami\/\" class=\"woocommerce-LoopProduct-link woocommerce-loop-product__link\"><img loading=\"lazy\" decoding=\"async\" width=\"670\" height=\"670\" src=\"https:\/\/shop.lilalom.com\/wp-content\/uploads\/2025\/02\/modri-okrogli-uhani-z-blescicami-1-670x670.jpg\" class=\"attachment-woocommerce_thumbnail size-woocommerce_thumbnail\" alt=\"Elegantni modri okrogli uhani z ble\u0161\u010dicami\" srcset=\"https:\/\/shop.lilalom.com\/wp-content\/uploads\/2025\/02\/modri-okrogli-uhani-z-blescicami-1-670x670.jpg 670w, https:\/\/shop.lilalom.com\/wp-content\/uploads\/2025\/02\/modri-okrogli-uhani-z-blescicami-1-100x100.jpg 100w\" sizes=\"(max-width: 670px) 100vw, 670px\" \/><h2 class=\"woocommerce-loop-product__title\">Elegantni modri okrogli uhani z ble\u0161\u010dicami<\/h2>\n\t<span class=\"price\"><span class=\"woocommerce-Price-amount amount\"><bdi>12,00&nbsp;<span class=\"woocommerce-Price-currencySymbol\">&euro;<\/span><\/bdi><\/span><\/span>\n<\/a><a href=\"?add-to-cart=13817\" aria-describedby=\"woocommerce_loop_add_to_cart_link_describedby_13817\" data-quantity=\"1\" class=\"button product_type_simple add_to_cart_button ajax_add_to_cart\" data-product_id=\"13817\" data-product_sku=\"UHAN-75\" aria-label=\"Dodaj v ko\u0161arico: &ldquo;Elegantni modri okrogli uhani z ble\u0161\u010dicami&rdquo;\" rel=\"nofollow\" data-success_message=\"&ldquo;Elegantni modri okrogli uhani z ble\u0161\u010dicami&rdquo; je bil dodan v va\u0161o ko\u0161arico\">Dodaj v ko\u0161arico<\/a>\t<span id=\"woocommerce_loop_add_to_cart_link_describedby_13817\" class=\"screen-reader-text\">\n\t\t\t<\/span>\n<\/li>\n<li class=\"product type-product post-13813 status-publish last instock product_cat-klasicni-uhani has-post-thumbnail sold-individually purchasable product-type-simple\">\n\t<a href=\"https:\/\/shop.lilalom.com\/index.php\/izdelek\/elegantni-modri-trikotni-uhani-z-blescicami\/\" class=\"woocommerce-LoopProduct-link woocommerce-loop-product__link\"><img loading=\"lazy\" decoding=\"async\" width=\"670\" height=\"670\" src=\"https:\/\/shop.lilalom.com\/wp-content\/uploads\/2025\/02\/trikotni-uhani-modri-3-670x670.jpg\" class=\"attachment-woocommerce_thumbnail size-woocommerce_thumbnail\" alt=\"Elegantni modri trikotni uhani z ble\u0161\u010dicami\" srcset=\"https:\/\/shop.lilalom.com\/wp-content\/uploads\/2025\/02\/trikotni-uhani-modri-3-670x670.jpg 670w, https:\/\/shop.lilalom.com\/wp-content\/uploads\/2025\/02\/trikotni-uhani-modri-3-100x100.jpg 100w\" sizes=\"(max-width: 670px) 100vw, 670px\" \/><h2 class=\"woocommerce-loop-product__title\">Elegantni modri trikotni uhani z ble\u0161\u010dicami<\/h2>\n\t<span class=\"price\"><span class=\"woocommerce-Price-amount amount\"><bdi>13,00&nbsp;<span class=\"woocommerce-Price-currencySymbol\">&euro;<\/span><\/bdi><\/span><\/span>\n<\/a><a href=\"?add-to-cart=13813\" aria-describedby=\"woocommerce_loop_add_to_cart_link_describedby_13813\" data-quantity=\"1\" class=\"button product_type_simple add_to_cart_button ajax_add_to_cart\" data-product_id=\"13813\" data-product_sku=\"UHAN-74\" aria-label=\"Dodaj v ko\u0161arico: &ldquo;Elegantni modri trikotni uhani z ble\u0161\u010dicami&rdquo;\" rel=\"nofollow\" data-success_message=\"&ldquo;Elegantni modri trikotni uhani z ble\u0161\u010dicami&rdquo; je bil dodan v va\u0161o ko\u0161arico\">Dodaj v ko\u0161arico<\/a>\t<span id=\"woocommerce_loop_add_to_cart_link_describedby_13813\" class=\"screen-reader-text\">\n\t\t\t<\/span>\n<\/li>\n<\/ul>\n<\/div><a href=\"#\" class=\"ajax-load-products razzi-button button-larger \" data-page=\"2\" rel=\"nofollow\">\r\n\t\t\t\t\t\t\t\t\t<span class=\"button-text\">Load More<\/span>\r\n\t\t\t\t\t\t\t\t\t<span class=\"dots razzi-gooey\">\r\n\t\t\t\t\t\t\t\t\t\t<span><\/span>\r\n\t\t\t\t\t\t\t\t\t\t<span><\/span>\r\n\t\t\t\t\t\t\t\t\t\t<span><\/span>\r\n\t\t\t\t\t\t\t\t\t<\/span>\r\n\t\t\t\t\t\t\t\t<\/a>\t\t<\/div>\r\n\t\t\t\t<\/div>\n\t\t\t\t<\/div>\n\t\t\t\t\t<\/div>\n\t\t<\/div>\n\t\t\t\t\t<\/div>\n\t\t<\/section>\n\t\t\t\t<\/div>\n\t\t","protected":false},"excerpt":{"rendered":"<p>Product Hover Style Razzi supports 4 different styles for displaying products on the shop page. Add to cart Quick View Wishlist Accessories Soft Flap Crossbody &pound;&nbsp;36.85 Add to cart Add to cart Quick View Wishlist Sale! Kids Hiking Boots &pound;&nbsp;56.87 &pound;&nbsp;32.50 Add to cart Add to cart Quick View Wishlist Sale! Kids Preschool Flex Runner [&hellip;]<\/p>\n","protected":false},"author":1,"featured_media":0,"parent":0,"menu_order":0,"comment_status":"closed","ping_status":"closed","template":"","meta":{"_eb_attr":"","footnotes":""},"class_list":["post-7210","page","type-page","status-publish","hentry"],"jetpack_sharing_enabled":true,"_links":{"self":[{"href":"https:\/\/shop.lilalom.com\/index.php\/wp-json\/wp\/v2\/pages\/7210","targetHints":{"allow":["GET"]}}],"collection":[{"href":"https:\/\/shop.lilalom.com\/index.php\/wp-json\/wp\/v2\/pages"}],"about":[{"href":"https:\/\/shop.lilalom.com\/index.php\/wp-json\/wp\/v2\/types\/page"}],"author":[{"embeddable":true,"href":"https:\/\/shop.lilalom.com\/index.php\/wp-json\/wp\/v2\/users\/1"}],"replies":[{"embeddable":true,"href":"https:\/\/shop.lilalom.com\/index.php\/wp-json\/wp\/v2\/comments?post=7210"}],"version-history":[{"count":0,"href":"https:\/\/shop.lilalom.com\/index.php\/wp-json\/wp\/v2\/pages\/7210\/revisions"}],"wp:attachment":[{"href":"https:\/\/shop.lilalom.com\/index.php\/wp-json\/wp\/v2\/media?parent=7210"}],"curies":[{"name":"wp","href":"https:\/\/api.w.org\/{rel}","templated":true}]}}