{"id":12194,"date":"2024-06-02T20:39:56","date_gmt":"2024-06-02T18:39:56","guid":{"rendered":"https:\/\/shop.lilalom.com\/?post_type=product&#038;p=12194"},"modified":"2024-06-03T20:02:48","modified_gmt":"2024-06-03T18:02:48","slug":"ogrlica-z-obeskom-iz-vrtnice","status":"publish","type":"product","link":"https:\/\/shop.lilalom.com\/index.php\/izdelek\/ogrlica-z-obeskom-iz-vrtnice\/","title":{"rendered":"Ogrlica z pravim cvetom hortenzije"},"content":{"rendered":"<p data-sourcepos=\"3:1-3:23\">I\u0161\u010dete edinstven in \u010dudovit nakit, ki bo izstopal od mno\u017eice? Potem ne i\u0161\u010dite dlje, ta osupljiva ogrlica z pravim cvetom hortenzije je prava umetnina, ki zdru\u017euje lepoto narave s sodobnim dizajnom.<\/p>\n<p data-sourcepos=\"5:1-5:29\"><strong>Zakaj izbrati to ogrlico?<\/strong><\/p>\n<ul data-sourcepos=\"7:1-7:35\">\n<li data-sourcepos=\"7:1-7:35\"><strong>Edinstven dizajn:<\/strong> Vsak cvet hortenzije je edinstven, kar pomeni, da je tudi va\u0161a ogrlica edinstvena. Nosite s seboj ko\u0161\u010dek narave, ki ga ni nikjer drugje na svetu.<\/li>\n<li data-sourcepos=\"8:1-8:153\"><strong>Naravni materiali:<\/strong> Izdelana iz nerjave\u010dega jekla in pravega cveta hortenzije, je ta ogrlica hipoalergenska in ne\u017ena do va\u0161e ko\u017ee. Lahko ste prepri\u010dani, da boste u\u017eivali v njej \u0161e dolga leta.<\/li>\n<li data-sourcepos=\"9:1-9:169\"><strong>Ro\u010dno izdelano z ljubeznijo:<\/strong> Vsaka ogrlica je skrbno ro\u010dno izdelana z veliko pozornostjo do detajlov. Lahko ste prepri\u010dani, da prejmete izdelek najvi\u0161je kakovosti.<\/li>\n<li data-sourcepos=\"10:1-10:188\"><strong>Popolna za vsako prilo\u017enost:<\/strong> Ne glede na to, ali se odpravljate na posebno prilo\u017enost ali pa \u017eelite le dodati kan\u010dek elegance svojemu vsakdanjemu slogu, je ta ogrlica popolna izbira.<\/li>\n<li data-sourcepos=\"11:1-12:0\"><strong>Odli\u010dno darilo:<\/strong> Ta \u010dudovita ogrlica je premi\u0161ljeno in izvirno darilo za vsako \u017eensko, ki ceni lepoto narave in ro\u010dno izdelanih izdelkov.<\/li>\n<\/ul>\n<p data-sourcepos=\"13:1-13:24\"><strong>Dodatne informacije:<\/strong><\/p>\n<ul data-sourcepos=\"15:1-17:1\">\n<li data-sourcepos=\"15:1-15:50\">Material: Nerjave\u010de jeklo, pravi cvet hortenzije<\/li>\n<li data-sourcepos=\"16:1-16:59\">Barva: Srebrna, barva cveta hortenzije se lahko razlikuje<\/li>\n<li data-sourcepos=\"17:1-17:1\">Dimenzije: Dol\u017eina ogrlice 49 cm, velikost obeska 4 cm<\/li>\n<li data-sourcepos=\"20:1-21:0\">Zapiranje: Karabinska zaponka<\/li>\n<\/ul>\n","protected":false},"excerpt":{"rendered":"<p>I\u0161\u010dete edinstven in \u010dudovit nakit, ki bo izstopal od mno\u017eice? Potem ne i\u0161\u010dite dlje, ta osupljiva ogrlica z pravim cvetom hortenzije je prava umetnina, ki zdru\u017euje lepoto narave s sodobnim dizajnom. Zakaj izbrati to ogrlico? Edinstven dizajn: Vsak cvet hortenzije je edinstven, kar pomeni, da je tudi va\u0161a ogrlica edinstvena. Nosite s seboj ko\u0161\u010dek narave, [&hellip;]<\/p>\n","protected":false},"featured_media":13015,"comment_status":"open","ping_status":"closed","template":"","meta":{"_eb_attr":""},"product_cat":[23],"product_tag":[],"class_list":{"0":"post-12194","1":"product","2":"type-product","3":"status-publish","4":"has-post-thumbnail","6":"product_cat-ogrlice","8":"first","9":"instock","10":"sold-individually","11":"purchasable","12":"product-type-simple"},"jetpack_sharing_enabled":true,"_links":{"self":[{"href":"https:\/\/shop.lilalom.com\/index.php\/wp-json\/wp\/v2\/product\/12194","targetHints":{"allow":["GET"]}}],"collection":[{"href":"https:\/\/shop.lilalom.com\/index.php\/wp-json\/wp\/v2\/product"}],"about":[{"href":"https:\/\/shop.lilalom.com\/index.php\/wp-json\/wp\/v2\/types\/product"}],"replies":[{"embeddable":true,"href":"https:\/\/shop.lilalom.com\/index.php\/wp-json\/wp\/v2\/comments?post=12194"}],"wp:featuredmedia":[{"embeddable":true,"href":"https:\/\/shop.lilalom.com\/index.php\/wp-json\/wp\/v2\/media\/13015"}],"wp:attachment":[{"href":"https:\/\/shop.lilalom.com\/index.php\/wp-json\/wp\/v2\/media?parent=12194"}],"wp:term":[{"taxonomy":"product_cat","embeddable":true,"href":"https:\/\/shop.lilalom.com\/index.php\/wp-json\/wp\/v2\/product_cat?post=12194"},{"taxonomy":"product_tag","embeddable":true,"href":"https:\/\/shop.lilalom.com\/index.php\/wp-json\/wp\/v2\/product_tag?post=12194"}],"curies":[{"name":"wp","href":"https:\/\/api.w.org\/{rel}","templated":true}]}}