{"id":12204,"date":"2022-12-04T20:57:05","date_gmt":"2022-12-04T19:57:05","guid":{"rendered":"https:\/\/shop.lilalom.com\/?post_type=product&#038;p=12204"},"modified":"2024-01-11T14:25:54","modified_gmt":"2024-01-11T13:25:54","slug":"prozorna-ogrlica-z-obeskom-iz-cveta","status":"publish","type":"product","link":"https:\/\/shop.lilalom.com\/index.php\/izdelek\/prozorna-ogrlica-z-obeskom-iz-cveta\/","title":{"rendered":"Ogrlica z medaljonom iz cveta okrasne grmovnice"},"content":{"rendered":"<p>Ogrlica z obeskom z cvetom okrasne grmovnice. Izdelana je iz ekolo\u0161ke epoksi smole.<br \/>\nVelikost obeska je pribli\u017eno 5 x 4 cm. Ogrlica je iz usnja in je dol\u017eine cca 45 cm.<\/p>\n","protected":false},"excerpt":{"rendered":"<p>Ogrlica z obeskom z cvetom okrasne grmovnice. Izdelana je iz ekolo\u0161ke epoksi smole. Velikost obeska je pribli\u017eno 5 x 4 cm. Ogrlica je iz usnja in je dol\u017eine cca 45 cm.<\/p>\n","protected":false},"featured_media":12205,"comment_status":"open","ping_status":"closed","template":"","meta":{"_eb_attr":""},"product_cat":[23],"product_tag":[],"class_list":{"0":"post-12204","1":"product","2":"type-product","3":"status-publish","4":"has-post-thumbnail","6":"product_cat-ogrlice","8":"first","9":"instock","10":"sale","11":"sold-individually","12":"purchasable","13":"product-type-simple"},"jetpack_sharing_enabled":true,"_links":{"self":[{"href":"https:\/\/shop.lilalom.com\/index.php\/wp-json\/wp\/v2\/product\/12204","targetHints":{"allow":["GET"]}}],"collection":[{"href":"https:\/\/shop.lilalom.com\/index.php\/wp-json\/wp\/v2\/product"}],"about":[{"href":"https:\/\/shop.lilalom.com\/index.php\/wp-json\/wp\/v2\/types\/product"}],"replies":[{"embeddable":true,"href":"https:\/\/shop.lilalom.com\/index.php\/wp-json\/wp\/v2\/comments?post=12204"}],"wp:featuredmedia":[{"embeddable":true,"href":"https:\/\/shop.lilalom.com\/index.php\/wp-json\/wp\/v2\/media\/12205"}],"wp:attachment":[{"href":"https:\/\/shop.lilalom.com\/index.php\/wp-json\/wp\/v2\/media?parent=12204"}],"wp:term":[{"taxonomy":"product_cat","embeddable":true,"href":"https:\/\/shop.lilalom.com\/index.php\/wp-json\/wp\/v2\/product_cat?post=12204"},{"taxonomy":"product_tag","embeddable":true,"href":"https:\/\/shop.lilalom.com\/index.php\/wp-json\/wp\/v2\/product_tag?post=12204"}],"curies":[{"name":"wp","href":"https:\/\/api.w.org\/{rel}","templated":true}]}}