{"id":12213,"date":"2022-12-04T21:09:31","date_gmt":"2022-12-04T20:09:31","guid":{"rendered":"https:\/\/shop.lilalom.com\/?post_type=product&#038;p=12213"},"modified":"2024-10-29T21:27:52","modified_gmt":"2024-10-29T20:27:52","slug":"ogrlica-z-obeskom-iz-hibiscusa-in-maha","status":"publish","type":"product","link":"https:\/\/shop.lilalom.com\/index.php\/izdelek\/ogrlica-z-obeskom-iz-hibiscusa-in-maha\/","title":{"rendered":"Ogrlica z medaljonom iz hibiscusa in maha"},"content":{"rendered":"<p>Ogrlica z medaljonom iz hibiscusa in maha. Izdelana je iz ekolo\u0161ke epoksi smole.<br \/>\nVelikost obeska je pribli\u017eno 5 x 4 cm. Ogrlica je iz usnja v+dol\u017eine pribli\u017eno 45 cm. Vsi kovinski deli so iz nerjave\u010dega jekla, katero ne povzro\u010da alergij.<\/p>\n","protected":false},"excerpt":{"rendered":"<p>Ogrlica z medaljonom iz hibiscusa in maha. Izdelana je iz ekolo\u0161ke epoksi smole. Velikost obeska je pribli\u017eno 5 x 4 cm. Ogrlica je iz usnja v+dol\u017eine pribli\u017eno 45 cm. Vsi kovinski deli so iz nerjave\u010dega jekla, katero ne povzro\u010da alergij.<\/p>\n","protected":false},"featured_media":12217,"comment_status":"open","ping_status":"closed","template":"","meta":{"_eb_attr":""},"product_cat":[23],"product_tag":[],"class_list":{"0":"post-12213","1":"product","2":"type-product","3":"status-publish","4":"has-post-thumbnail","6":"product_cat-ogrlice","8":"first","9":"instock","10":"sale","11":"sold-individually","12":"purchasable","13":"product-type-simple"},"jetpack_sharing_enabled":true,"_links":{"self":[{"href":"https:\/\/shop.lilalom.com\/index.php\/wp-json\/wp\/v2\/product\/12213","targetHints":{"allow":["GET"]}}],"collection":[{"href":"https:\/\/shop.lilalom.com\/index.php\/wp-json\/wp\/v2\/product"}],"about":[{"href":"https:\/\/shop.lilalom.com\/index.php\/wp-json\/wp\/v2\/types\/product"}],"replies":[{"embeddable":true,"href":"https:\/\/shop.lilalom.com\/index.php\/wp-json\/wp\/v2\/comments?post=12213"}],"wp:featuredmedia":[{"embeddable":true,"href":"https:\/\/shop.lilalom.com\/index.php\/wp-json\/wp\/v2\/media\/12217"}],"wp:attachment":[{"href":"https:\/\/shop.lilalom.com\/index.php\/wp-json\/wp\/v2\/media?parent=12213"}],"wp:term":[{"taxonomy":"product_cat","embeddable":true,"href":"https:\/\/shop.lilalom.com\/index.php\/wp-json\/wp\/v2\/product_cat?post=12213"},{"taxonomy":"product_tag","embeddable":true,"href":"https:\/\/shop.lilalom.com\/index.php\/wp-json\/wp\/v2\/product_tag?post=12213"}],"curies":[{"name":"wp","href":"https:\/\/api.w.org\/{rel}","templated":true}]}}