{"id":12269,"date":"2022-12-15T18:38:17","date_gmt":"2022-12-15T17:38:17","guid":{"rendered":"https:\/\/shop.lilalom.com\/?post_type=product&#038;p=12269"},"modified":"2024-12-14T12:27:49","modified_gmt":"2024-12-14T11:27:49","slug":"obesek-za-kjuce-z-gobo","status":"publish","type":"product","link":"https:\/\/shop.lilalom.com\/index.php\/izdelek\/obesek-za-kjuce-z-gobo\/","title":{"rendered":"Obesek za kju\u010de ali torbo z gobo"},"content":{"rendered":"<p>Dodajte pridih narave svojemu vsakdanu z na\u0161im obeskom za torbo ali klju\u010de, okra\u0161enim z motivom gobe. Ta edinstven obesek je kot nala\u0161\u010d za ljubitelje narave in vse, ki \u017eelijo popestriti svoje klju\u010de ali torbo s kan\u010dkom posebnosti.<\/p>\n<p><strong>Podrobnosti izdelka:<\/strong><\/p>\n<ul>\n<li><strong>Velikost obeska:<\/strong> 42 mm, kar zagotavlja opazno in estetsko prisotnost.<\/li>\n<li><strong>Material:<\/strong> Vsi deli so iz nerjave\u010dega jekla, kar zagotavlja trajnost in odpornost proti rji, ter varnost za ob\u010dutljivo ko\u017eo.<\/li>\n<li><strong>Uporaba:<\/strong> Primeren za klju\u010de ali torbo, kar omogo\u010da enostavno prena\u0161anje in dekoracijo va\u0161ih osebnih predmetov.<\/li>\n<\/ul>\n<p><strong>Zakaj izbrati na\u0161 obesek za torbo ali klju\u010de?<\/strong><\/p>\n<ul>\n<li><strong>Naravni motiv:<\/strong> Motiv gobe prina\u0161a kan\u010dek narave kamorkoli greste.<\/li>\n<li><strong>Visokokakovostni materiali:<\/strong> Nerjave\u010de jeklo zagotavlja dolgotrajnost in varnost za no\u0161enje.<\/li>\n<li><strong>Vsakodnevna eleganca:<\/strong> Ta obesek je idealen za vsakodnevno uporabo, saj doda poseben pridih va\u0161im klju\u010dem ali torbi.<\/li>\n<\/ul>\n","protected":false},"excerpt":{"rendered":"<p>Dodajte pridih narave svojemu vsakdanu z na\u0161im obeskom za torbo ali klju\u010de, okra\u0161enim z motivom gobe. Ta edinstven obesek je kot nala\u0161\u010d za ljubitelje narave in vse, ki \u017eelijo popestriti svoje klju\u010de ali torbo s kan\u010dkom posebnosti. Podrobnosti izdelka: Velikost obeska: 42 mm, kar zagotavlja opazno in estetsko prisotnost. Material: Vsi deli so iz nerjave\u010dega [&hellip;]<\/p>\n","protected":false},"featured_media":12270,"comment_status":"open","ping_status":"closed","template":"","meta":{"_eb_attr":""},"product_cat":[46],"product_tag":[],"class_list":{"0":"post-12269","1":"product","2":"type-product","3":"status-publish","4":"has-post-thumbnail","6":"product_cat-obeski-za-kjuce","8":"first","9":"instock","10":"sold-individually","11":"purchasable","12":"product-type-simple"},"jetpack_sharing_enabled":true,"_links":{"self":[{"href":"https:\/\/shop.lilalom.com\/index.php\/wp-json\/wp\/v2\/product\/12269","targetHints":{"allow":["GET"]}}],"collection":[{"href":"https:\/\/shop.lilalom.com\/index.php\/wp-json\/wp\/v2\/product"}],"about":[{"href":"https:\/\/shop.lilalom.com\/index.php\/wp-json\/wp\/v2\/types\/product"}],"replies":[{"embeddable":true,"href":"https:\/\/shop.lilalom.com\/index.php\/wp-json\/wp\/v2\/comments?post=12269"}],"wp:featuredmedia":[{"embeddable":true,"href":"https:\/\/shop.lilalom.com\/index.php\/wp-json\/wp\/v2\/media\/12270"}],"wp:attachment":[{"href":"https:\/\/shop.lilalom.com\/index.php\/wp-json\/wp\/v2\/media?parent=12269"}],"wp:term":[{"taxonomy":"product_cat","embeddable":true,"href":"https:\/\/shop.lilalom.com\/index.php\/wp-json\/wp\/v2\/product_cat?post=12269"},{"taxonomy":"product_tag","embeddable":true,"href":"https:\/\/shop.lilalom.com\/index.php\/wp-json\/wp\/v2\/product_tag?post=12269"}],"curies":[{"name":"wp","href":"https:\/\/api.w.org\/{rel}","templated":true}]}}