{"id":12278,"date":"2023-01-02T23:29:55","date_gmt":"2023-01-02T22:29:55","guid":{"rendered":"https:\/\/shop.lilalom.com\/?post_type=product&#038;p=12278"},"modified":"2024-03-28T10:34:44","modified_gmt":"2024-03-28T09:34:44","slug":"viseci-uhani-beli-metulj","status":"publish","type":"product","link":"https:\/\/shop.lilalom.com\/index.php\/izdelek\/viseci-uhani-beli-metulj\/","title":{"rendered":"Vise\u010di uhani beli metulj"},"content":{"rendered":"<p>Beli vise\u010di uhani v obliki metulja.<br \/>\nVelikost uhanov je 20 x 14 mm. Izdelani so iz ekolo\u0161ke smole in nerjave\u010dega jekla.<br \/>\nZa zatikanje prejmete tudi silikonske \u010depke.<\/p>\n","protected":false},"excerpt":{"rendered":"<p>Beli vise\u010di uhani v obliki metulja. Velikost uhanov je 20 x 14 mm. Izdelani so iz ekolo\u0161ke smole in nerjave\u010dega jekla. Za zatikanje prejmete tudi silikonske \u010depke.<\/p>\n","protected":false},"featured_media":12279,"comment_status":"open","ping_status":"closed","template":"","meta":{"_eb_attr":""},"product_cat":[199],"product_tag":[],"class_list":{"0":"post-12278","1":"product","2":"type-product","3":"status-publish","4":"has-post-thumbnail","6":"product_cat-viseci-uhani","8":"first","9":"instock","10":"sold-individually","11":"purchasable","12":"product-type-simple"},"jetpack_sharing_enabled":true,"_links":{"self":[{"href":"https:\/\/shop.lilalom.com\/index.php\/wp-json\/wp\/v2\/product\/12278","targetHints":{"allow":["GET"]}}],"collection":[{"href":"https:\/\/shop.lilalom.com\/index.php\/wp-json\/wp\/v2\/product"}],"about":[{"href":"https:\/\/shop.lilalom.com\/index.php\/wp-json\/wp\/v2\/types\/product"}],"replies":[{"embeddable":true,"href":"https:\/\/shop.lilalom.com\/index.php\/wp-json\/wp\/v2\/comments?post=12278"}],"wp:featuredmedia":[{"embeddable":true,"href":"https:\/\/shop.lilalom.com\/index.php\/wp-json\/wp\/v2\/media\/12279"}],"wp:attachment":[{"href":"https:\/\/shop.lilalom.com\/index.php\/wp-json\/wp\/v2\/media?parent=12278"}],"wp:term":[{"taxonomy":"product_cat","embeddable":true,"href":"https:\/\/shop.lilalom.com\/index.php\/wp-json\/wp\/v2\/product_cat?post=12278"},{"taxonomy":"product_tag","embeddable":true,"href":"https:\/\/shop.lilalom.com\/index.php\/wp-json\/wp\/v2\/product_tag?post=12278"}],"curies":[{"name":"wp","href":"https:\/\/api.w.org\/{rel}","templated":true}]}}