{"id":12288,"date":"2023-01-11T20:36:55","date_gmt":"2023-01-11T19:36:55","guid":{"rendered":"https:\/\/shop.lilalom.com\/?post_type=product&#038;p=12288"},"modified":"2024-08-22T10:02:28","modified_gmt":"2024-08-22T08:02:28","slug":"zapestnica-laguna","status":"publish","type":"product","link":"https:\/\/shop.lilalom.com\/index.php\/izdelek\/zapestnica-laguna\/","title":{"rendered":"Zapestnica laguna"},"content":{"rendered":"<p>Elegantna zapestnica z medaljon\u010dkom.<br \/>\nVsi deli na zapestnici so iz nerjave\u010dega jekla, katero ne povzro\u010da alergij.<\/p>\n<p>Velikost medaljona je 15 mm, dol\u017eina zapestnice je pribli\u017eno 18 cm z podalj\u0161kom.<\/p>\n","protected":false},"excerpt":{"rendered":"<p>Elegantna zapestnica z medaljon\u010dkom. Vsi deli na zapestnici so iz nerjave\u010dega jekla, katero ne povzro\u010da alergij. Velikost medaljona je 15 mm, dol\u017eina zapestnice je pribli\u017eno 18 cm z podalj\u0161kom.<\/p>\n","protected":false},"featured_media":12291,"comment_status":"open","ping_status":"closed","template":"","meta":{"_eb_attr":""},"product_cat":[24],"product_tag":[],"class_list":{"0":"post-12288","1":"product","2":"type-product","3":"status-publish","4":"has-post-thumbnail","6":"product_cat-zapestnice","8":"first","9":"instock","10":"sold-individually","11":"purchasable","12":"product-type-simple"},"jetpack_sharing_enabled":true,"_links":{"self":[{"href":"https:\/\/shop.lilalom.com\/index.php\/wp-json\/wp\/v2\/product\/12288","targetHints":{"allow":["GET"]}}],"collection":[{"href":"https:\/\/shop.lilalom.com\/index.php\/wp-json\/wp\/v2\/product"}],"about":[{"href":"https:\/\/shop.lilalom.com\/index.php\/wp-json\/wp\/v2\/types\/product"}],"replies":[{"embeddable":true,"href":"https:\/\/shop.lilalom.com\/index.php\/wp-json\/wp\/v2\/comments?post=12288"}],"wp:featuredmedia":[{"embeddable":true,"href":"https:\/\/shop.lilalom.com\/index.php\/wp-json\/wp\/v2\/media\/12291"}],"wp:attachment":[{"href":"https:\/\/shop.lilalom.com\/index.php\/wp-json\/wp\/v2\/media?parent=12288"}],"wp:term":[{"taxonomy":"product_cat","embeddable":true,"href":"https:\/\/shop.lilalom.com\/index.php\/wp-json\/wp\/v2\/product_cat?post=12288"},{"taxonomy":"product_tag","embeddable":true,"href":"https:\/\/shop.lilalom.com\/index.php\/wp-json\/wp\/v2\/product_tag?post=12288"}],"curies":[{"name":"wp","href":"https:\/\/api.w.org\/{rel}","templated":true}]}}