{"id":12292,"date":"2023-01-11T20:45:26","date_gmt":"2023-01-11T19:45:26","guid":{"rendered":"https:\/\/shop.lilalom.com\/?post_type=product&#038;p=12292"},"modified":"2023-03-16T22:23:52","modified_gmt":"2023-03-16T21:23:52","slug":"zapestnica-rdece-oko","status":"publish","type":"product","link":"https:\/\/shop.lilalom.com\/index.php\/izdelek\/zapestnica-rdece-oko\/","title":{"rendered":"Zapestnica rde\u010de oko"},"content":{"rendered":"<p>Zapestnica za vsako prilo\u017enost\u00a0 z medaljon\u010dkom \u017eivo rde\u010de barve.<br \/>\nVsi deli na zapestnici so iz nerjave\u010dega jekla, katero ne povzro\u010da alergij.<\/p>\n<p>Velikost medaljona je 12 mm, dol\u017eina zapestnice je pribli\u017eno 19 cm z podalj\u0161kom.<\/p>\n","protected":false},"excerpt":{"rendered":"<p>Zapestnica za vsako prilo\u017enost\u00a0 z medaljon\u010dkom \u017eivo rde\u010de barve. Vsi deli na zapestnici so iz nerjave\u010dega jekla, katero ne povzro\u010da alergij. Velikost medaljona je 12 mm, dol\u017eina zapestnice je pribli\u017eno 19 cm z podalj\u0161kom.<\/p>\n","protected":false},"featured_media":12294,"comment_status":"open","ping_status":"closed","template":"","meta":{"_eb_attr":""},"product_cat":[24],"product_tag":[],"class_list":{"0":"post-12292","1":"product","2":"type-product","3":"status-publish","4":"has-post-thumbnail","6":"product_cat-zapestnice","8":"first","9":"instock","10":"sold-individually","11":"purchasable","12":"product-type-simple"},"jetpack_sharing_enabled":true,"_links":{"self":[{"href":"https:\/\/shop.lilalom.com\/index.php\/wp-json\/wp\/v2\/product\/12292","targetHints":{"allow":["GET"]}}],"collection":[{"href":"https:\/\/shop.lilalom.com\/index.php\/wp-json\/wp\/v2\/product"}],"about":[{"href":"https:\/\/shop.lilalom.com\/index.php\/wp-json\/wp\/v2\/types\/product"}],"replies":[{"embeddable":true,"href":"https:\/\/shop.lilalom.com\/index.php\/wp-json\/wp\/v2\/comments?post=12292"}],"wp:featuredmedia":[{"embeddable":true,"href":"https:\/\/shop.lilalom.com\/index.php\/wp-json\/wp\/v2\/media\/12294"}],"wp:attachment":[{"href":"https:\/\/shop.lilalom.com\/index.php\/wp-json\/wp\/v2\/media?parent=12292"}],"wp:term":[{"taxonomy":"product_cat","embeddable":true,"href":"https:\/\/shop.lilalom.com\/index.php\/wp-json\/wp\/v2\/product_cat?post=12292"},{"taxonomy":"product_tag","embeddable":true,"href":"https:\/\/shop.lilalom.com\/index.php\/wp-json\/wp\/v2\/product_tag?post=12292"}],"curies":[{"name":"wp","href":"https:\/\/api.w.org\/{rel}","templated":true}]}}