{"id":12300,"date":"2024-08-16T15:17:04","date_gmt":"2024-08-16T13:17:04","guid":{"rendered":"https:\/\/shop.lilalom.com\/?post_type=product&#038;p=12300"},"modified":"2024-08-26T15:15:48","modified_gmt":"2024-08-26T13:15:48","slug":"zapestnica","status":"publish","type":"product","link":"https:\/\/shop.lilalom.com\/index.php\/izdelek\/zapestnica\/","title":{"rendered":"Zapestnica z cvetom spiraneje"},"content":{"rendered":"<p>Dodajte pridih elegance svojemu videzu s to \u010dudovito zapestnico, ki vsebuje cvet prave spiraneje, ujet v ekolo\u0161ko smolo. Zapestnica je izdelana iz kakovostnega nerjave\u010dega jekla, kar zagotavlja trajnost in brez\u010dasno lepoto.<\/p>\n<ul>\n<li><strong>Material<\/strong>: Nerjave\u010de jeklo in ekolo\u0161ka smola<\/li>\n<li><strong>Velikost zapestnice<\/strong>: 17 cm + podalj\u0161ek pribli\u017eno 3,5 cm<\/li>\n<li><strong>Velikost medaljona<\/strong>: 10 mm<\/li>\n<\/ul>\n<p>Ta zapestnica je popoln dodatek za vse, ki cenijo naravno lepoto in trajnostne materiale. Primerna je za vsakodnevno no\u0161enje in bo zagotovo pritegnila pozornost.<\/p>\n","protected":false},"excerpt":{"rendered":"<p>Dodajte pridih elegance svojemu videzu s to \u010dudovito zapestnico, ki vsebuje cvet prave spiraneje, ujet v ekolo\u0161ko smolo. Zapestnica je izdelana iz kakovostnega nerjave\u010dega jekla, kar zagotavlja trajnost in brez\u010dasno lepoto. Material: Nerjave\u010de jeklo in ekolo\u0161ka smola Velikost zapestnice: 17 cm + podalj\u0161ek pribli\u017eno 3,5 cm Velikost medaljona: 10 mm Ta zapestnica je popoln dodatek [&hellip;]<\/p>\n","protected":false},"featured_media":13085,"comment_status":"open","ping_status":"closed","template":"","meta":{"_eb_attr":""},"product_cat":[24],"product_tag":[],"class_list":{"0":"post-12300","1":"product","2":"type-product","3":"status-publish","4":"has-post-thumbnail","6":"product_brand-lilalom","7":"product_cat-zapestnice","9":"first","10":"instock","11":"sale","12":"sold-individually","13":"purchasable","14":"product-type-simple"},"jetpack_sharing_enabled":true,"_links":{"self":[{"href":"https:\/\/shop.lilalom.com\/index.php\/wp-json\/wp\/v2\/product\/12300","targetHints":{"allow":["GET"]}}],"collection":[{"href":"https:\/\/shop.lilalom.com\/index.php\/wp-json\/wp\/v2\/product"}],"about":[{"href":"https:\/\/shop.lilalom.com\/index.php\/wp-json\/wp\/v2\/types\/product"}],"replies":[{"embeddable":true,"href":"https:\/\/shop.lilalom.com\/index.php\/wp-json\/wp\/v2\/comments?post=12300"}],"wp:featuredmedia":[{"embeddable":true,"href":"https:\/\/shop.lilalom.com\/index.php\/wp-json\/wp\/v2\/media\/13085"}],"wp:attachment":[{"href":"https:\/\/shop.lilalom.com\/index.php\/wp-json\/wp\/v2\/media?parent=12300"}],"wp:term":[{"taxonomy":"product_cat","embeddable":true,"href":"https:\/\/shop.lilalom.com\/index.php\/wp-json\/wp\/v2\/product_cat?post=12300"},{"taxonomy":"product_tag","embeddable":true,"href":"https:\/\/shop.lilalom.com\/index.php\/wp-json\/wp\/v2\/product_tag?post=12300"}],"curies":[{"name":"wp","href":"https:\/\/api.w.org\/{rel}","templated":true}]}}