{"id":12306,"date":"2024-08-16T21:00:25","date_gmt":"2024-08-16T19:00:25","guid":{"rendered":"https:\/\/shop.lilalom.com\/?post_type=product&#038;p=12306"},"modified":"2025-01-22T14:55:39","modified_gmt":"2025-01-22T13:55:39","slug":"zapestnica-z-belim-medaljonom-in-travnisko-rozo","status":"publish","type":"product","link":"https:\/\/shop.lilalom.com\/index.php\/izdelek\/zapestnica-z-belim-medaljonom-in-travnisko-rozo\/","title":{"rendered":"Zapestnica z Rde\u010dim Medaljonom in pleteno Vrvico"},"content":{"rendered":"<p>O\u010darljiva zapestnica z rde\u010dim medaljonom, ki je okra\u0161en z ble\u0161\u010dicami, bo dodala poseben sijaj va\u0161emu vsakodnevnemu videzu. Zapestnica je izdelana iz iodiziranega nerjave\u010dega jekla in ekolo\u0161ke smole, kar zagotavlja trajnost in eleganco. Pletena vrvica omogo\u010da udobno no\u0161enje in prilagodljivost.<\/p>\n<p><strong>Material:<\/strong>\u00a0Iodizirano nerjave\u010de jeklo in ekolo\u0161ka smola<br \/>\n<strong>Velikost medaljona:<\/strong>\u00a010 mm<br \/>\n<strong>Premer zapestnice:<\/strong>\u00a0Prilagodljiv od 6 cm do 10 cm ali ve\u010d<\/p>\n<p>Idealna je za vsakodnevno no\u0161enje in bo zagotovo postala va\u0161 najljub\u0161i modni dodatek.<\/p>\n","protected":false},"excerpt":{"rendered":"<p>O\u010darljiva zapestnica z rde\u010dim medaljonom, ki je okra\u0161en z ble\u0161\u010dicami, bo dodala poseben sijaj va\u0161emu vsakodnevnemu videzu. Zapestnica je izdelana iz iodiziranega nerjave\u010dega jekla in ekolo\u0161ke smole, kar zagotavlja trajnost in eleganco. Pletena vrvica omogo\u010da udobno no\u0161enje in prilagodljivost. Material:\u00a0Iodizirano nerjave\u010de jeklo in ekolo\u0161ka smola Velikost medaljona:\u00a010 mm Premer zapestnice:\u00a0Prilagodljiv od 6 cm do 10 [&hellip;]<\/p>\n","protected":false},"featured_media":13103,"comment_status":"open","ping_status":"closed","template":"","meta":{"_eb_attr":""},"product_cat":[216,24],"product_tag":[],"class_list":{"0":"post-12306","1":"product","2":"type-product","3":"status-publish","4":"has-post-thumbnail","6":"product_brand-lilalom","7":"product_cat-danzena","8":"product_cat-zapestnice","10":"first","11":"instock","12":"sold-individually","13":"purchasable","14":"product-type-simple"},"jetpack_sharing_enabled":true,"_links":{"self":[{"href":"https:\/\/shop.lilalom.com\/index.php\/wp-json\/wp\/v2\/product\/12306","targetHints":{"allow":["GET"]}}],"collection":[{"href":"https:\/\/shop.lilalom.com\/index.php\/wp-json\/wp\/v2\/product"}],"about":[{"href":"https:\/\/shop.lilalom.com\/index.php\/wp-json\/wp\/v2\/types\/product"}],"replies":[{"embeddable":true,"href":"https:\/\/shop.lilalom.com\/index.php\/wp-json\/wp\/v2\/comments?post=12306"}],"wp:featuredmedia":[{"embeddable":true,"href":"https:\/\/shop.lilalom.com\/index.php\/wp-json\/wp\/v2\/media\/13103"}],"wp:attachment":[{"href":"https:\/\/shop.lilalom.com\/index.php\/wp-json\/wp\/v2\/media?parent=12306"}],"wp:term":[{"taxonomy":"product_cat","embeddable":true,"href":"https:\/\/shop.lilalom.com\/index.php\/wp-json\/wp\/v2\/product_cat?post=12306"},{"taxonomy":"product_tag","embeddable":true,"href":"https:\/\/shop.lilalom.com\/index.php\/wp-json\/wp\/v2\/product_tag?post=12306"}],"curies":[{"name":"wp","href":"https:\/\/api.w.org\/{rel}","templated":true}]}}