{"id":12453,"date":"2023-02-26T19:03:35","date_gmt":"2023-02-26T18:03:35","guid":{"rendered":"https:\/\/shop.lilalom.com\/?post_type=product&#038;p=12453"},"modified":"2023-03-16T22:20:14","modified_gmt":"2023-03-16T21:20:14","slug":"modro-vijolcni-okrogli-uhani","status":"publish","type":"product","link":"https:\/\/shop.lilalom.com\/index.php\/izdelek\/modro-vijolcni-okrogli-uhani\/","title":{"rendered":"Modro-vijol\u010dni okrogli uhani"},"content":{"rendered":"<p>Klasi\u010dni okrogli uhani z vzorcem modro-vijo\u010dnega kamna.<br \/>\nVelikost uhanov je 21 mm. Izdelani so iz ekolo\u0161ke smole in nerjave\u010dega jekla.<br \/>\nZa zatikanje prejmete tudi \u010depke iz nerjave\u010dega jekla.<\/p>\n<p>Vsi jekleni deli so iz nerjave\u010dega jekla in niso alergeni.<\/p>\n","protected":false},"excerpt":{"rendered":"<p>Klasi\u010dni okrogli uhani z vzorcem modro-vijo\u010dnega kamna. Velikost uhanov je 21 mm. Izdelani so iz ekolo\u0161ke smole in nerjave\u010dega jekla. Za zatikanje prejmete tudi \u010depke iz nerjave\u010dega jekla. Vsi jekleni deli so iz nerjave\u010dega jekla in niso alergeni.<\/p>\n","protected":false},"featured_media":12455,"comment_status":"open","ping_status":"closed","template":"","meta":{"_eb_attr":""},"product_cat":[198],"product_tag":[],"class_list":{"0":"post-12453","1":"product","2":"type-product","3":"status-publish","4":"has-post-thumbnail","6":"product_cat-klasicni-uhani","8":"first","9":"instock","10":"sold-individually","11":"purchasable","12":"product-type-simple"},"jetpack_sharing_enabled":true,"_links":{"self":[{"href":"https:\/\/shop.lilalom.com\/index.php\/wp-json\/wp\/v2\/product\/12453","targetHints":{"allow":["GET"]}}],"collection":[{"href":"https:\/\/shop.lilalom.com\/index.php\/wp-json\/wp\/v2\/product"}],"about":[{"href":"https:\/\/shop.lilalom.com\/index.php\/wp-json\/wp\/v2\/types\/product"}],"replies":[{"embeddable":true,"href":"https:\/\/shop.lilalom.com\/index.php\/wp-json\/wp\/v2\/comments?post=12453"}],"wp:featuredmedia":[{"embeddable":true,"href":"https:\/\/shop.lilalom.com\/index.php\/wp-json\/wp\/v2\/media\/12455"}],"wp:attachment":[{"href":"https:\/\/shop.lilalom.com\/index.php\/wp-json\/wp\/v2\/media?parent=12453"}],"wp:term":[{"taxonomy":"product_cat","embeddable":true,"href":"https:\/\/shop.lilalom.com\/index.php\/wp-json\/wp\/v2\/product_cat?post=12453"},{"taxonomy":"product_tag","embeddable":true,"href":"https:\/\/shop.lilalom.com\/index.php\/wp-json\/wp\/v2\/product_tag?post=12453"}],"curies":[{"name":"wp","href":"https:\/\/api.w.org\/{rel}","templated":true}]}}