{"id":12458,"date":"2024-10-11T19:20:14","date_gmt":"2024-10-11T17:20:14","guid":{"rendered":"https:\/\/shop.lilalom.com\/?post_type=product&#038;p=12458"},"modified":"2025-01-22T14:46:43","modified_gmt":"2025-01-22T13:46:43","slug":"klasicni-beli-okrogli-uhani","status":"publish","type":"product","link":"https:\/\/shop.lilalom.com\/index.php\/izdelek\/klasicni-beli-okrogli-uhani\/","title":{"rendered":"Klasi\u010dni uhani v obliki srca z cvetovi spireje"},"content":{"rendered":"<p>Dodajte pridih elegance in prefinjenosti svojemu videzu s temi \u010dudovitimi klasi\u010dnimi uhani v obliki srca, okra\u0161enimi s cvetovi spireje. Ti uhani so popolna izbira za vse, ki cenijo lepoto in kakovost. Izdelani so iz visokokakovostnega nerjave\u010dega jekla, kar zagotavlja njihovo trpe\u017enost in odpornost proti obrabi.<\/p>\n<p>S svojo lahkotnostjo in udobjem so ti uhani idealni za vsakodnevno no\u0161enje, hkrati pa dovolj elegantni za posebne prilo\u017enosti. Velikost uhanov je pribli\u017eno 12 mm, kar jih naredi diskretne, a hkrati dovolj opazne, da pritegnejo pozornost.<\/p>\n<p>Cvetovi spireje, ki krasijo te uhane, dodajo pridih naravne lepote in sve\u017eine, kar jih naredi \u0161e posebej privla\u010dne. Kombinacija klasi\u010dne oblike srca in ne\u017enih cvetov ustvarja popolno harmonijo med tradicionalnim in modernim dizajnom.<\/p>\n<p>Ne glede na to, ali jih nosite sami ali jih podarite kot darilo, bodo ti uhani zagotovo navdu\u0161ili. So odli\u010dna izbira za vse, ki \u017eelijo dodati nekaj posebnega svoji zbirki nakita.<\/p>\n","protected":false},"excerpt":{"rendered":"<p>Dodajte pridih elegance in prefinjenosti svojemu videzu s temi \u010dudovitimi klasi\u010dnimi uhani v obliki srca, okra\u0161enimi s cvetovi spireje. Ti uhani so popolna izbira za vse, ki cenijo lepoto in kakovost. Izdelani so iz visokokakovostnega nerjave\u010dega jekla, kar zagotavlja njihovo trpe\u017enost in odpornost proti obrabi. S svojo lahkotnostjo in udobjem so ti uhani idealni za [&hellip;]<\/p>\n","protected":false},"featured_media":13144,"comment_status":"open","ping_status":"closed","template":"","meta":{"_eb_attr":""},"product_cat":[216,198],"product_tag":[],"class_list":{"0":"post-12458","1":"product","2":"type-product","3":"status-publish","4":"has-post-thumbnail","6":"product_brand-lilalom","7":"product_cat-danzena","8":"product_cat-klasicni-uhani","10":"first","11":"instock","12":"sold-individually","13":"purchasable","14":"product-type-simple"},"jetpack_sharing_enabled":true,"_links":{"self":[{"href":"https:\/\/shop.lilalom.com\/index.php\/wp-json\/wp\/v2\/product\/12458","targetHints":{"allow":["GET"]}}],"collection":[{"href":"https:\/\/shop.lilalom.com\/index.php\/wp-json\/wp\/v2\/product"}],"about":[{"href":"https:\/\/shop.lilalom.com\/index.php\/wp-json\/wp\/v2\/types\/product"}],"replies":[{"embeddable":true,"href":"https:\/\/shop.lilalom.com\/index.php\/wp-json\/wp\/v2\/comments?post=12458"}],"wp:featuredmedia":[{"embeddable":true,"href":"https:\/\/shop.lilalom.com\/index.php\/wp-json\/wp\/v2\/media\/13144"}],"wp:attachment":[{"href":"https:\/\/shop.lilalom.com\/index.php\/wp-json\/wp\/v2\/media?parent=12458"}],"wp:term":[{"taxonomy":"product_cat","embeddable":true,"href":"https:\/\/shop.lilalom.com\/index.php\/wp-json\/wp\/v2\/product_cat?post=12458"},{"taxonomy":"product_tag","embeddable":true,"href":"https:\/\/shop.lilalom.com\/index.php\/wp-json\/wp\/v2\/product_tag?post=12458"}],"curies":[{"name":"wp","href":"https:\/\/api.w.org\/{rel}","templated":true}]}}