{"id":12464,"date":"2023-02-27T09:51:45","date_gmt":"2023-02-27T08:51:45","guid":{"rendered":"https:\/\/shop.lilalom.com\/?post_type=product&#038;p=12464"},"modified":"2023-03-16T22:20:02","modified_gmt":"2023-03-16T21:20:02","slug":"klasicni-beli-viseci-uhani","status":"publish","type":"product","link":"https:\/\/shop.lilalom.com\/index.php\/izdelek\/klasicni-beli-viseci-uhani\/","title":{"rendered":"Klasi\u010dni beli vise\u010di uhani"},"content":{"rendered":"<p>Klasi\u010dni vise\u010di okrogli uhani bele barve z imitacijo zlata.<br \/>\nVelikost uhanov je 14 mm. Izdelani so iz ekolo\u0161ke smole in nerjave\u010dega jekla zlate barve.<br \/>\nZa zatikanje prejmete tudi \u010depke iz silikona<\/p>\n<p>Vsi jekleni deli so iz nerjave\u010dega jekla in niso alergeni.<\/p>\n","protected":false},"excerpt":{"rendered":"<p>Klasi\u010dni vise\u010di okrogli uhani bele barve z imitacijo zlata. Velikost uhanov je 14 mm. Izdelani so iz ekolo\u0161ke smole in nerjave\u010dega jekla zlate barve. Za zatikanje prejmete tudi \u010depke iz silikona Vsi jekleni deli so iz nerjave\u010dega jekla in niso alergeni.<\/p>\n","protected":false},"featured_media":12466,"comment_status":"open","ping_status":"closed","template":"","meta":{"_eb_attr":""},"product_cat":[199],"product_tag":[],"class_list":{"0":"post-12464","1":"product","2":"type-product","3":"status-publish","4":"has-post-thumbnail","6":"product_cat-viseci-uhani","8":"first","9":"instock","10":"sold-individually","11":"purchasable","12":"product-type-simple"},"jetpack_sharing_enabled":true,"_links":{"self":[{"href":"https:\/\/shop.lilalom.com\/index.php\/wp-json\/wp\/v2\/product\/12464","targetHints":{"allow":["GET"]}}],"collection":[{"href":"https:\/\/shop.lilalom.com\/index.php\/wp-json\/wp\/v2\/product"}],"about":[{"href":"https:\/\/shop.lilalom.com\/index.php\/wp-json\/wp\/v2\/types\/product"}],"replies":[{"embeddable":true,"href":"https:\/\/shop.lilalom.com\/index.php\/wp-json\/wp\/v2\/comments?post=12464"}],"wp:featuredmedia":[{"embeddable":true,"href":"https:\/\/shop.lilalom.com\/index.php\/wp-json\/wp\/v2\/media\/12466"}],"wp:attachment":[{"href":"https:\/\/shop.lilalom.com\/index.php\/wp-json\/wp\/v2\/media?parent=12464"}],"wp:term":[{"taxonomy":"product_cat","embeddable":true,"href":"https:\/\/shop.lilalom.com\/index.php\/wp-json\/wp\/v2\/product_cat?post=12464"},{"taxonomy":"product_tag","embeddable":true,"href":"https:\/\/shop.lilalom.com\/index.php\/wp-json\/wp\/v2\/product_tag?post=12464"}],"curies":[{"name":"wp","href":"https:\/\/api.w.org\/{rel}","templated":true}]}}