{"id":12471,"date":"2023-02-27T12:53:11","date_gmt":"2023-02-27T11:53:11","guid":{"rendered":"https:\/\/shop.lilalom.com\/?post_type=product&#038;p=12471"},"modified":"2023-03-16T22:19:55","modified_gmt":"2023-03-16T21:19:55","slug":"okrogli-medaljon-z-blescicami","status":"publish","type":"product","link":"https:\/\/shop.lilalom.com\/index.php\/izdelek\/okrogli-medaljon-z-blescicami\/","title":{"rendered":"Okrogli medaljon z ble\u0161\u010dicami"},"content":{"rendered":"<p>Ogrlica z modro belim okroglim medaljom z ble\u0161\u010dicami. Ogrlica je izdelana je iz ekolo\u0161ke epoksi smole.<br \/>\nVelikost obeska je pribli\u017eno 36mm. Ogrlica je iz nerjave\u010dega jekla in je dol\u017eine cca 45 cm.<\/p>\n<p>Vsi kovinski deli so iz nerjave\u010dega jekla, katero ne povzro\u010da alergij.<\/p>\n","protected":false},"excerpt":{"rendered":"<p>Ogrlica z modro belim okroglim medaljom z ble\u0161\u010dicami. Ogrlica je izdelana je iz ekolo\u0161ke epoksi smole. Velikost obeska je pribli\u017eno 36mm. Ogrlica je iz nerjave\u010dega jekla in je dol\u017eine cca 45 cm. Vsi kovinski deli so iz nerjave\u010dega jekla, katero ne povzro\u010da alergij.<\/p>\n","protected":false},"featured_media":12472,"comment_status":"open","ping_status":"closed","template":"","meta":{"_eb_attr":""},"product_cat":[23],"product_tag":[],"class_list":{"0":"post-12471","1":"product","2":"type-product","3":"status-publish","4":"has-post-thumbnail","6":"product_cat-ogrlice","8":"first","9":"instock","10":"sale","11":"sold-individually","12":"purchasable","13":"product-type-simple"},"jetpack_sharing_enabled":true,"_links":{"self":[{"href":"https:\/\/shop.lilalom.com\/index.php\/wp-json\/wp\/v2\/product\/12471","targetHints":{"allow":["GET"]}}],"collection":[{"href":"https:\/\/shop.lilalom.com\/index.php\/wp-json\/wp\/v2\/product"}],"about":[{"href":"https:\/\/shop.lilalom.com\/index.php\/wp-json\/wp\/v2\/types\/product"}],"replies":[{"embeddable":true,"href":"https:\/\/shop.lilalom.com\/index.php\/wp-json\/wp\/v2\/comments?post=12471"}],"wp:featuredmedia":[{"embeddable":true,"href":"https:\/\/shop.lilalom.com\/index.php\/wp-json\/wp\/v2\/media\/12472"}],"wp:attachment":[{"href":"https:\/\/shop.lilalom.com\/index.php\/wp-json\/wp\/v2\/media?parent=12471"}],"wp:term":[{"taxonomy":"product_cat","embeddable":true,"href":"https:\/\/shop.lilalom.com\/index.php\/wp-json\/wp\/v2\/product_cat?post=12471"},{"taxonomy":"product_tag","embeddable":true,"href":"https:\/\/shop.lilalom.com\/index.php\/wp-json\/wp\/v2\/product_tag?post=12471"}],"curies":[{"name":"wp","href":"https:\/\/api.w.org\/{rel}","templated":true}]}}