{"id":12488,"date":"2023-02-27T14:22:01","date_gmt":"2023-02-27T13:22:01","guid":{"rendered":"https:\/\/shop.lilalom.com\/?post_type=product&#038;p=12488"},"modified":"2023-03-16T22:18:07","modified_gmt":"2023-03-16T21:18:07","slug":"medaljon-z-cvetom-ivanjscice","status":"publish","type":"product","link":"https:\/\/shop.lilalom.com\/index.php\/izdelek\/medaljon-z-cvetom-ivanjscice\/","title":{"rendered":"Ogrlica z cvetom navadne ivanj\u0161\u010dice"},"content":{"rendered":"<p>Ogrlica z okroglim medaljom v njem je pravi cvet navadne ivanj\u0161\u010dice. Ogrlica je izdelana je iz ekolo\u0161ke epoksi smole.<br \/>\nVelikost obeska je pribli\u017eno 36mm. Ogrlica je iz nerjave\u010dega jekla in je dol\u017eine cca 48.5 cm.<\/p>\n<p>Vsi deli so iz nerjave\u010dega jekla, katero ne povzro\u010da alergij.<\/p>\n","protected":false},"excerpt":{"rendered":"<p>Ogrlica z okroglim medaljom v njem je pravi cvet navadne ivanj\u0161\u010dice. Ogrlica je izdelana je iz ekolo\u0161ke epoksi smole. Velikost obeska je pribli\u017eno 36mm. Ogrlica je iz nerjave\u010dega jekla in je dol\u017eine cca 48.5 cm. Vsi deli so iz nerjave\u010dega jekla, katero ne povzro\u010da alergij.<\/p>\n","protected":false},"featured_media":12491,"comment_status":"open","ping_status":"closed","template":"","meta":{"_eb_attr":""},"product_cat":[23],"product_tag":[],"class_list":{"0":"post-12488","1":"product","2":"type-product","3":"status-publish","4":"has-post-thumbnail","6":"product_cat-ogrlice","8":"first","9":"instock","10":"sold-individually","11":"purchasable","12":"product-type-simple"},"jetpack_sharing_enabled":true,"_links":{"self":[{"href":"https:\/\/shop.lilalom.com\/index.php\/wp-json\/wp\/v2\/product\/12488","targetHints":{"allow":["GET"]}}],"collection":[{"href":"https:\/\/shop.lilalom.com\/index.php\/wp-json\/wp\/v2\/product"}],"about":[{"href":"https:\/\/shop.lilalom.com\/index.php\/wp-json\/wp\/v2\/types\/product"}],"replies":[{"embeddable":true,"href":"https:\/\/shop.lilalom.com\/index.php\/wp-json\/wp\/v2\/comments?post=12488"}],"wp:featuredmedia":[{"embeddable":true,"href":"https:\/\/shop.lilalom.com\/index.php\/wp-json\/wp\/v2\/media\/12491"}],"wp:attachment":[{"href":"https:\/\/shop.lilalom.com\/index.php\/wp-json\/wp\/v2\/media?parent=12488"}],"wp:term":[{"taxonomy":"product_cat","embeddable":true,"href":"https:\/\/shop.lilalom.com\/index.php\/wp-json\/wp\/v2\/product_cat?post=12488"},{"taxonomy":"product_tag","embeddable":true,"href":"https:\/\/shop.lilalom.com\/index.php\/wp-json\/wp\/v2\/product_tag?post=12488"}],"curies":[{"name":"wp","href":"https:\/\/api.w.org\/{rel}","templated":true}]}}