{"id":12492,"date":"2023-02-27T15:16:47","date_gmt":"2023-02-27T14:16:47","guid":{"rendered":"https:\/\/shop.lilalom.com\/?post_type=product&#038;p=12492"},"modified":"2024-07-08T09:12:44","modified_gmt":"2024-07-08T07:12:44","slug":"ovalni-rosa-medaljon-z-blescicami","status":"publish","type":"product","link":"https:\/\/shop.lilalom.com\/index.php\/izdelek\/ovalni-rosa-medaljon-z-blescicami\/","title":{"rendered":"Roza medaljon z ble\u0161\u010dicami"},"content":{"rendered":"<p>Elegantni ovalni medaljon rosa barve z svetle\u010dimi lsti\u010di. Ogrlica je izdelana je iz ekolo\u0161ke epoksi smole.<br \/>\nVelikost obeska je pribli\u017eno 32x25mm. Ogrlica je iz nerjave\u010dega jekla in je dol\u017eine cca 43 cm.<\/p>\n<p>Vsi deli so iz nerjave\u010dega jekla.<\/p>\n","protected":false},"excerpt":{"rendered":"<p>Elegantni ovalni medaljon rosa barve z svetle\u010dimi lsti\u010di. Ogrlica je izdelana je iz ekolo\u0161ke epoksi smole. Velikost obeska je pribli\u017eno 32x25mm. Ogrlica je iz nerjave\u010dega jekla in je dol\u017eine cca 43 cm. Vsi deli so iz nerjave\u010dega jekla.<\/p>\n","protected":false},"featured_media":12493,"comment_status":"open","ping_status":"closed","template":"","meta":{"_eb_attr":""},"product_cat":[23],"product_tag":[],"class_list":{"0":"post-12492","1":"product","2":"type-product","3":"status-publish","4":"has-post-thumbnail","6":"product_cat-ogrlice","8":"first","9":"instock","10":"featured","11":"sold-individually","12":"purchasable","13":"product-type-simple"},"jetpack_sharing_enabled":true,"_links":{"self":[{"href":"https:\/\/shop.lilalom.com\/index.php\/wp-json\/wp\/v2\/product\/12492","targetHints":{"allow":["GET"]}}],"collection":[{"href":"https:\/\/shop.lilalom.com\/index.php\/wp-json\/wp\/v2\/product"}],"about":[{"href":"https:\/\/shop.lilalom.com\/index.php\/wp-json\/wp\/v2\/types\/product"}],"replies":[{"embeddable":true,"href":"https:\/\/shop.lilalom.com\/index.php\/wp-json\/wp\/v2\/comments?post=12492"}],"wp:featuredmedia":[{"embeddable":true,"href":"https:\/\/shop.lilalom.com\/index.php\/wp-json\/wp\/v2\/media\/12493"}],"wp:attachment":[{"href":"https:\/\/shop.lilalom.com\/index.php\/wp-json\/wp\/v2\/media?parent=12492"}],"wp:term":[{"taxonomy":"product_cat","embeddable":true,"href":"https:\/\/shop.lilalom.com\/index.php\/wp-json\/wp\/v2\/product_cat?post=12492"},{"taxonomy":"product_tag","embeddable":true,"href":"https:\/\/shop.lilalom.com\/index.php\/wp-json\/wp\/v2\/product_tag?post=12492"}],"curies":[{"name":"wp","href":"https:\/\/api.w.org\/{rel}","templated":true}]}}