{"id":12511,"date":"2023-02-28T12:59:11","date_gmt":"2023-02-28T11:59:11","guid":{"rendered":"https:\/\/shop.lilalom.com\/?post_type=product&#038;p=12511"},"modified":"2024-08-22T10:02:28","modified_gmt":"2024-08-22T08:02:28","slug":"okrogli-uhani-turkiz-m","status":"publish","type":"product","link":"https:\/\/shop.lilalom.com\/index.php\/izdelek\/okrogli-uhani-turkiz-m\/","title":{"rendered":"Okrogli uhani turkiz M"},"content":{"rendered":"<p>Okrogli uhani turkzne barve, namenjeni za vsako prilo\u017enost!<br \/>\nVelikost uhanov je 10 mm. Izdelani so iz ekolo\u0161ke smole in nerjave\u010dega jekla.<br \/>\nZa zatikanje prejmete tudi \u010depke iz nerjave\u010dega jekla.<\/p>\n<p>Vsi deli so iz nerjave\u010dega jekla in niso alergeni.<\/p>\n","protected":false},"excerpt":{"rendered":"<p>Okrogli uhani turkzne barve, namenjeni za vsako prilo\u017enost! Velikost uhanov je 10 mm. Izdelani so iz ekolo\u0161ke smole in nerjave\u010dega jekla. Za zatikanje prejmete tudi \u010depke iz nerjave\u010dega jekla. Vsi deli so iz nerjave\u010dega jekla in niso alergeni.<\/p>\n","protected":false},"featured_media":12515,"comment_status":"open","ping_status":"closed","template":"","meta":{"_eb_attr":""},"product_cat":[198],"product_tag":[],"class_list":{"0":"post-12511","1":"product","2":"type-product","3":"status-publish","4":"has-post-thumbnail","6":"product_cat-klasicni-uhani","8":"first","9":"instock","10":"sold-individually","11":"purchasable","12":"product-type-simple"},"jetpack_sharing_enabled":true,"_links":{"self":[{"href":"https:\/\/shop.lilalom.com\/index.php\/wp-json\/wp\/v2\/product\/12511","targetHints":{"allow":["GET"]}}],"collection":[{"href":"https:\/\/shop.lilalom.com\/index.php\/wp-json\/wp\/v2\/product"}],"about":[{"href":"https:\/\/shop.lilalom.com\/index.php\/wp-json\/wp\/v2\/types\/product"}],"replies":[{"embeddable":true,"href":"https:\/\/shop.lilalom.com\/index.php\/wp-json\/wp\/v2\/comments?post=12511"}],"wp:featuredmedia":[{"embeddable":true,"href":"https:\/\/shop.lilalom.com\/index.php\/wp-json\/wp\/v2\/media\/12515"}],"wp:attachment":[{"href":"https:\/\/shop.lilalom.com\/index.php\/wp-json\/wp\/v2\/media?parent=12511"}],"wp:term":[{"taxonomy":"product_cat","embeddable":true,"href":"https:\/\/shop.lilalom.com\/index.php\/wp-json\/wp\/v2\/product_cat?post=12511"},{"taxonomy":"product_tag","embeddable":true,"href":"https:\/\/shop.lilalom.com\/index.php\/wp-json\/wp\/v2\/product_tag?post=12511"}],"curies":[{"name":"wp","href":"https:\/\/api.w.org\/{rel}","templated":true}]}}