{"id":12519,"date":"2023-02-28T16:03:53","date_gmt":"2023-02-28T15:03:53","guid":{"rendered":"https:\/\/shop.lilalom.com\/?post_type=product&#038;p=12519"},"modified":"2025-01-22T14:57:12","modified_gmt":"2025-01-22T13:57:12","slug":"uhani-srce-z-pravo-rozo","status":"publish","type":"product","link":"https:\/\/shop.lilalom.com\/index.php\/izdelek\/uhani-srce-z-pravo-rozo\/","title":{"rendered":"Uhani srce z pravo ro\u017eo"},"content":{"rendered":"<p>Uhani v obliki srca z pravo ro\u017eo.<br \/>\nVelikost uhanov je 12 mm. Izdelani so iz ekolo\u0161ke smole in nerjave\u010dega jekla.<br \/>\nZa zatikanje prejmete tudi \u010depke iz nerjave\u010dega jekla.<\/p>\n<p>Vsi jekleni deli so iz nerjave\u010dega jekla in niso alergeni.<\/p>\n","protected":false},"excerpt":{"rendered":"<p>Uhani v obliki srca z pravo ro\u017eo. Velikost uhanov je 12 mm. Izdelani so iz ekolo\u0161ke smole in nerjave\u010dega jekla. Za zatikanje prejmete tudi \u010depke iz nerjave\u010dega jekla. Vsi jekleni deli so iz nerjave\u010dega jekla in niso alergeni.<\/p>\n","protected":false},"featured_media":12520,"comment_status":"open","ping_status":"closed","template":"","meta":{"_eb_attr":""},"product_cat":[216,198],"product_tag":[],"class_list":{"0":"post-12519","1":"product","2":"type-product","3":"status-publish","4":"has-post-thumbnail","6":"product_cat-danzena","7":"product_cat-klasicni-uhani","9":"first","10":"instock","11":"sold-individually","12":"purchasable","13":"product-type-simple"},"jetpack_sharing_enabled":true,"_links":{"self":[{"href":"https:\/\/shop.lilalom.com\/index.php\/wp-json\/wp\/v2\/product\/12519","targetHints":{"allow":["GET"]}}],"collection":[{"href":"https:\/\/shop.lilalom.com\/index.php\/wp-json\/wp\/v2\/product"}],"about":[{"href":"https:\/\/shop.lilalom.com\/index.php\/wp-json\/wp\/v2\/types\/product"}],"replies":[{"embeddable":true,"href":"https:\/\/shop.lilalom.com\/index.php\/wp-json\/wp\/v2\/comments?post=12519"}],"wp:featuredmedia":[{"embeddable":true,"href":"https:\/\/shop.lilalom.com\/index.php\/wp-json\/wp\/v2\/media\/12520"}],"wp:attachment":[{"href":"https:\/\/shop.lilalom.com\/index.php\/wp-json\/wp\/v2\/media?parent=12519"}],"wp:term":[{"taxonomy":"product_cat","embeddable":true,"href":"https:\/\/shop.lilalom.com\/index.php\/wp-json\/wp\/v2\/product_cat?post=12519"},{"taxonomy":"product_tag","embeddable":true,"href":"https:\/\/shop.lilalom.com\/index.php\/wp-json\/wp\/v2\/product_tag?post=12519"}],"curies":[{"name":"wp","href":"https:\/\/api.w.org\/{rel}","templated":true}]}}