{"id":12533,"date":"2023-02-28T22:16:45","date_gmt":"2023-02-28T21:16:45","guid":{"rendered":"https:\/\/shop.lilalom.com\/?post_type=product&#038;p=12533"},"modified":"2024-04-18T11:01:02","modified_gmt":"2024-04-18T09:01:02","slug":"komplet-ogrlica-in-uhan-z-travniskimi-rozami","status":"publish","type":"product","link":"https:\/\/shop.lilalom.com\/index.php\/izdelek\/komplet-ogrlica-in-uhan-z-travniskimi-rozami\/","title":{"rendered":"Komplet prsten in vise\u010di uhani z zlatimi listi\u010di"},"content":{"rendered":"<p>O\u010darajte s tem \u010dudovitim kompletom nakita v zlato-rde\u010di barvi, okra\u0161enim z zlatimi listi\u010di, ki bo nedvomno pritegnil poglede. Izdelan iz vrhunskega nerjave\u010dega jekla in medicinskega jekla, ta komplet nakita zdru\u017euje trajnost, slog in udobje.<\/p>\n<p>Komplet vklju\u010duje:<\/p>\n<ul>\n<li>Prsten: Eleganti prstenv zlato-rde\u010di barvi z ob\u010dutljivimi zlatimi listi\u010di, ki dodajo subtilen, a izrazit pridih glamurja. Nastavljiva dol\u017eina omogo\u010da, da se prilega va\u0161emu slogu.<\/li>\n<li>Uhani: Ujemajo\u010di se uhani dopolnjujejo prsten s svojim \u010darom. Lahki in udobni za no\u0161enje ves dan. Del kateri se vstavi v uho je iz pravega medicinskega jekla.<\/li>\n<\/ul>\n<p>Ne glede na to, ali gre za posebno prilo\u017enost ali vsakdanje opravke, bo ta komplet nakita dodal pridih elegance in edinstvenosti va\u0161emu videzu. Izberite ta \u010dudovit komplet in zasijte kjerkoli \u017ee ste!<\/p>\n","protected":false},"excerpt":{"rendered":"<p>O\u010darajte s tem \u010dudovitim kompletom nakita v zlato-rde\u010di barvi, okra\u0161enim z zlatimi listi\u010di, ki bo nedvomno pritegnil poglede. Izdelan iz vrhunskega nerjave\u010dega jekla in medicinskega jekla, ta komplet nakita zdru\u017euje trajnost, slog in udobje. Komplet vklju\u010duje: Prsten: Eleganti prstenv zlato-rde\u010di barvi z ob\u010dutljivimi zlatimi listi\u010di, ki dodajo subtilen, a izrazit pridih glamurja. Nastavljiva dol\u017eina omogo\u010da, [&hellip;]<\/p>\n","protected":false},"featured_media":12967,"comment_status":"open","ping_status":"closed","template":"","meta":{"_eb_attr":""},"product_cat":[199,25,27],"product_tag":[],"class_list":{"0":"post-12533","1":"product","2":"type-product","3":"status-publish","4":"has-post-thumbnail","6":"product_cat-viseci-uhani","7":"product_cat-prstani","8":"product_cat-kompleti","10":"first","11":"instock","12":"sold-individually","13":"purchasable","14":"product-type-simple"},"jetpack_sharing_enabled":true,"_links":{"self":[{"href":"https:\/\/shop.lilalom.com\/index.php\/wp-json\/wp\/v2\/product\/12533","targetHints":{"allow":["GET"]}}],"collection":[{"href":"https:\/\/shop.lilalom.com\/index.php\/wp-json\/wp\/v2\/product"}],"about":[{"href":"https:\/\/shop.lilalom.com\/index.php\/wp-json\/wp\/v2\/types\/product"}],"replies":[{"embeddable":true,"href":"https:\/\/shop.lilalom.com\/index.php\/wp-json\/wp\/v2\/comments?post=12533"}],"wp:featuredmedia":[{"embeddable":true,"href":"https:\/\/shop.lilalom.com\/index.php\/wp-json\/wp\/v2\/media\/12967"}],"wp:attachment":[{"href":"https:\/\/shop.lilalom.com\/index.php\/wp-json\/wp\/v2\/media?parent=12533"}],"wp:term":[{"taxonomy":"product_cat","embeddable":true,"href":"https:\/\/shop.lilalom.com\/index.php\/wp-json\/wp\/v2\/product_cat?post=12533"},{"taxonomy":"product_tag","embeddable":true,"href":"https:\/\/shop.lilalom.com\/index.php\/wp-json\/wp\/v2\/product_tag?post=12533"}],"curies":[{"name":"wp","href":"https:\/\/api.w.org\/{rel}","templated":true}]}}