{"id":12566,"date":"2023-03-01T21:53:51","date_gmt":"2023-03-01T20:53:51","guid":{"rendered":"https:\/\/shop.lilalom.com\/?post_type=product&#038;p=12566"},"modified":"2023-03-17T15:12:52","modified_gmt":"2023-03-17T14:12:52","slug":"komplet-broska-prsten-in-uhani-z-rozami","status":"publish","type":"product","link":"https:\/\/shop.lilalom.com\/index.php\/izdelek\/komplet-broska-prsten-in-uhani-z-rozami\/","title":{"rendered":"Komplet bro\u0161ka, prsten in uhani z rastlinami"},"content":{"rendered":"<p>V kompletu je bro\u0161ka, prsten in uhani v katerem je japonski javor in cvet bezka. Komplet je izdelan iz ekolo\u0161ke smole in nerjave\u010dega jekla.<\/p>\n<p>Velikost prstana: 2 cm obseg rinke se da prilaguditi na poljubno velikost.<br \/>\nVelikost bro\u0161ke je cca 27mm.<br \/>\nVelikost uhanov: 10 mm. Za zatikanje uhanov prejmete tudi \u010depke iz nerjave\u010dega jekla.<\/p>\n<p>Vsi jekleni deli so iz nerjave\u010dega jekla in niso alergeni.<\/p>\n","protected":false},"excerpt":{"rendered":"<p>V kompletu je bro\u0161ka, prsten in uhani v katerem je japonski javor in cvet bezka. Komplet je izdelan iz ekolo\u0161ke smole in nerjave\u010dega jekla. Velikost prstana: 2 cm obseg rinke se da prilaguditi na poljubno velikost. Velikost bro\u0161ke je cca 27mm. Velikost uhanov: 10 mm. Za zatikanje uhanov prejmete tudi \u010depke iz nerjave\u010dega jekla. Vsi [&hellip;]<\/p>\n","protected":false},"featured_media":12570,"comment_status":"open","ping_status":"closed","template":"","meta":{"_eb_attr":""},"product_cat":[23,198,25,27],"product_tag":[],"class_list":{"0":"post-12566","1":"product","2":"type-product","3":"status-publish","4":"has-post-thumbnail","6":"product_cat-ogrlice","7":"product_cat-klasicni-uhani","8":"product_cat-prstani","9":"product_cat-kompleti","11":"first","12":"instock","13":"sold-individually","14":"purchasable","15":"product-type-simple"},"jetpack_sharing_enabled":true,"_links":{"self":[{"href":"https:\/\/shop.lilalom.com\/index.php\/wp-json\/wp\/v2\/product\/12566","targetHints":{"allow":["GET"]}}],"collection":[{"href":"https:\/\/shop.lilalom.com\/index.php\/wp-json\/wp\/v2\/product"}],"about":[{"href":"https:\/\/shop.lilalom.com\/index.php\/wp-json\/wp\/v2\/types\/product"}],"replies":[{"embeddable":true,"href":"https:\/\/shop.lilalom.com\/index.php\/wp-json\/wp\/v2\/comments?post=12566"}],"wp:featuredmedia":[{"embeddable":true,"href":"https:\/\/shop.lilalom.com\/index.php\/wp-json\/wp\/v2\/media\/12570"}],"wp:attachment":[{"href":"https:\/\/shop.lilalom.com\/index.php\/wp-json\/wp\/v2\/media?parent=12566"}],"wp:term":[{"taxonomy":"product_cat","embeddable":true,"href":"https:\/\/shop.lilalom.com\/index.php\/wp-json\/wp\/v2\/product_cat?post=12566"},{"taxonomy":"product_tag","embeddable":true,"href":"https:\/\/shop.lilalom.com\/index.php\/wp-json\/wp\/v2\/product_tag?post=12566"}],"curies":[{"name":"wp","href":"https:\/\/api.w.org\/{rel}","templated":true}]}}