{"id":12575,"date":"2023-03-01T23:07:07","date_gmt":"2023-03-01T22:07:07","guid":{"rendered":"https:\/\/shop.lilalom.com\/?post_type=product&#038;p=12575"},"modified":"2024-06-03T16:21:12","modified_gmt":"2024-06-03T14:21:12","slug":"uhani-srce-z-kameleon-blescicami","status":"publish","type":"product","link":"https:\/\/shop.lilalom.com\/index.php\/izdelek\/uhani-srce-z-kameleon-blescicami\/","title":{"rendered":"Elegantni vise\u010di uhani v \u010drni barvi z zlatimi listi\u010di"},"content":{"rendered":"<div class=\"avatar-gutter ng-tns-c1735643975-81 ng-star-inserted\"><\/div>\n<div class=\"response-container-content ng-tns-c1735643975-81\">\n<div class=\"response-content ng-tns-c1735643975-81\">\n<div class=\"markdown markdown-main-panel\" dir=\"ltr\">\n<p data-sourcepos=\"5:1-5:6\">I\u0161\u010dete edinstven par uhanov, ki je hkrati eleganten in moderen? Potem so ti vise\u010di uhani iz \u010drne smole z zlatimi listi\u010di kot nala\u0161\u010d za vas! Ro\u010dno izdelani iz ekolo\u0161ke smole in okra\u0161eni z listi\u010di iz pozla\u010denega nerjave\u010dega jekla, so ti uhani prepri\u010dani, da bodo pritegnili pozornost. Podolgovata in oglata oblika uhanov je klasi\u010dna in brez\u010dasna, \u010drna barva pa je elegantna in vsestranska. Zlati listi\u010di dodajo kan\u010dek glamurja in prefinjenosti, zaradi \u010desar so ti uhani popolni za vsakodnevno no\u0161enje ali za posebne prilo\u017enosti.<\/p>\n<p data-sourcepos=\"7:1-7:27\"><strong>Zakaj izbrati te uhane?<\/strong><\/p>\n<ul data-sourcepos=\"9:1-9:49\">\n<li data-sourcepos=\"9:1-9:49\">Ro\u010dno izdelani iz ekolo\u0161ke smole in pozla\u010denega nerjave\u010dega jekla<\/li>\n<li data-sourcepos=\"10:1-10:50\">Edinstvena in elegantna oblika z zlatimi listi\u010di<\/li>\n<li data-sourcepos=\"11:1-11:48\">Podolgovata in oglata oblika za klasi\u010den videz<\/li>\n<li data-sourcepos=\"12:1-12:39\">\u010crna barva, ki se poda k vsem oblekam<\/li>\n<li data-sourcepos=\"13:1-13:28\">Lahki in udobni za no\u0161enje<\/li>\n<li data-sourcepos=\"14:1-15:0\">Popolni za vsakodnevno no\u0161enje ali za posebne prilo\u017enosti<\/li>\n<\/ul>\n<p data-sourcepos=\"18:1-18:24\"><strong>Dodatne informacije:<\/strong><\/p>\n<ul data-sourcepos=\"20:1-25:0\">\n<li data-sourcepos=\"20:1-20:53\">Material: Ekolo\u0161ka smola, nerjave\u010de jeklo<\/li>\n<li data-sourcepos=\"21:1-21:31\">Barva: \u010crna z zlatimi listi\u010di<\/li>\n<li data-sourcepos=\"22:1-22:33\">Dimenzije: 25 mm x 11 mm x 3 mm<\/li>\n<\/ul>\n<\/div>\n<\/div>\n<\/div>\n","protected":false},"excerpt":{"rendered":"<p>I\u0161\u010dete edinstven par uhanov, ki je hkrati eleganten in moderen? Potem so ti vise\u010di uhani iz \u010drne smole z zlatimi listi\u010di kot nala\u0161\u010d za vas! Ro\u010dno izdelani iz ekolo\u0161ke smole in okra\u0161eni z listi\u010di iz pozla\u010denega nerjave\u010dega jekla, so ti uhani prepri\u010dani, da bodo pritegnili pozornost. Podolgovata in oglata oblika uhanov je klasi\u010dna in brez\u010dasna, [&hellip;]<\/p>\n","protected":false},"featured_media":13000,"comment_status":"open","ping_status":"closed","template":"","meta":{"_eb_attr":""},"product_cat":[199],"product_tag":[],"class_list":{"0":"post-12575","1":"product","2":"type-product","3":"status-publish","4":"has-post-thumbnail","6":"product_cat-viseci-uhani","8":"first","9":"instock","10":"sold-individually","11":"purchasable","12":"product-type-simple"},"jetpack_sharing_enabled":true,"_links":{"self":[{"href":"https:\/\/shop.lilalom.com\/index.php\/wp-json\/wp\/v2\/product\/12575","targetHints":{"allow":["GET"]}}],"collection":[{"href":"https:\/\/shop.lilalom.com\/index.php\/wp-json\/wp\/v2\/product"}],"about":[{"href":"https:\/\/shop.lilalom.com\/index.php\/wp-json\/wp\/v2\/types\/product"}],"replies":[{"embeddable":true,"href":"https:\/\/shop.lilalom.com\/index.php\/wp-json\/wp\/v2\/comments?post=12575"}],"wp:featuredmedia":[{"embeddable":true,"href":"https:\/\/shop.lilalom.com\/index.php\/wp-json\/wp\/v2\/media\/13000"}],"wp:attachment":[{"href":"https:\/\/shop.lilalom.com\/index.php\/wp-json\/wp\/v2\/media?parent=12575"}],"wp:term":[{"taxonomy":"product_cat","embeddable":true,"href":"https:\/\/shop.lilalom.com\/index.php\/wp-json\/wp\/v2\/product_cat?post=12575"},{"taxonomy":"product_tag","embeddable":true,"href":"https:\/\/shop.lilalom.com\/index.php\/wp-json\/wp\/v2\/product_tag?post=12575"}],"curies":[{"name":"wp","href":"https:\/\/api.w.org\/{rel}","templated":true}]}}