{"id":12648,"date":"2023-03-09T15:32:48","date_gmt":"2023-03-09T14:32:48","guid":{"rendered":"https:\/\/shop.lilalom.com\/?post_type=product&#038;p=12648"},"modified":"2024-04-17T14:05:25","modified_gmt":"2024-04-17T12:05:25","slug":"komplet-zapestnica-in-ogrlica-iz-psenicnega-klasa","status":"publish","type":"product","link":"https:\/\/shop.lilalom.com\/index.php\/izdelek\/komplet-zapestnica-in-ogrlica-iz-psenicnega-klasa\/","title":{"rendered":"Komplet zapestnica in ogrlica iz p\u0161eni\u010dnega klasa"},"content":{"rendered":"<p>V kompletu je obesek z ogrlico in zapestnica v katerem je pravi klas p\u0161eni\u010dnega \u017eita. Komplet je izdelan iz ekolo\u0161ke smole, usnja in nerjave\u010dega jekla.<\/p>\n<p>Velikost obeska je: 7 x 3,6 cm debeline 11 mm dol\u017eina usnjene ogrlice cca 52 cm.<br \/>\nVelikost zapetnice je znanji premer 93 mm x 20 mm, notranji premer je 72 mm<\/p>\n<p>Vsi jekleni deli so iz nerjave\u010dega jekla in niso alergeni.<\/p>\n","protected":false},"excerpt":{"rendered":"<p>V kompletu je obesek z ogrlico in zapestnica v katerem je pravi klas p\u0161eni\u010dnega \u017eita. Komplet je izdelan iz ekolo\u0161ke smole, usnja in nerjave\u010dega jekla. Velikost obeska je: 7 x 3,6 cm debeline 11 mm dol\u017eina usnjene ogrlice cca 52 cm. Velikost zapetnice je znanji premer 93 mm x 20 mm, notranji premer je 72 [&hellip;]<\/p>\n","protected":false},"featured_media":12649,"comment_status":"closed","ping_status":"closed","template":"","meta":{"_eb_attr":""},"product_cat":[23,24,27],"product_tag":[],"class_list":{"0":"post-12648","1":"product","2":"type-product","3":"status-publish","4":"has-post-thumbnail","6":"product_cat-ogrlice","7":"product_cat-zapestnice","8":"product_cat-kompleti","10":"first","11":"instock","12":"sale","13":"sold-individually","14":"purchasable","15":"product-type-simple"},"jetpack_sharing_enabled":true,"_links":{"self":[{"href":"https:\/\/shop.lilalom.com\/index.php\/wp-json\/wp\/v2\/product\/12648","targetHints":{"allow":["GET"]}}],"collection":[{"href":"https:\/\/shop.lilalom.com\/index.php\/wp-json\/wp\/v2\/product"}],"about":[{"href":"https:\/\/shop.lilalom.com\/index.php\/wp-json\/wp\/v2\/types\/product"}],"replies":[{"embeddable":true,"href":"https:\/\/shop.lilalom.com\/index.php\/wp-json\/wp\/v2\/comments?post=12648"}],"wp:featuredmedia":[{"embeddable":true,"href":"https:\/\/shop.lilalom.com\/index.php\/wp-json\/wp\/v2\/media\/12649"}],"wp:attachment":[{"href":"https:\/\/shop.lilalom.com\/index.php\/wp-json\/wp\/v2\/media?parent=12648"}],"wp:term":[{"taxonomy":"product_cat","embeddable":true,"href":"https:\/\/shop.lilalom.com\/index.php\/wp-json\/wp\/v2\/product_cat?post=12648"},{"taxonomy":"product_tag","embeddable":true,"href":"https:\/\/shop.lilalom.com\/index.php\/wp-json\/wp\/v2\/product_tag?post=12648"}],"curies":[{"name":"wp","href":"https:\/\/api.w.org\/{rel}","templated":true}]}}