{"id":12651,"date":"2023-03-16T12:22:37","date_gmt":"2023-03-16T11:22:37","guid":{"rendered":"https:\/\/shop.lilalom.com\/?post_type=product&#038;p=12651"},"modified":"2025-12-05T20:42:51","modified_gmt":"2025-12-05T19:42:51","slug":"obesek-za-oglico-srce-z-zitnim-klasom","status":"publish","type":"product","link":"https:\/\/shop.lilalom.com\/index.php\/izdelek\/obesek-za-oglico-srce-z-zitnim-klasom\/","title":{"rendered":"Prosojen obesek z ogrlico z travni\u0161kimi cvetlicami"},"content":{"rendered":"<p>O\u010darljiva in ne\u017ena, ta prosojen obesek z ogrlico vas bo popeljal na sprehod skozi cveto\u010d travnik. Izdelan iz visokokakovostnega nerjave\u010dega jekla, je ta ogrlica trajna in odporna na obrabo, medtem ko dodaja pridih naravne lepote va\u0161emu vsakdanjemu videzu.<\/p>\n<p>Glavne zna\u010dilnosti:<\/p>\n<ul>\n<li>Prosojen obesek: Oblikovan z ljubeznijo do detajlov, ta obesek prikazuje osupljivo podobo travni\u0161kih cvetlic, ki se prelivajo skozi prozorno steklo. Vsak cvetni list je natan\u010dno izrezan, kar daje obesku \u010daroben in subtilen videz.<\/li>\n<li>Nerjave\u010de jeklo: Vsi deli na ogrlici, vklju\u010dno z verigo in obeskom, so izdelani iz vrhunskega nerjave\u010dega jekla, ki zagotavlja dolgotrajno uporabo brez rjavenja ali zbledelosti barv.<\/li>\n<\/ul>\n<p>Ogrlica s prosojnim obeskom je popolno darilo za ljubitelje narave ali za tiste, ki cenijo prefinjenost in subtilnost v svojem nakitu. Ne glede na prilo\u017enost, ta ogrlica bo zagotovo pritegnila poglede in poudarila va\u0161 edinstven stil.<\/p>\n<p>&#8211; Velikost obeska je pribli\u017eno 4 cm.<br \/>\n&#8211; Dol\u017eina ogrlice je pribli\u017eno 50 cm.<\/p>\n","protected":false},"excerpt":{"rendered":"<p>O\u010darljiva in ne\u017ena, ta prosojen obesek z ogrlico vas bo popeljal na sprehod skozi cveto\u010d travnik. Izdelan iz visokokakovostnega nerjave\u010dega jekla, je ta ogrlica trajna in odporna na obrabo, medtem ko dodaja pridih naravne lepote va\u0161emu vsakdanjemu videzu. Glavne zna\u010dilnosti: Prosojen obesek: Oblikovan z ljubeznijo do detajlov, ta obesek prikazuje osupljivo podobo travni\u0161kih cvetlic, ki [&hellip;]<\/p>\n","protected":false},"featured_media":12969,"comment_status":"open","ping_status":"closed","template":"","meta":{"_eb_attr":""},"product_cat":[23],"product_tag":[],"class_list":{"0":"post-12651","1":"product","2":"type-product","3":"status-publish","4":"has-post-thumbnail","6":"product_cat-ogrlice","8":"first","9":"outofstock","10":"sold-individually","11":"purchasable","12":"product-type-simple"},"jetpack_sharing_enabled":true,"_links":{"self":[{"href":"https:\/\/shop.lilalom.com\/index.php\/wp-json\/wp\/v2\/product\/12651","targetHints":{"allow":["GET"]}}],"collection":[{"href":"https:\/\/shop.lilalom.com\/index.php\/wp-json\/wp\/v2\/product"}],"about":[{"href":"https:\/\/shop.lilalom.com\/index.php\/wp-json\/wp\/v2\/types\/product"}],"replies":[{"embeddable":true,"href":"https:\/\/shop.lilalom.com\/index.php\/wp-json\/wp\/v2\/comments?post=12651"}],"wp:featuredmedia":[{"embeddable":true,"href":"https:\/\/shop.lilalom.com\/index.php\/wp-json\/wp\/v2\/media\/12969"}],"wp:attachment":[{"href":"https:\/\/shop.lilalom.com\/index.php\/wp-json\/wp\/v2\/media?parent=12651"}],"wp:term":[{"taxonomy":"product_cat","embeddable":true,"href":"https:\/\/shop.lilalom.com\/index.php\/wp-json\/wp\/v2\/product_cat?post=12651"},{"taxonomy":"product_tag","embeddable":true,"href":"https:\/\/shop.lilalom.com\/index.php\/wp-json\/wp\/v2\/product_tag?post=12651"}],"curies":[{"name":"wp","href":"https:\/\/api.w.org\/{rel}","templated":true}]}}