{"id":12687,"date":"2024-06-03T15:30:40","date_gmt":"2024-06-03T13:30:40","guid":{"rendered":"https:\/\/shop.lilalom.com\/?post_type=product&#038;p=12687"},"modified":"2024-08-22T10:02:28","modified_gmt":"2024-08-22T08:02:28","slug":"veliki-okrogli-uhani-z-vrtnico-in-blescicami","status":"publish","type":"product","link":"https:\/\/shop.lilalom.com\/index.php\/izdelek\/veliki-okrogli-uhani-z-vrtnico-in-blescicami\/","title":{"rendered":"Dolgi vise\u010di uhani z cvetovi prave travni\u0161ke rese"},"content":{"rendered":"<p data-sourcepos=\"5:1-5:63\">Te \u010dudovite vise\u010de uhane so prava pa\u0161a za o\u010di. Dolgi\u00a0<span style=\"color: var(--rz-text-color); font-family: var(--rz-font-family-primary);\">elegantni <\/span><span style=\"color: var(--rz-text-color); font-family: var(--rz-font-family-primary);\">uhani z pravimi cvetovi travni\u0161ke rese so izdelani iz nerjave\u010dega jekla in so okra\u0161eni z rahlimi ble\u0161\u010dicami, ki jim dajejo \u010daroben sijaj. U\u0161esni mehanizem na francosko zapiranje poskrbi za udobno in varno no\u0161enje.<\/span><\/p>\n<p data-sourcepos=\"7:1-7:27\"><strong>Zakaj izbrati te uhane?<\/strong><\/p>\n<ul data-sourcepos=\"9:1-10:156\">\n<li data-sourcepos=\"9:1-9:181\"><strong>Edinstven dizajn:<\/strong> Cvetovi travni\u0161ke rese so edinstveni in naravni, kar pomeni, da so tudi va\u0161i uhani edinstveni. Nosite s seboj ko\u0161\u010dek narave, ki ga ni nikjer drugje na svetu.<\/li>\n<li data-sourcepos=\"10:1-10:156\"><strong>Visokokakovostni materiali:<\/strong> Izdelani iz nerjave\u010dega jekla, so ti uhani trpe\u017eni in ne povzro\u010dajo alergij. Lahko ste prepri\u010dani, da boste u\u017eivali v njih \u0161e dolga leta.<\/li>\n<li data-sourcepos=\"11:1-11:211\"><strong>Elegantno in prefinjeno:<\/strong> Ti uhani so hkrati elegantni in prefinjeni, kar jih naredi popolno izbiro za vsako prilo\u017enost. Nosite jih lahko na posebne prilo\u017enosti ali pa jih dodajte svojemu vsakdanjemu slogu.<\/li>\n<li data-sourcepos=\"12:1-12:156\"><strong>Udobno no\u0161enje:<\/strong> U\u0161esni mehanizem na francosko zapiranje poskrbi za udobno in varno no\u0161enje. Ne boste se morali skrbeti, da bi vam uhani padli iz u\u0161es.<\/li>\n<li data-sourcepos=\"13:1-14:0\"><strong>Popolno darilo:<\/strong> Ti \u010dudoviti uhani so premi\u0161ljeno in izvirno darilo za vsako \u017eensko, ki ceni lepoto narave in edinstvene dodatke.<\/li>\n<\/ul>\n<p data-sourcepos=\"17:1-17:24\"><strong>Dodatne informacije:<\/strong><\/p>\n<ul data-sourcepos=\"19:1-19:1\">\n<li data-sourcepos=\"19:1-19:1\">Material: Nerjave\u010de jeklo<\/li>\n<li data-sourcepos=\"20:1-20:37\">Barva: Srebrna z rahlimi ble\u0161\u010dicami<\/li>\n<li data-sourcepos=\"21:1-21:36\">Dimenzije: Dol\u017eina uhanov cca 7 cm<\/li>\n<\/ul>\n","protected":false},"excerpt":{"rendered":"<p>Te \u010dudovite vise\u010de uhane so prava pa\u0161a za o\u010di. Dolgi\u00a0elegantni uhani z pravimi cvetovi travni\u0161ke rese so izdelani iz nerjave\u010dega jekla in so okra\u0161eni z rahlimi ble\u0161\u010dicami, ki jim dajejo \u010daroben sijaj. U\u0161esni mehanizem na francosko zapiranje poskrbi za udobno in varno no\u0161enje. Zakaj izbrati te uhane? Edinstven dizajn: Cvetovi travni\u0161ke rese so edinstveni in [&hellip;]<\/p>\n","protected":false},"featured_media":13012,"comment_status":"open","ping_status":"closed","template":"","meta":{"_eb_attr":""},"product_cat":[199],"product_tag":[],"class_list":{"0":"post-12687","1":"product","2":"type-product","3":"status-publish","4":"has-post-thumbnail","6":"product_cat-viseci-uhani","8":"first","9":"instock","10":"featured","11":"sold-individually","12":"purchasable","13":"product-type-simple"},"jetpack_sharing_enabled":true,"_links":{"self":[{"href":"https:\/\/shop.lilalom.com\/index.php\/wp-json\/wp\/v2\/product\/12687","targetHints":{"allow":["GET"]}}],"collection":[{"href":"https:\/\/shop.lilalom.com\/index.php\/wp-json\/wp\/v2\/product"}],"about":[{"href":"https:\/\/shop.lilalom.com\/index.php\/wp-json\/wp\/v2\/types\/product"}],"replies":[{"embeddable":true,"href":"https:\/\/shop.lilalom.com\/index.php\/wp-json\/wp\/v2\/comments?post=12687"}],"wp:featuredmedia":[{"embeddable":true,"href":"https:\/\/shop.lilalom.com\/index.php\/wp-json\/wp\/v2\/media\/13012"}],"wp:attachment":[{"href":"https:\/\/shop.lilalom.com\/index.php\/wp-json\/wp\/v2\/media?parent=12687"}],"wp:term":[{"taxonomy":"product_cat","embeddable":true,"href":"https:\/\/shop.lilalom.com\/index.php\/wp-json\/wp\/v2\/product_cat?post=12687"},{"taxonomy":"product_tag","embeddable":true,"href":"https:\/\/shop.lilalom.com\/index.php\/wp-json\/wp\/v2\/product_tag?post=12687"}],"curies":[{"name":"wp","href":"https:\/\/api.w.org\/{rel}","templated":true}]}}