{"id":12704,"date":"2023-03-18T12:06:13","date_gmt":"2023-03-18T11:06:13","guid":{"rendered":"https:\/\/shop.lilalom.com\/?post_type=product&#038;p=12704"},"modified":"2023-03-18T12:06:13","modified_gmt":"2023-03-18T11:06:13","slug":"klasicni-majhni-okrogli-uhani-z-barvnimi-blescicami","status":"publish","type":"product","link":"https:\/\/shop.lilalom.com\/index.php\/izdelek\/klasicni-majhni-okrogli-uhani-z-barvnimi-blescicami\/","title":{"rendered":"Klasi\u010dni majhni okrogli uhani z barvnimi ble\u0161\u010dicami"},"content":{"rendered":"<p>\u010cudoviti majhni okrogli uhani z barvnimi ble\u0161\u010dicami, ki so popolni za vsako prilo\u017enost.<\/p>\n<p>Uhani so narejeni iz kakovostnih materialov, ki so varni za no\u0161enje in dolgo trajajo. Imajo majhno, a opazno obliko, ki se lepo prilega u\u0161esu in s svojimi barvnimi ble\u0161\u010dicami ujamejo vsako svetlobo.<\/p>\n<p>Velikost uhanov je 8 mm. Izdelani so iz ekolo\u0161ke smole in nerjave\u010dega jekla.<br \/>\nZa zatikanje prejmete tudi \u010depke iz nerjave\u010dega jekla.<\/p>\n<p>Vsi jekleni deli so iz nerjave\u010dega jekla in niso alergeni.<\/p>\n","protected":false},"excerpt":{"rendered":"<p>\u010cudoviti majhni okrogli uhani z barvnimi ble\u0161\u010dicami, ki so popolni za vsako prilo\u017enost. Uhani so narejeni iz kakovostnih materialov, ki so varni za no\u0161enje in dolgo trajajo. Imajo majhno, a opazno obliko, ki se lepo prilega u\u0161esu in s svojimi barvnimi ble\u0161\u010dicami ujamejo vsako svetlobo. Velikost uhanov je 8 mm. Izdelani so iz ekolo\u0161ke smole [&hellip;]<\/p>\n","protected":false},"featured_media":12705,"comment_status":"open","ping_status":"closed","template":"","meta":{"_eb_attr":""},"product_cat":[198],"product_tag":[],"class_list":{"0":"post-12704","1":"product","2":"type-product","3":"status-publish","4":"has-post-thumbnail","6":"product_cat-klasicni-uhani","8":"first","9":"instock","10":"purchasable","11":"product-type-simple"},"jetpack_sharing_enabled":true,"_links":{"self":[{"href":"https:\/\/shop.lilalom.com\/index.php\/wp-json\/wp\/v2\/product\/12704","targetHints":{"allow":["GET"]}}],"collection":[{"href":"https:\/\/shop.lilalom.com\/index.php\/wp-json\/wp\/v2\/product"}],"about":[{"href":"https:\/\/shop.lilalom.com\/index.php\/wp-json\/wp\/v2\/types\/product"}],"replies":[{"embeddable":true,"href":"https:\/\/shop.lilalom.com\/index.php\/wp-json\/wp\/v2\/comments?post=12704"}],"wp:featuredmedia":[{"embeddable":true,"href":"https:\/\/shop.lilalom.com\/index.php\/wp-json\/wp\/v2\/media\/12705"}],"wp:attachment":[{"href":"https:\/\/shop.lilalom.com\/index.php\/wp-json\/wp\/v2\/media?parent=12704"}],"wp:term":[{"taxonomy":"product_cat","embeddable":true,"href":"https:\/\/shop.lilalom.com\/index.php\/wp-json\/wp\/v2\/product_cat?post=12704"},{"taxonomy":"product_tag","embeddable":true,"href":"https:\/\/shop.lilalom.com\/index.php\/wp-json\/wp\/v2\/product_tag?post=12704"}],"curies":[{"name":"wp","href":"https:\/\/api.w.org\/{rel}","templated":true}]}}