{"id":12713,"date":"2023-03-19T14:47:07","date_gmt":"2023-03-19T13:47:07","guid":{"rendered":"https:\/\/shop.lilalom.com\/?post_type=product&#038;p=12713"},"modified":"2025-03-14T14:25:58","modified_gmt":"2025-03-14T13:25:58","slug":"usnjena-oglica-z-medaljonom-iz-cvetov-vrese","status":"publish","type":"product","link":"https:\/\/shop.lilalom.com\/index.php\/izdelek\/usnjena-oglica-z-medaljonom-iz-cvetov-vrese\/","title":{"rendered":"Usnjena ogrlica z medaljonom iz cvetov vrese"},"content":{"rendered":"<p>Ta ogrlica z medaljonom je resni\u010dno posebna, saj zdru\u017euje naravne elemente in sodobne materiale. Medaljon je narejen iz cvetov vrese, ki so dani v ekolo\u0161ko smolo, kar pomeni, da je ta ogrlica okolju prijazna.<\/p>\n<p>Ogrlica je ro\u010dno izdelana, zato vsak okus lahko nekoliko variira po velikosti in obliki, kar ji daje unikaten videz. Ta ogrlica bi bila primerna za vsakodnevno no\u0161enje ali kot darilo za ljubitelje narave in unikatnega nakita.<\/p>\n<p>Velikost obeska je pribli\u017eno 5 x 4 cm. Ogrlica je iz usnja dol\u017eine pribli\u017eno 46 cm. Podalj\u0161ek je cca 5 cm. Vsi kovinski deli so iz nerjave\u010dega jekla, katero ne povzro\u010da alergij.<\/p>\n","protected":false},"excerpt":{"rendered":"<p>Ta ogrlica z medaljonom je resni\u010dno posebna, saj zdru\u017euje naravne elemente in sodobne materiale. Medaljon je narejen iz cvetov vrese, ki so dani v ekolo\u0161ko smolo, kar pomeni, da je ta ogrlica okolju prijazna. Ogrlica je ro\u010dno izdelana, zato vsak okus lahko nekoliko variira po velikosti in obliki, kar ji daje unikaten videz. Ta ogrlica [&hellip;]<\/p>\n","protected":false},"featured_media":12715,"comment_status":"open","ping_status":"closed","template":"","meta":{"_eb_attr":""},"product_cat":[23],"product_tag":[],"class_list":{"0":"post-12713","1":"product","2":"type-product","3":"status-publish","4":"has-post-thumbnail","6":"product_cat-ogrlice","8":"first","9":"instock","10":"sale","11":"featured","12":"sold-individually","13":"purchasable","14":"product-type-simple"},"jetpack_sharing_enabled":true,"_links":{"self":[{"href":"https:\/\/shop.lilalom.com\/index.php\/wp-json\/wp\/v2\/product\/12713","targetHints":{"allow":["GET"]}}],"collection":[{"href":"https:\/\/shop.lilalom.com\/index.php\/wp-json\/wp\/v2\/product"}],"about":[{"href":"https:\/\/shop.lilalom.com\/index.php\/wp-json\/wp\/v2\/types\/product"}],"replies":[{"embeddable":true,"href":"https:\/\/shop.lilalom.com\/index.php\/wp-json\/wp\/v2\/comments?post=12713"}],"wp:featuredmedia":[{"embeddable":true,"href":"https:\/\/shop.lilalom.com\/index.php\/wp-json\/wp\/v2\/media\/12715"}],"wp:attachment":[{"href":"https:\/\/shop.lilalom.com\/index.php\/wp-json\/wp\/v2\/media?parent=12713"}],"wp:term":[{"taxonomy":"product_cat","embeddable":true,"href":"https:\/\/shop.lilalom.com\/index.php\/wp-json\/wp\/v2\/product_cat?post=12713"},{"taxonomy":"product_tag","embeddable":true,"href":"https:\/\/shop.lilalom.com\/index.php\/wp-json\/wp\/v2\/product_tag?post=12713"}],"curies":[{"name":"wp","href":"https:\/\/api.w.org\/{rel}","templated":true}]}}