{"id":12804,"date":"2023-03-28T19:23:56","date_gmt":"2023-03-28T17:23:56","guid":{"rendered":"https:\/\/shop.lilalom.com\/?post_type=product&#038;p=12804"},"modified":"2023-03-28T21:54:56","modified_gmt":"2023-03-28T19:54:56","slug":"zeleni-viseci-okrogli-uhani-z-zlatimi-blescicamni","status":"publish","type":"product","link":"https:\/\/shop.lilalom.com\/index.php\/izdelek\/zeleni-viseci-okrogli-uhani-z-zlatimi-blescicamni\/","title":{"rendered":"Zeleni vise\u010di okrogli uhani z zlatimi ble\u0161\u010dicamni"},"content":{"rendered":"<p>Zeleni okrogli uhani z zlatimi ble\u0161\u010dicami so narejeni iz najbolj\u0161ih materialov &#8211; nerjave\u010dega jekla in ekolo\u0161ke smole. Ti uhani so ro\u010dno izdelani, kar zagotavlja njihovo edinstvenost in kakovost. Zelena barva in zlate ble\u0161\u010dice bodo gotovo pritegnile pozornost, medtem ko bo uporaba trajnih materialov poskrbela, da bodo va\u0161i uhani trajali ve\u010d let. Ti uhani so popoln dodatek za vsako prilo\u017enost in bodo zagotovo popestrili va\u0161o garderobo.<\/p>\n<p>Velikost uhanov je 12 mm.<br \/>\nZa zatikanje prejmete tudi silikonske \u010depke.<\/p>\n","protected":false},"excerpt":{"rendered":"<p>Zeleni okrogli uhani z zlatimi ble\u0161\u010dicami so narejeni iz najbolj\u0161ih materialov &#8211; nerjave\u010dega jekla in ekolo\u0161ke smole. Ti uhani so ro\u010dno izdelani, kar zagotavlja njihovo edinstvenost in kakovost. Zelena barva in zlate ble\u0161\u010dice bodo gotovo pritegnile pozornost, medtem ko bo uporaba trajnih materialov poskrbela, da bodo va\u0161i uhani trajali ve\u010d let. Ti uhani so popoln [&hellip;]<\/p>\n","protected":false},"featured_media":12806,"comment_status":"open","ping_status":"closed","template":"","meta":{"_eb_attr":""},"product_cat":[199],"product_tag":[],"class_list":{"0":"post-12804","1":"product","2":"type-product","3":"status-publish","4":"has-post-thumbnail","6":"product_cat-viseci-uhani","8":"first","9":"instock","10":"sale","11":"sold-individually","12":"purchasable","13":"product-type-simple"},"jetpack_sharing_enabled":true,"_links":{"self":[{"href":"https:\/\/shop.lilalom.com\/index.php\/wp-json\/wp\/v2\/product\/12804","targetHints":{"allow":["GET"]}}],"collection":[{"href":"https:\/\/shop.lilalom.com\/index.php\/wp-json\/wp\/v2\/product"}],"about":[{"href":"https:\/\/shop.lilalom.com\/index.php\/wp-json\/wp\/v2\/types\/product"}],"replies":[{"embeddable":true,"href":"https:\/\/shop.lilalom.com\/index.php\/wp-json\/wp\/v2\/comments?post=12804"}],"wp:featuredmedia":[{"embeddable":true,"href":"https:\/\/shop.lilalom.com\/index.php\/wp-json\/wp\/v2\/media\/12806"}],"wp:attachment":[{"href":"https:\/\/shop.lilalom.com\/index.php\/wp-json\/wp\/v2\/media?parent=12804"}],"wp:term":[{"taxonomy":"product_cat","embeddable":true,"href":"https:\/\/shop.lilalom.com\/index.php\/wp-json\/wp\/v2\/product_cat?post=12804"},{"taxonomy":"product_tag","embeddable":true,"href":"https:\/\/shop.lilalom.com\/index.php\/wp-json\/wp\/v2\/product_tag?post=12804"}],"curies":[{"name":"wp","href":"https:\/\/api.w.org\/{rel}","templated":true}]}}