{"id":12808,"date":"2025-02-02T22:00:17","date_gmt":"2025-02-02T21:00:17","guid":{"rendered":"https:\/\/shop.lilalom.com\/?post_type=product&#038;p=12808"},"modified":"2025-02-08T16:27:45","modified_gmt":"2025-02-08T15:27:45","slug":"uhani-z-cvetlico-spireje-kopija","status":"publish","type":"product","link":"https:\/\/shop.lilalom.com\/index.php\/izdelek\/uhani-z-cvetlico-spireje-kopija\/","title":{"rendered":"Klasi\u010dni zeleni okrogli uhani z ble\u0161\u010dicami"},"content":{"rendered":"<p>Klasi\u010dni zeleni okrogli uhani z ble\u0161\u010dicami! Ti uhani so izdelani iz kakovostnih materialov &#8211; nerjave\u010dega jekla in ekolo\u0161ke smole, ki so trajni in odporni. Uhani so ro\u010dno izdelani in imajo edinstven dizajn, ki zdru\u017euje klasi\u010dno obliko z kan\u010dkom ble\u0161\u010dic. Zelena barva se preliva pod razli\u010dnimi koti, kar zagotavlja, da bodo va\u0161i uhani vedno videti druga\u010dni in privla\u010dni. Ti uhani so primerni za vse prilo\u017enosti in bodo gotovo pritegnili pozornost. Dodajte jih svoji zbirki nakita in si zagotovite popoln dodatek za vsako prilo\u017enost.<\/p>\n<p>Velikost uhanov je 8 mm. Izdelani so iz ekolo\u0161ke smole in nerjave\u010dega jekla.<br \/>\nZa zatikanje prejmete tudi \u010depke iz nerjave\u010dega jekla.<\/p>\n<p>Vsi jekleni deli so iz nerjave\u010dega jekla in niso alergeni.<\/p>\n","protected":false},"excerpt":{"rendered":"<p>Klasi\u010dni zeleni okrogli uhani z ble\u0161\u010dicami! Ti uhani so izdelani iz kakovostnih materialov &#8211; nerjave\u010dega jekla in ekolo\u0161ke smole, ki so trajni in odporni. Uhani so ro\u010dno izdelani in imajo edinstven dizajn, ki zdru\u017euje klasi\u010dno obliko z kan\u010dkom ble\u0161\u010dic. Zelena barva se preliva pod razli\u010dnimi koti, kar zagotavlja, da bodo va\u0161i uhani vedno videti druga\u010dni [&hellip;]<\/p>\n","protected":false},"featured_media":13748,"comment_status":"open","ping_status":"closed","template":"","meta":{"_eb_attr":""},"product_cat":[198],"product_tag":[],"class_list":{"0":"post-12808","1":"product","2":"type-product","3":"status-publish","4":"has-post-thumbnail","6":"product_brand-lilalom","7":"product_cat-klasicni-uhani","9":"first","10":"instock","11":"sold-individually","12":"purchasable","13":"product-type-simple"},"jetpack_sharing_enabled":true,"_links":{"self":[{"href":"https:\/\/shop.lilalom.com\/index.php\/wp-json\/wp\/v2\/product\/12808","targetHints":{"allow":["GET"]}}],"collection":[{"href":"https:\/\/shop.lilalom.com\/index.php\/wp-json\/wp\/v2\/product"}],"about":[{"href":"https:\/\/shop.lilalom.com\/index.php\/wp-json\/wp\/v2\/types\/product"}],"replies":[{"embeddable":true,"href":"https:\/\/shop.lilalom.com\/index.php\/wp-json\/wp\/v2\/comments?post=12808"}],"wp:featuredmedia":[{"embeddable":true,"href":"https:\/\/shop.lilalom.com\/index.php\/wp-json\/wp\/v2\/media\/13748"}],"wp:attachment":[{"href":"https:\/\/shop.lilalom.com\/index.php\/wp-json\/wp\/v2\/media?parent=12808"}],"wp:term":[{"taxonomy":"product_cat","embeddable":true,"href":"https:\/\/shop.lilalom.com\/index.php\/wp-json\/wp\/v2\/product_cat?post=12808"},{"taxonomy":"product_tag","embeddable":true,"href":"https:\/\/shop.lilalom.com\/index.php\/wp-json\/wp\/v2\/product_tag?post=12808"}],"curies":[{"name":"wp","href":"https:\/\/api.w.org\/{rel}","templated":true}]}}