{"id":12812,"date":"2023-03-28T22:39:19","date_gmt":"2023-03-28T20:39:19","guid":{"rendered":"https:\/\/shop.lilalom.com\/?post_type=product&#038;p=12812"},"modified":"2023-04-14T14:51:30","modified_gmt":"2023-04-14T12:51:30","slug":"uhani-v-obliki-metulja-z-blescecimi-listici","status":"publish","type":"product","link":"https:\/\/shop.lilalom.com\/index.php\/izdelek\/uhani-v-obliki-metulja-z-blescecimi-listici\/","title":{"rendered":"Uhani v obliki metulja z ble\u0161\u010de\u010dimi listi\u010di"},"content":{"rendered":"<p>\u010cudoviti uhani v obliki metulja z ble\u0161\u010de\u010dimi listi\u010di! Ti uhani so izdelani iz najbolj\u0161ih materialov &#8211; nerjave\u010dega jekla in ekolo\u0161ke smole, ki so trajni in odporni. Dizajn v obliki metulja bo zagotovo pritegnil pozornost, medtem ko bodo ble\u0161\u010de\u010di listi\u010di dodali posebno eleganco in glamur va\u0161emu izgledu. Uhani so ro\u010dno izdelani in imajo edinstveno obliko, ki bo poudarila va\u0161 stil. Ti uhani so primerni za razli\u010dne prilo\u017enosti in bodo zagotovo osve\u017eili va\u0161o garderobo. Izberite na\u0161e uhane v obliki metulja in poka\u017eite svoj edinstven slog!<\/p>\n<p>Velikost uhanov je 12 mm. Izdelani so iz ekolo\u0161ke smole in nerjave\u010dega jekla.<\/p>\n<p>Vsi deli so iz nerjave\u010dega jekla in niso alergeni.<\/p>\n","protected":false},"excerpt":{"rendered":"<p>\u010cudoviti uhani v obliki metulja z ble\u0161\u010de\u010dimi listi\u010di! Ti uhani so izdelani iz najbolj\u0161ih materialov &#8211; nerjave\u010dega jekla in ekolo\u0161ke smole, ki so trajni in odporni. Dizajn v obliki metulja bo zagotovo pritegnil pozornost, medtem ko bodo ble\u0161\u010de\u010di listi\u010di dodali posebno eleganco in glamur va\u0161emu izgledu. Uhani so ro\u010dno izdelani in imajo edinstveno obliko, ki [&hellip;]<\/p>\n","protected":false},"featured_media":12813,"comment_status":"open","ping_status":"closed","template":"","meta":{"_eb_attr":""},"product_cat":[199],"product_tag":[],"class_list":{"0":"post-12812","1":"product","2":"type-product","3":"status-publish","4":"has-post-thumbnail","6":"product_cat-viseci-uhani","8":"first","9":"instock","10":"sold-individually","11":"purchasable","12":"product-type-simple"},"jetpack_sharing_enabled":true,"_links":{"self":[{"href":"https:\/\/shop.lilalom.com\/index.php\/wp-json\/wp\/v2\/product\/12812","targetHints":{"allow":["GET"]}}],"collection":[{"href":"https:\/\/shop.lilalom.com\/index.php\/wp-json\/wp\/v2\/product"}],"about":[{"href":"https:\/\/shop.lilalom.com\/index.php\/wp-json\/wp\/v2\/types\/product"}],"replies":[{"embeddable":true,"href":"https:\/\/shop.lilalom.com\/index.php\/wp-json\/wp\/v2\/comments?post=12812"}],"wp:featuredmedia":[{"embeddable":true,"href":"https:\/\/shop.lilalom.com\/index.php\/wp-json\/wp\/v2\/media\/12813"}],"wp:attachment":[{"href":"https:\/\/shop.lilalom.com\/index.php\/wp-json\/wp\/v2\/media?parent=12812"}],"wp:term":[{"taxonomy":"product_cat","embeddable":true,"href":"https:\/\/shop.lilalom.com\/index.php\/wp-json\/wp\/v2\/product_cat?post=12812"},{"taxonomy":"product_tag","embeddable":true,"href":"https:\/\/shop.lilalom.com\/index.php\/wp-json\/wp\/v2\/product_tag?post=12812"}],"curies":[{"name":"wp","href":"https:\/\/api.w.org\/{rel}","templated":true}]}}