{"id":12816,"date":"2023-03-28T22:51:25","date_gmt":"2023-03-28T20:51:25","guid":{"rendered":"https:\/\/shop.lilalom.com\/?post_type=product&#038;p=12816"},"modified":"2024-06-03T13:12:08","modified_gmt":"2024-06-03T11:12:08","slug":"oglati-uhani-z-blescicami-in-svetlecimi-listici","status":"publish","type":"product","link":"https:\/\/shop.lilalom.com\/index.php\/izdelek\/oglati-uhani-z-blescicami-in-svetlecimi-listici\/","title":{"rendered":"Oglati transparentni vise\u010di uhani v svetlo modri barvi z belim prelivom"},"content":{"rendered":"<p data-sourcepos=\"5:1-5:331\">I\u0161\u010dete edinstven in lep par vise\u010dih uhanov, ki so hkrati modni in trajnostni? Potem so ti uhani kot nala\u0161\u010d za vas! Vise\u010di uhani so lahki in udobni za no\u0161enje. Svetlo modra barva z belim prelivom je edinstvena in privla\u010dna, kovinski deli iz nerjave\u010dega jekla pa poskrbijo za dolgotrajnost.<\/p>\n<p data-sourcepos=\"7:1-7:27\"><strong>Zakaj izbrati te uhane?<\/strong><\/p>\n<ul data-sourcepos=\"9:1-15:0\">\n<li data-sourcepos=\"9:1-9:75\">Izdelani so iz ekolo\u0161ke smole, ki je biolo\u0161ko razgradljiva in ne toksi\u010dna.<\/li>\n<li data-sourcepos=\"10:1-10:69\">Ro\u010dno izdelani so z veliko mero ljubezni in pozornosti do detajlov.<\/li>\n<li data-sourcepos=\"11:1-11:82\">Edinstvena svetlo modra barva z belim prelivom bo zagotovo pritegnila pozornost.<\/li>\n<li data-sourcepos=\"12:1-12:69\">Kovinski deli iz nerjave\u010dega jekla so odporni na rjavo in korozijo.<\/li>\n<li data-sourcepos=\"13:1-13:29\">Lahki in udobni za no\u0161enje.<\/li>\n<li data-sourcepos=\"14:1-15:0\">Popolni so za vsakodnevno no\u0161enje ali za posebne prilo\u017enosti.<\/li>\n<\/ul>\n<p data-sourcepos=\"16:1-16:94\"><strong>Ne zamudite te prilo\u017enosti, da si lastite par teh \u010dudovitih uhanov! Naro\u010dite jih \u0161e danes!<\/strong><\/p>\n<p data-sourcepos=\"18:1-18:24\"><strong>Dodatne informacije:<\/strong><\/p>\n<ul data-sourcepos=\"20:1-25:0\">\n<li data-sourcepos=\"20:1-20:43\">Material: Ekolo\u0161ka smola, nerjave\u010de jeklo<\/li>\n<li data-sourcepos=\"21:1-21:38\">Barva: Svetlo modra z belim prelivom<\/li>\n<li data-sourcepos=\"23:1-23:24\">Dimenzije: 25 x 12 x 5 mm<\/li>\n<\/ul>\n","protected":false},"excerpt":{"rendered":"<p>I\u0161\u010dete edinstven in lep par vise\u010dih uhanov, ki so hkrati modni in trajnostni? Potem so ti uhani kot nala\u0161\u010d za vas! Vise\u010di uhani so lahki in udobni za no\u0161enje. Svetlo modra barva z belim prelivom je edinstvena in privla\u010dna, kovinski deli iz nerjave\u010dega jekla pa poskrbijo za dolgotrajnost. Zakaj izbrati te uhane? Izdelani so iz [&hellip;]<\/p>\n","protected":false},"featured_media":12994,"comment_status":"open","ping_status":"closed","template":"","meta":{"_eb_attr":""},"product_cat":[199],"product_tag":[],"class_list":{"0":"post-12816","1":"product","2":"type-product","3":"status-publish","4":"has-post-thumbnail","6":"product_cat-viseci-uhani","8":"first","9":"instock","10":"sold-individually","11":"purchasable","12":"product-type-simple"},"jetpack_sharing_enabled":true,"_links":{"self":[{"href":"https:\/\/shop.lilalom.com\/index.php\/wp-json\/wp\/v2\/product\/12816","targetHints":{"allow":["GET"]}}],"collection":[{"href":"https:\/\/shop.lilalom.com\/index.php\/wp-json\/wp\/v2\/product"}],"about":[{"href":"https:\/\/shop.lilalom.com\/index.php\/wp-json\/wp\/v2\/types\/product"}],"replies":[{"embeddable":true,"href":"https:\/\/shop.lilalom.com\/index.php\/wp-json\/wp\/v2\/comments?post=12816"}],"wp:featuredmedia":[{"embeddable":true,"href":"https:\/\/shop.lilalom.com\/index.php\/wp-json\/wp\/v2\/media\/12994"}],"wp:attachment":[{"href":"https:\/\/shop.lilalom.com\/index.php\/wp-json\/wp\/v2\/media?parent=12816"}],"wp:term":[{"taxonomy":"product_cat","embeddable":true,"href":"https:\/\/shop.lilalom.com\/index.php\/wp-json\/wp\/v2\/product_cat?post=12816"},{"taxonomy":"product_tag","embeddable":true,"href":"https:\/\/shop.lilalom.com\/index.php\/wp-json\/wp\/v2\/product_tag?post=12816"}],"curies":[{"name":"wp","href":"https:\/\/api.w.org\/{rel}","templated":true}]}}