{"id":12820,"date":"2023-03-29T09:55:41","date_gmt":"2023-03-29T07:55:41","guid":{"rendered":"https:\/\/shop.lilalom.com\/?post_type=product&#038;p=12820"},"modified":"2024-07-02T12:11:23","modified_gmt":"2024-07-02T10:11:23","slug":"ogrlica-in-obesek-z-blescecimi-listici","status":"publish","type":"product","link":"https:\/\/shop.lilalom.com\/index.php\/izdelek\/ogrlica-in-obesek-z-blescecimi-listici\/","title":{"rendered":"Ogrlica in obesek z ble\u0161\u010de\u010dimi listi\u010di"},"content":{"rendered":"<p>Okrogli medaljon z ble\u0161\u010dicami je \u010dudovit kos nakita, ki bo zagotovo pritegnil pozornost. Medaljon je izdelan iz ekolo\u0161ke smole in ima obliko kroga s premerom pribli\u017eno 2,7 cm.<\/p>\n<p>Ta edinstven kos nakita je ro\u010dno izdelan iz naravnih materialov, zato je vsak kos nekoliko druga\u010den in edinstven. To mu daje poseben \u010dar in ga naredi za izjemno darilo za posebne prilo\u017enosti, kot so materinski dan, rojstni dnevi, obletnice, valentinovo ali pa preprosto kot simboli\u010den nakit za vsak dan.<\/p>\n<p>Velikost obeska je: 27 mm, dol\u017eina ogrlice je 49 cm. Katero vam lahko poljubno skra\u0161amo ali podalj\u0161amo.<\/p>\n<p>Vsi jekleni deli so iz nerjave\u010dega jekla in niso alergeni.<\/p>\n","protected":false},"excerpt":{"rendered":"<p>Okrogli medaljon z ble\u0161\u010dicami je \u010dudovit kos nakita, ki bo zagotovo pritegnil pozornost. Medaljon je izdelan iz ekolo\u0161ke smole in ima obliko kroga s premerom pribli\u017eno 2,7 cm. Ta edinstven kos nakita je ro\u010dno izdelan iz naravnih materialov, zato je vsak kos nekoliko druga\u010den in edinstven. To mu daje poseben \u010dar in ga naredi za [&hellip;]<\/p>\n","protected":false},"featured_media":12821,"comment_status":"open","ping_status":"closed","template":"","meta":{"_eb_attr":""},"product_cat":[23],"product_tag":[],"class_list":{"0":"post-12820","1":"product","2":"type-product","3":"status-publish","4":"has-post-thumbnail","6":"product_cat-ogrlice","8":"first","9":"instock","10":"sale","11":"sold-individually","12":"purchasable","13":"product-type-simple"},"jetpack_sharing_enabled":true,"_links":{"self":[{"href":"https:\/\/shop.lilalom.com\/index.php\/wp-json\/wp\/v2\/product\/12820","targetHints":{"allow":["GET"]}}],"collection":[{"href":"https:\/\/shop.lilalom.com\/index.php\/wp-json\/wp\/v2\/product"}],"about":[{"href":"https:\/\/shop.lilalom.com\/index.php\/wp-json\/wp\/v2\/types\/product"}],"replies":[{"embeddable":true,"href":"https:\/\/shop.lilalom.com\/index.php\/wp-json\/wp\/v2\/comments?post=12820"}],"wp:featuredmedia":[{"embeddable":true,"href":"https:\/\/shop.lilalom.com\/index.php\/wp-json\/wp\/v2\/media\/12821"}],"wp:attachment":[{"href":"https:\/\/shop.lilalom.com\/index.php\/wp-json\/wp\/v2\/media?parent=12820"}],"wp:term":[{"taxonomy":"product_cat","embeddable":true,"href":"https:\/\/shop.lilalom.com\/index.php\/wp-json\/wp\/v2\/product_cat?post=12820"},{"taxonomy":"product_tag","embeddable":true,"href":"https:\/\/shop.lilalom.com\/index.php\/wp-json\/wp\/v2\/product_tag?post=12820"}],"curies":[{"name":"wp","href":"https:\/\/api.w.org\/{rel}","templated":true}]}}