{"id":12825,"date":"2023-03-29T10:31:57","date_gmt":"2023-03-29T08:31:57","guid":{"rendered":"https:\/\/shop.lilalom.com\/?post_type=product&#038;p=12825"},"modified":"2024-06-10T23:17:55","modified_gmt":"2024-06-10T21:17:55","slug":"zapestnica-z-barvnimi-blescicami","status":"publish","type":"product","link":"https:\/\/shop.lilalom.com\/index.php\/izdelek\/zapestnica-z-barvnimi-blescicami\/","title":{"rendered":"Zapestnica z barvnimi ble\u0161\u010dicami"},"content":{"rendered":"<p>\u010cudovita zapestnica z barvnimi ble\u0161\u010dicami, ki bo va\u0161emu zapestju dodala pravo mero ble\u0161\u010dic in glamurja. Ta zapestnica je izdelana iz kakovostnih materialov, ki zagotavljajo trajnost in udobje pri no\u0161enju. Ble\u0161\u010dice se svetijov razli\u010dnih barvah, kar bo zagotovo pritegnilo pozornost. Zapestnica ima regulacijski sistem, ki omogo\u010da, da jo prilagodite svoji velikosti zapestja, zato je primerna za vsako velikost.<\/p>\n<p>To zapestnico lahko nosite za razli\u010dne prilo\u017enosti, kot so ve\u010derne zabave, poroke, rojstnodnevne zabave, ali pa jo preprosto nosite vsak dan, da dodate malo ble\u0161\u010dic v svoj vsakdan<\/p>\n<p>Vsi deli na zapestnici so iz nerjave\u010dega jekla, katero ne povzro\u010da alergij.<br \/>\nVelikost medaljona je 12 mm, dol\u017eina zapestnice je pribli\u017eno 16 cm z podalj\u0161kom je dol\u017eina 19cm.<\/p>\n","protected":false},"excerpt":{"rendered":"<p>\u010cudovita zapestnica z barvnimi ble\u0161\u010dicami, ki bo va\u0161emu zapestju dodala pravo mero ble\u0161\u010dic in glamurja. Ta zapestnica je izdelana iz kakovostnih materialov, ki zagotavljajo trajnost in udobje pri no\u0161enju. Ble\u0161\u010dice se svetijov razli\u010dnih barvah, kar bo zagotovo pritegnilo pozornost. Zapestnica ima regulacijski sistem, ki omogo\u010da, da jo prilagodite svoji velikosti zapestja, zato je primerna za [&hellip;]<\/p>\n","protected":false},"featured_media":12827,"comment_status":"open","ping_status":"closed","template":"","meta":{"_eb_attr":""},"product_cat":[24],"product_tag":[],"class_list":{"0":"post-12825","1":"product","2":"type-product","3":"status-publish","4":"has-post-thumbnail","6":"product_cat-zapestnice","8":"first","9":"instock","10":"sold-individually","11":"purchasable","12":"product-type-simple"},"jetpack_sharing_enabled":true,"_links":{"self":[{"href":"https:\/\/shop.lilalom.com\/index.php\/wp-json\/wp\/v2\/product\/12825","targetHints":{"allow":["GET"]}}],"collection":[{"href":"https:\/\/shop.lilalom.com\/index.php\/wp-json\/wp\/v2\/product"}],"about":[{"href":"https:\/\/shop.lilalom.com\/index.php\/wp-json\/wp\/v2\/types\/product"}],"replies":[{"embeddable":true,"href":"https:\/\/shop.lilalom.com\/index.php\/wp-json\/wp\/v2\/comments?post=12825"}],"wp:featuredmedia":[{"embeddable":true,"href":"https:\/\/shop.lilalom.com\/index.php\/wp-json\/wp\/v2\/media\/12827"}],"wp:attachment":[{"href":"https:\/\/shop.lilalom.com\/index.php\/wp-json\/wp\/v2\/media?parent=12825"}],"wp:term":[{"taxonomy":"product_cat","embeddable":true,"href":"https:\/\/shop.lilalom.com\/index.php\/wp-json\/wp\/v2\/product_cat?post=12825"},{"taxonomy":"product_tag","embeddable":true,"href":"https:\/\/shop.lilalom.com\/index.php\/wp-json\/wp\/v2\/product_tag?post=12825"}],"curies":[{"name":"wp","href":"https:\/\/api.w.org\/{rel}","templated":true}]}}