{"id":12866,"date":"2023-04-14T13:23:09","date_gmt":"2023-04-14T11:23:09","guid":{"rendered":"https:\/\/shop.lilalom.com\/?post_type=product&#038;p=12866"},"modified":"2025-01-22T14:56:23","modified_gmt":"2025-01-22T13:56:23","slug":"zeleni-uhani-v-obliki-srca","status":"publish","type":"product","link":"https:\/\/shop.lilalom.com\/index.php\/izdelek\/zeleni-uhani-v-obliki-srca\/","title":{"rendered":"Zeleni uhani v obliki srca"},"content":{"rendered":"<p>Zeleni elegantni uhani z zelenim pigmentom. Ti uhani so narejeni iz ekolo\u0161ke smole, kar pomeni, da so prijazni do okolja, poleg tega pa so izdelani tudi iz nerjave\u010dega jekla, ki zagotavlja trajnost in dolgo \u017eivljenjsko dobo.<\/p>\n<p>Ti uhani vam bo zagotovo vzbudil pozornost in vas naredil izstopajo\u010de. Ti uhani so primerni za vsako prilo\u017enost, od vsakodnenega no\u0161enja do formalnih dogodkov.<\/p>\n<p>Poleg tega, da so ti uhani zelo udobni za no\u0161enje, saj so izjemno lahki.<\/p>\n<p>Velikost uhanov je12 mm. Izdelani so iz ekolo\u0161ke smole in nerjave\u010dega jekla.<br \/>\nZa zatikanje prejmete tudi \u010depke iz nerjave\u010dega jekla.<\/p>\n<p>Vsi jekleni deli so iz nerjave\u010dega jekla in niso alergeni.<\/p>\n","protected":false},"excerpt":{"rendered":"<p>Zeleni elegantni uhani z zelenim pigmentom. Ti uhani so narejeni iz ekolo\u0161ke smole, kar pomeni, da so prijazni do okolja, poleg tega pa so izdelani tudi iz nerjave\u010dega jekla, ki zagotavlja trajnost in dolgo \u017eivljenjsko dobo. Ti uhani vam bo zagotovo vzbudil pozornost in vas naredil izstopajo\u010de. Ti uhani so primerni za vsako prilo\u017enost, od [&hellip;]<\/p>\n","protected":false},"featured_media":12869,"comment_status":"open","ping_status":"closed","template":"","meta":{"_eb_attr":""},"product_cat":[216,198],"product_tag":[],"class_list":{"0":"post-12866","1":"product","2":"type-product","3":"status-publish","4":"has-post-thumbnail","6":"product_cat-danzena","7":"product_cat-klasicni-uhani","9":"first","10":"instock","11":"featured","12":"sold-individually","13":"purchasable","14":"product-type-simple"},"jetpack_sharing_enabled":true,"_links":{"self":[{"href":"https:\/\/shop.lilalom.com\/index.php\/wp-json\/wp\/v2\/product\/12866","targetHints":{"allow":["GET"]}}],"collection":[{"href":"https:\/\/shop.lilalom.com\/index.php\/wp-json\/wp\/v2\/product"}],"about":[{"href":"https:\/\/shop.lilalom.com\/index.php\/wp-json\/wp\/v2\/types\/product"}],"replies":[{"embeddable":true,"href":"https:\/\/shop.lilalom.com\/index.php\/wp-json\/wp\/v2\/comments?post=12866"}],"wp:featuredmedia":[{"embeddable":true,"href":"https:\/\/shop.lilalom.com\/index.php\/wp-json\/wp\/v2\/media\/12869"}],"wp:attachment":[{"href":"https:\/\/shop.lilalom.com\/index.php\/wp-json\/wp\/v2\/media?parent=12866"}],"wp:term":[{"taxonomy":"product_cat","embeddable":true,"href":"https:\/\/shop.lilalom.com\/index.php\/wp-json\/wp\/v2\/product_cat?post=12866"},{"taxonomy":"product_tag","embeddable":true,"href":"https:\/\/shop.lilalom.com\/index.php\/wp-json\/wp\/v2\/product_tag?post=12866"}],"curies":[{"name":"wp","href":"https:\/\/api.w.org\/{rel}","templated":true}]}}