{"id":12870,"date":"2023-04-14T13:54:25","date_gmt":"2023-04-14T11:54:25","guid":{"rendered":"https:\/\/shop.lilalom.com\/?post_type=product&#038;p=12870"},"modified":"2023-04-14T14:26:52","modified_gmt":"2023-04-14T12:26:52","slug":"oglati-uhani-z-efektom-marmorja","status":"publish","type":"product","link":"https:\/\/shop.lilalom.com\/index.php\/izdelek\/oglati-uhani-z-efektom-marmorja\/","title":{"rendered":"Oglati uhani z imitacijo marmorja"},"content":{"rendered":"<p>Klasi\u010dne oglati uhani z ble\u0161\u010de\u010dimi pigmenti, ki delujejo kot beli marmor. Ti uhani so narejeni iz ekolo\u0161ke smole in nerjave\u010dega jekla, kar zagotavlja kakovostno izdelavo in trajnost. Uhani so oblikovani v klasi\u010dnem, a hkrati modernem stilu, ki bo ustrezal vsakemu okusu. Ble\u0161\u010de\u010di pigmenti dajejo uhane poseben sijaj in glamur, medtem ko beli marmor u\u010dinek prina\u0161a ob\u010dutek elegance in presti\u017ea.<\/p>\n<p>Uhani so zasnovani tako, da se lepo prilegajo u\u0161esu, hkrati pa so tudi izjemno lahki, kar omogo\u010da udobno no\u0161enje skozi cel dan.<\/p>\n<p>Velikost uhanov je10 mm. Izdelani so iz ekolo\u0161ke smole in nerjave\u010dega jekla.<br \/>\nZa zatikanje prejmete tudi \u010depke iz nerjave\u010dega jekla.<\/p>\n<p>Vsi jekleni deli so iz nerjave\u010dega jekla in niso alergeni.<\/p>\n","protected":false},"excerpt":{"rendered":"<p>Klasi\u010dne oglati uhani z ble\u0161\u010de\u010dimi pigmenti, ki delujejo kot beli marmor. Ti uhani so narejeni iz ekolo\u0161ke smole in nerjave\u010dega jekla, kar zagotavlja kakovostno izdelavo in trajnost. Uhani so oblikovani v klasi\u010dnem, a hkrati modernem stilu, ki bo ustrezal vsakemu okusu. Ble\u0161\u010de\u010di pigmenti dajejo uhane poseben sijaj in glamur, medtem ko beli marmor u\u010dinek prina\u0161a [&hellip;]<\/p>\n","protected":false},"featured_media":12872,"comment_status":"open","ping_status":"closed","template":"","meta":{"_eb_attr":""},"product_cat":[198],"product_tag":[],"class_list":{"0":"post-12870","1":"product","2":"type-product","3":"status-publish","4":"has-post-thumbnail","6":"product_cat-klasicni-uhani","8":"first","9":"instock","10":"sold-individually","11":"purchasable","12":"product-type-simple"},"jetpack_sharing_enabled":true,"_links":{"self":[{"href":"https:\/\/shop.lilalom.com\/index.php\/wp-json\/wp\/v2\/product\/12870","targetHints":{"allow":["GET"]}}],"collection":[{"href":"https:\/\/shop.lilalom.com\/index.php\/wp-json\/wp\/v2\/product"}],"about":[{"href":"https:\/\/shop.lilalom.com\/index.php\/wp-json\/wp\/v2\/types\/product"}],"replies":[{"embeddable":true,"href":"https:\/\/shop.lilalom.com\/index.php\/wp-json\/wp\/v2\/comments?post=12870"}],"wp:featuredmedia":[{"embeddable":true,"href":"https:\/\/shop.lilalom.com\/index.php\/wp-json\/wp\/v2\/media\/12872"}],"wp:attachment":[{"href":"https:\/\/shop.lilalom.com\/index.php\/wp-json\/wp\/v2\/media?parent=12870"}],"wp:term":[{"taxonomy":"product_cat","embeddable":true,"href":"https:\/\/shop.lilalom.com\/index.php\/wp-json\/wp\/v2\/product_cat?post=12870"},{"taxonomy":"product_tag","embeddable":true,"href":"https:\/\/shop.lilalom.com\/index.php\/wp-json\/wp\/v2\/product_tag?post=12870"}],"curies":[{"name":"wp","href":"https:\/\/api.w.org\/{rel}","templated":true}]}}