{"id":12878,"date":"2024-10-11T14:37:08","date_gmt":"2024-10-11T12:37:08","guid":{"rendered":"https:\/\/shop.lilalom.com\/?post_type=product&#038;p=12878"},"modified":"2024-10-12T12:00:16","modified_gmt":"2024-10-12T10:00:16","slug":"uhani-v-obliki-srca-z-okrasno-cvetlico","status":"publish","type":"product","link":"https:\/\/shop.lilalom.com\/index.php\/izdelek\/uhani-v-obliki-srca-z-okrasno-cvetlico\/","title":{"rendered":"Uhani v obliki zvezdice z ble\u0161\u010dicami in delci cvetlic"},"content":{"rendered":"<p>\u010cudoviti uhani v obliki zvezdice z pravimi delci cvetlic in ble\u0161\u010dicami. Ti uhani so narejeni iz ekolo\u0161ke smole in nerjave\u010dega jekla, kar zagotavlja trajnost in dolgo \u017eivljenjsko dobo. Zvezdi\u010dasta oblika in cvetli\u010dni motiv zagotavljata popolno kombinacijo elegance in ugodja. Ti uhani so primerni za vsako prilo\u017enost, od no\u0161enja vsak dan ali sve\u010danih dogodkov. Lahko so tudi popolno darilo za va\u0161e znance ali prijatelje.<\/p>\n<p>Uhani so zasnovani tako, da se lepo prilegajo u\u0161esu, hkrati pa so tudi izjemno lahki, kar omogo\u010da udobno no\u0161enje skozi cel dan.<\/p>\n<p>Velikost uhanov je 12 mm. Izdelani so iz ekolo\u0161ke smole in nerjave\u010dega jekla.<br \/>\nZa zatikanje prejmete tudi \u010depke iz nerjave\u010dega jekla.<\/p>\n<p>Vsi jekleni deli so iz nerjave\u010dega jekla in niso alergeni.<\/p>\n","protected":false},"excerpt":{"rendered":"<p>\u010cudoviti uhani v obliki zvezdice z pravimi delci cvetlic in ble\u0161\u010dicami. Ti uhani so narejeni iz ekolo\u0161ke smole in nerjave\u010dega jekla, kar zagotavlja trajnost in dolgo \u017eivljenjsko dobo. Zvezdi\u010dasta oblika in cvetli\u010dni motiv zagotavljata popolno kombinacijo elegance in ugodja. Ti uhani so primerni za vsako prilo\u017enost, od no\u0161enja vsak dan ali sve\u010danih dogodkov. Lahko so [&hellip;]<\/p>\n","protected":false},"featured_media":13147,"comment_status":"open","ping_status":"closed","template":"","meta":{"_eb_attr":""},"product_cat":[198],"product_tag":[],"class_list":{"0":"post-12878","1":"product","2":"type-product","3":"status-publish","4":"has-post-thumbnail","6":"product_cat-klasicni-uhani","8":"first","9":"instock","10":"sale","11":"sold-individually","12":"purchasable","13":"product-type-simple"},"jetpack_sharing_enabled":true,"_links":{"self":[{"href":"https:\/\/shop.lilalom.com\/index.php\/wp-json\/wp\/v2\/product\/12878","targetHints":{"allow":["GET"]}}],"collection":[{"href":"https:\/\/shop.lilalom.com\/index.php\/wp-json\/wp\/v2\/product"}],"about":[{"href":"https:\/\/shop.lilalom.com\/index.php\/wp-json\/wp\/v2\/types\/product"}],"replies":[{"embeddable":true,"href":"https:\/\/shop.lilalom.com\/index.php\/wp-json\/wp\/v2\/comments?post=12878"}],"wp:featuredmedia":[{"embeddable":true,"href":"https:\/\/shop.lilalom.com\/index.php\/wp-json\/wp\/v2\/media\/13147"}],"wp:attachment":[{"href":"https:\/\/shop.lilalom.com\/index.php\/wp-json\/wp\/v2\/media?parent=12878"}],"wp:term":[{"taxonomy":"product_cat","embeddable":true,"href":"https:\/\/shop.lilalom.com\/index.php\/wp-json\/wp\/v2\/product_cat?post=12878"},{"taxonomy":"product_tag","embeddable":true,"href":"https:\/\/shop.lilalom.com\/index.php\/wp-json\/wp\/v2\/product_tag?post=12878"}],"curies":[{"name":"wp","href":"https:\/\/api.w.org\/{rel}","templated":true}]}}