{"id":12884,"date":"2023-04-15T11:10:37","date_gmt":"2023-04-15T09:10:37","guid":{"rendered":"https:\/\/shop.lilalom.com\/?post_type=product&#038;p=12884"},"modified":"2023-04-15T11:37:00","modified_gmt":"2023-04-15T09:37:00","slug":"elegantni-viseci-uhani-z-bravnimi-blescicami","status":"publish","type":"product","link":"https:\/\/shop.lilalom.com\/index.php\/izdelek\/elegantni-viseci-uhani-z-bravnimi-blescicami\/","title":{"rendered":"Elegantni vise\u010di uhani z barvnimi ble\u0161\u010dicami"},"content":{"rendered":"<p>Ti elegantni vise\u010di uhani so izdelani iz ekolo\u0161ke smole, ki vsebuje bravne ble\u0161\u010dice. Uhani so videti sijajno in ble\u0161\u010de\u010de, ki bodo zagotovo pritegnili pozornost. Poleg tega je uporaba ekolo\u0161ke smole v izdelavi teh uhanov bolj trajnostna in prijazna do okolja kot uporaba drugih materialov. Ti uhani so primerni za razli\u010dne prilo\u017enosti, od vsakdanjih do posebnih dogodkov.<\/p>\n<p>Velikost uhanov je 10 x 15 mm. Izdelani so iz ekolo\u0161ke smole in nerjave\u010dega jekla.<br \/>\nZatikanje je na klips.<\/p>\n<p>Vsi jekleni deli so iz nerjave\u010dega jekla in niso alergeni.<\/p>\n","protected":false},"excerpt":{"rendered":"<p>Ti elegantni vise\u010di uhani so izdelani iz ekolo\u0161ke smole, ki vsebuje bravne ble\u0161\u010dice. Uhani so videti sijajno in ble\u0161\u010de\u010de, ki bodo zagotovo pritegnili pozornost. Poleg tega je uporaba ekolo\u0161ke smole v izdelavi teh uhanov bolj trajnostna in prijazna do okolja kot uporaba drugih materialov. Ti uhani so primerni za razli\u010dne prilo\u017enosti, od vsakdanjih do posebnih [&hellip;]<\/p>\n","protected":false},"featured_media":12887,"comment_status":"open","ping_status":"closed","template":"","meta":{"_eb_attr":""},"product_cat":[199],"product_tag":[],"class_list":{"0":"post-12884","1":"product","2":"type-product","3":"status-publish","4":"has-post-thumbnail","6":"product_cat-viseci-uhani","8":"first","9":"instock","10":"sold-individually","11":"purchasable","12":"product-type-simple"},"jetpack_sharing_enabled":true,"_links":{"self":[{"href":"https:\/\/shop.lilalom.com\/index.php\/wp-json\/wp\/v2\/product\/12884","targetHints":{"allow":["GET"]}}],"collection":[{"href":"https:\/\/shop.lilalom.com\/index.php\/wp-json\/wp\/v2\/product"}],"about":[{"href":"https:\/\/shop.lilalom.com\/index.php\/wp-json\/wp\/v2\/types\/product"}],"replies":[{"embeddable":true,"href":"https:\/\/shop.lilalom.com\/index.php\/wp-json\/wp\/v2\/comments?post=12884"}],"wp:featuredmedia":[{"embeddable":true,"href":"https:\/\/shop.lilalom.com\/index.php\/wp-json\/wp\/v2\/media\/12887"}],"wp:attachment":[{"href":"https:\/\/shop.lilalom.com\/index.php\/wp-json\/wp\/v2\/media?parent=12884"}],"wp:term":[{"taxonomy":"product_cat","embeddable":true,"href":"https:\/\/shop.lilalom.com\/index.php\/wp-json\/wp\/v2\/product_cat?post=12884"},{"taxonomy":"product_tag","embeddable":true,"href":"https:\/\/shop.lilalom.com\/index.php\/wp-json\/wp\/v2\/product_tag?post=12884"}],"curies":[{"name":"wp","href":"https:\/\/api.w.org\/{rel}","templated":true}]}}