{"id":12891,"date":"2023-04-15T11:57:56","date_gmt":"2023-04-15T09:57:56","guid":{"rendered":"https:\/\/shop.lilalom.com\/?post_type=product&#038;p=12891"},"modified":"2023-04-15T12:07:03","modified_gmt":"2023-04-15T10:07:03","slug":"okrogli-uhani-z-roza-blescicami","status":"publish","type":"product","link":"https:\/\/shop.lilalom.com\/index.php\/izdelek\/okrogli-uhani-z-roza-blescicami\/","title":{"rendered":"Okrogli uhani z roza ble\u0161\u010dicami"},"content":{"rendered":"<p>Ti okrogli uhani so izdelani iz ekolo\u0161ke smole in imajo \u010dudovite roza ble\u0161\u010dice, ki se ble\u0161\u010dijo in ujamejo svetlobo. So lahki in udobni za no\u0161enje ter zagotavljajo eleganten in \u017eenstven videz. Ker so izdelani iz ekolo\u0161ke smole, so bolj trajnostni in prijazni do okolja kot drugi materiali. Ti uhani so primerni za no\u0161enje v vsakodnevnih situacijah ali pa jih lahko kombinirate z ve\u010derno obleko za posebne prilo\u017enosti.<\/p>\n<p>Velikost uhanov je 14 mm. Izdelani so iz ekolo\u0161ke smole in nerjave\u010dega jekla.<br \/>\nZa zatikanje prejmete tudi \u010depke iz nerjave\u010dega jekla.<\/p>\n<p>Vsi jekleni deli so iz nerjave\u010dega jekla in niso alergeni.<\/p>\n","protected":false},"excerpt":{"rendered":"<p>Ti okrogli uhani so izdelani iz ekolo\u0161ke smole in imajo \u010dudovite roza ble\u0161\u010dice, ki se ble\u0161\u010dijo in ujamejo svetlobo. So lahki in udobni za no\u0161enje ter zagotavljajo eleganten in \u017eenstven videz. Ker so izdelani iz ekolo\u0161ke smole, so bolj trajnostni in prijazni do okolja kot drugi materiali. Ti uhani so primerni za no\u0161enje v vsakodnevnih [&hellip;]<\/p>\n","protected":false},"featured_media":12894,"comment_status":"open","ping_status":"closed","template":"","meta":{"_eb_attr":""},"product_cat":[198],"product_tag":[],"class_list":{"0":"post-12891","1":"product","2":"type-product","3":"status-publish","4":"has-post-thumbnail","6":"product_cat-klasicni-uhani","8":"first","9":"instock","10":"sold-individually","11":"purchasable","12":"product-type-simple"},"jetpack_sharing_enabled":true,"_links":{"self":[{"href":"https:\/\/shop.lilalom.com\/index.php\/wp-json\/wp\/v2\/product\/12891","targetHints":{"allow":["GET"]}}],"collection":[{"href":"https:\/\/shop.lilalom.com\/index.php\/wp-json\/wp\/v2\/product"}],"about":[{"href":"https:\/\/shop.lilalom.com\/index.php\/wp-json\/wp\/v2\/types\/product"}],"replies":[{"embeddable":true,"href":"https:\/\/shop.lilalom.com\/index.php\/wp-json\/wp\/v2\/comments?post=12891"}],"wp:featuredmedia":[{"embeddable":true,"href":"https:\/\/shop.lilalom.com\/index.php\/wp-json\/wp\/v2\/media\/12894"}],"wp:attachment":[{"href":"https:\/\/shop.lilalom.com\/index.php\/wp-json\/wp\/v2\/media?parent=12891"}],"wp:term":[{"taxonomy":"product_cat","embeddable":true,"href":"https:\/\/shop.lilalom.com\/index.php\/wp-json\/wp\/v2\/product_cat?post=12891"},{"taxonomy":"product_tag","embeddable":true,"href":"https:\/\/shop.lilalom.com\/index.php\/wp-json\/wp\/v2\/product_tag?post=12891"}],"curies":[{"name":"wp","href":"https:\/\/api.w.org\/{rel}","templated":true}]}}