{"id":12899,"date":"2023-04-15T12:31:26","date_gmt":"2023-04-15T10:31:26","guid":{"rendered":"https:\/\/shop.lilalom.com\/?post_type=product&#038;p=12899"},"modified":"2024-07-19T15:29:51","modified_gmt":"2024-07-19T13:29:51","slug":"zeleni-okrogli-uhani-s-srebrnimi-blescicami","status":"publish","type":"product","link":"https:\/\/shop.lilalom.com\/index.php\/izdelek\/zeleni-okrogli-uhani-s-srebrnimi-blescicami\/","title":{"rendered":"Zeleni okrogli uhani s srebrnimi ble\u0161\u010dicami"},"content":{"rendered":"<p>Uhani so v zeleni barvi in okra\u0161eni s srebrnimi ble\u0161\u010dicami, ki se ble\u0161\u010dijo in ujamejo svetlobo. So lahki in udobni za no\u0161enje, hkrati pa so izdelani iz trpe\u017enih materialov, ki zagotavljajo dolgo \u017eivljenjsko dobo. Ti uhani so primerni za no\u0161enje v vsakodnevnih situacijah ali pa jih lahko kombinirate z ve\u010derno obleko za posebne prilo\u017enosti. Z njimi boste zagotovo pritegnili pozornost in dodali kan\u010dek barve in sijaja va\u0161i garderobi.<\/p>\n<p>Velikost uhanov je 14 mm. Izdelani so iz ekolo\u0161ke smole in nerjave\u010dega jekla.<br \/>\nZa zatikanje prejmete tudi \u010depke iz nerjave\u010dega jekla.<\/p>\n<p>Vsi jekleni deli so iz nerjave\u010dega jekla in niso alergeni.<\/p>\n","protected":false},"excerpt":{"rendered":"<p>Uhani so v zeleni barvi in okra\u0161eni s srebrnimi ble\u0161\u010dicami, ki se ble\u0161\u010dijo in ujamejo svetlobo. So lahki in udobni za no\u0161enje, hkrati pa so izdelani iz trpe\u017enih materialov, ki zagotavljajo dolgo \u017eivljenjsko dobo. Ti uhani so primerni za no\u0161enje v vsakodnevnih situacijah ali pa jih lahko kombinirate z ve\u010derno obleko za posebne prilo\u017enosti. Z [&hellip;]<\/p>\n","protected":false},"featured_media":12901,"comment_status":"open","ping_status":"closed","template":"","meta":{"_eb_attr":""},"product_cat":[198],"product_tag":[],"class_list":{"0":"post-12899","1":"product","2":"type-product","3":"status-publish","4":"has-post-thumbnail","6":"product_cat-klasicni-uhani","8":"first","9":"instock","10":"sold-individually","11":"purchasable","12":"product-type-simple"},"jetpack_sharing_enabled":true,"_links":{"self":[{"href":"https:\/\/shop.lilalom.com\/index.php\/wp-json\/wp\/v2\/product\/12899","targetHints":{"allow":["GET"]}}],"collection":[{"href":"https:\/\/shop.lilalom.com\/index.php\/wp-json\/wp\/v2\/product"}],"about":[{"href":"https:\/\/shop.lilalom.com\/index.php\/wp-json\/wp\/v2\/types\/product"}],"replies":[{"embeddable":true,"href":"https:\/\/shop.lilalom.com\/index.php\/wp-json\/wp\/v2\/comments?post=12899"}],"wp:featuredmedia":[{"embeddable":true,"href":"https:\/\/shop.lilalom.com\/index.php\/wp-json\/wp\/v2\/media\/12901"}],"wp:attachment":[{"href":"https:\/\/shop.lilalom.com\/index.php\/wp-json\/wp\/v2\/media?parent=12899"}],"wp:term":[{"taxonomy":"product_cat","embeddable":true,"href":"https:\/\/shop.lilalom.com\/index.php\/wp-json\/wp\/v2\/product_cat?post=12899"},{"taxonomy":"product_tag","embeddable":true,"href":"https:\/\/shop.lilalom.com\/index.php\/wp-json\/wp\/v2\/product_tag?post=12899"}],"curies":[{"name":"wp","href":"https:\/\/api.w.org\/{rel}","templated":true}]}}