{"id":12903,"date":"2023-04-15T13:19:35","date_gmt":"2023-04-15T11:19:35","guid":{"rendered":"https:\/\/shop.lilalom.com\/?post_type=product&#038;p=12903"},"modified":"2023-04-15T13:47:55","modified_gmt":"2023-04-15T11:47:55","slug":"roza-zapestnica-z-barvnimi-blescicami","status":"publish","type":"product","link":"https:\/\/shop.lilalom.com\/index.php\/izdelek\/roza-zapestnica-z-barvnimi-blescicami\/","title":{"rendered":"Roza zapestnica z barvnimi ble\u0161\u010dicami"},"content":{"rendered":"<p>\u010cudovita roza zapestnica z barvnimi ble\u0161\u010dicami, ki bo va\u0161emu zapestju dodala pravo noto. Ta zapestnica je izdelana iz kakovostnih materialov, ki zagotavljajo trajnost in udobje pri no\u0161enju. Ble\u0161\u010dice se svetijov razli\u010dnih barvah, kar bo zagotovo pritegnilo pozornost. Zapestnica ima regulacijski sistem, ki omogo\u010da, da jo prilagodite svoji velikosti zapestja, zato je primerna za vsako velikost.<\/p>\n<p>To zapestnico lahko nosite za razli\u010dne prilo\u017enosti, kot so ve\u010derne zabave, poroke, rojstnodnevne zabave, ali pa jo preprosto nosite vsak dan.<\/p>\n<p>Vsi deli na zapestnici so iz nerjave\u010dega jekla, katero ne povzro\u010da alergij.<br \/>\nVelikost medaljona je 13 mm, dol\u017eina zapestnice je pribli\u017eno 17 cm z podalj\u0161kom je dol\u017eina 20 cm.<\/p>\n","protected":false},"excerpt":{"rendered":"<p>\u010cudovita roza zapestnica z barvnimi ble\u0161\u010dicami, ki bo va\u0161emu zapestju dodala pravo noto. Ta zapestnica je izdelana iz kakovostnih materialov, ki zagotavljajo trajnost in udobje pri no\u0161enju. Ble\u0161\u010dice se svetijov razli\u010dnih barvah, kar bo zagotovo pritegnilo pozornost. Zapestnica ima regulacijski sistem, ki omogo\u010da, da jo prilagodite svoji velikosti zapestja, zato je primerna za vsako velikost. [&hellip;]<\/p>\n","protected":false},"featured_media":12904,"comment_status":"open","ping_status":"closed","template":"","meta":{"_eb_attr":""},"product_cat":[24],"product_tag":[],"class_list":{"0":"post-12903","1":"product","2":"type-product","3":"status-publish","4":"has-post-thumbnail","6":"product_cat-zapestnice","8":"first","9":"instock","10":"sold-individually","11":"purchasable","12":"product-type-simple"},"jetpack_sharing_enabled":true,"_links":{"self":[{"href":"https:\/\/shop.lilalom.com\/index.php\/wp-json\/wp\/v2\/product\/12903","targetHints":{"allow":["GET"]}}],"collection":[{"href":"https:\/\/shop.lilalom.com\/index.php\/wp-json\/wp\/v2\/product"}],"about":[{"href":"https:\/\/shop.lilalom.com\/index.php\/wp-json\/wp\/v2\/types\/product"}],"replies":[{"embeddable":true,"href":"https:\/\/shop.lilalom.com\/index.php\/wp-json\/wp\/v2\/comments?post=12903"}],"wp:featuredmedia":[{"embeddable":true,"href":"https:\/\/shop.lilalom.com\/index.php\/wp-json\/wp\/v2\/media\/12904"}],"wp:attachment":[{"href":"https:\/\/shop.lilalom.com\/index.php\/wp-json\/wp\/v2\/media?parent=12903"}],"wp:term":[{"taxonomy":"product_cat","embeddable":true,"href":"https:\/\/shop.lilalom.com\/index.php\/wp-json\/wp\/v2\/product_cat?post=12903"},{"taxonomy":"product_tag","embeddable":true,"href":"https:\/\/shop.lilalom.com\/index.php\/wp-json\/wp\/v2\/product_tag?post=12903"}],"curies":[{"name":"wp","href":"https:\/\/api.w.org\/{rel}","templated":true}]}}