{"id":12911,"date":"2023-04-16T13:38:09","date_gmt":"2023-04-16T11:38:09","guid":{"rendered":"https:\/\/shop.lilalom.com\/?post_type=product&#038;p=12911"},"modified":"2024-08-22T10:02:28","modified_gmt":"2024-08-22T08:02:28","slug":"vijolcna-zapestnica-z-travnisko-rastlino","status":"publish","type":"product","link":"https:\/\/shop.lilalom.com\/index.php\/izdelek\/vijolcna-zapestnica-z-travnisko-rastlino\/","title":{"rendered":"Vijol\u010dna zapestnica z travni\u0161ko rastlino"},"content":{"rendered":"<p>Vijol\u010dna zapestnica z travni\u0161ko rastlino iz ekolo\u0161ke smole in nerjave\u010dega jekla je verjetno okrasni dodatek za zapestje, ki je izdelana iz trajnostnih materialov. Ekolo\u0161ka smola je material, ki se pridobiva iz obnovljivih virov in se lahko reciklira, zato je zapestnica okolju prijazna. Nerjave\u010de jeklo pa je tudi trajnostni material, ki se ne rjavi in je odporen na korozijo.Vijol\u010dna barva zapestnice je ne\u017ena in pomirjujo\u010da, zato bi bila primerna za razli\u010dne prilo\u017enosti, kot so poroke, rojstni dnevi ali drugi dogodki.<\/p>\n<p>Zapestnica ima regulacijski sistem, ki omogo\u010da, da jo prilagodite svoji velikosti zapestja, zato je primerna za vsako velikost.<\/p>\n<p>Vsi deli na zapestnici so iz nerjave\u010dega jekla, katero ne povzro\u010da alergij.<br \/>\nVelikost medaljona je 13 mm, dol\u017eina zapestnice je pribli\u017eno 17 cm z podalj\u0161kom je dol\u017eina 20 cm.<\/p>\n","protected":false},"excerpt":{"rendered":"<p>Vijol\u010dna zapestnica z travni\u0161ko rastlino iz ekolo\u0161ke smole in nerjave\u010dega jekla je verjetno okrasni dodatek za zapestje, ki je izdelana iz trajnostnih materialov. Ekolo\u0161ka smola je material, ki se pridobiva iz obnovljivih virov in se lahko reciklira, zato je zapestnica okolju prijazna. Nerjave\u010de jeklo pa je tudi trajnostni material, ki se ne rjavi in je [&hellip;]<\/p>\n","protected":false},"featured_media":12914,"comment_status":"open","ping_status":"closed","template":"","meta":{"_eb_attr":""},"product_cat":[24],"product_tag":[],"class_list":{"0":"post-12911","1":"product","2":"type-product","3":"status-publish","4":"has-post-thumbnail","6":"product_cat-zapestnice","8":"first","9":"instock","10":"sold-individually","11":"purchasable","12":"product-type-simple"},"jetpack_sharing_enabled":true,"_links":{"self":[{"href":"https:\/\/shop.lilalom.com\/index.php\/wp-json\/wp\/v2\/product\/12911","targetHints":{"allow":["GET"]}}],"collection":[{"href":"https:\/\/shop.lilalom.com\/index.php\/wp-json\/wp\/v2\/product"}],"about":[{"href":"https:\/\/shop.lilalom.com\/index.php\/wp-json\/wp\/v2\/types\/product"}],"replies":[{"embeddable":true,"href":"https:\/\/shop.lilalom.com\/index.php\/wp-json\/wp\/v2\/comments?post=12911"}],"wp:featuredmedia":[{"embeddable":true,"href":"https:\/\/shop.lilalom.com\/index.php\/wp-json\/wp\/v2\/media\/12914"}],"wp:attachment":[{"href":"https:\/\/shop.lilalom.com\/index.php\/wp-json\/wp\/v2\/media?parent=12911"}],"wp:term":[{"taxonomy":"product_cat","embeddable":true,"href":"https:\/\/shop.lilalom.com\/index.php\/wp-json\/wp\/v2\/product_cat?post=12911"},{"taxonomy":"product_tag","embeddable":true,"href":"https:\/\/shop.lilalom.com\/index.php\/wp-json\/wp\/v2\/product_tag?post=12911"}],"curies":[{"name":"wp","href":"https:\/\/api.w.org\/{rel}","templated":true}]}}