{"id":12920,"date":"2023-04-16T14:57:08","date_gmt":"2023-04-16T12:57:08","guid":{"rendered":"https:\/\/shop.lilalom.com\/?post_type=product&#038;p=12920"},"modified":"2024-05-05T09:44:43","modified_gmt":"2024-05-05T07:44:43","slug":"pastelno-roza-zapestnica","status":"publish","type":"product","link":"https:\/\/shop.lilalom.com\/index.php\/izdelek\/pastelno-roza-zapestnica\/","title":{"rendered":"Pastelno roza zapestnica"},"content":{"rendered":"<p>Ta roza zapestnica ima medaljon v obliki srca, izdelan iz okolju prijazne ekolo\u0161ke smole in kakovostnega nerjave\u010dega jekla. Medaljon je okra\u0161en s srebrnimi listi\u010di, ki dodajo eleganco in sijaj njenemu izgledu. Sr\u010dna oblika medaljona simbolizira ljubezen in naklonjenost, medtem ko okolju prijazni materiali poudarjajo va\u0161o zavest o trajnostnem na\u010dinu \u017eivljenja. Zapestnica je primerna za vsako prilo\u017enost, od dnevnega no\u0161enja do ve\u010dernih dogodkov.<\/p>\n<p>Zapestnica ima regulacijski sistem, ki omogo\u010da, da jo prilagodite svoji velikosti zapestja, zato je primerna za vsako velikost.<\/p>\n<p>Vsi deli na zapestnici so iz nerjave\u010dega jekla, katero ne povzro\u010da alergij.<br \/>\nVelikost medaljona je 11 mm, dol\u017eina zapestnice je pribli\u017eno 18 cm z podalj\u0161kom je dol\u017eina 22 cm.<\/p>\n","protected":false},"excerpt":{"rendered":"<p>Ta roza zapestnica ima medaljon v obliki srca, izdelan iz okolju prijazne ekolo\u0161ke smole in kakovostnega nerjave\u010dega jekla. Medaljon je okra\u0161en s srebrnimi listi\u010di, ki dodajo eleganco in sijaj njenemu izgledu. Sr\u010dna oblika medaljona simbolizira ljubezen in naklonjenost, medtem ko okolju prijazni materiali poudarjajo va\u0161o zavest o trajnostnem na\u010dinu \u017eivljenja. Zapestnica je primerna za vsako [&hellip;]<\/p>\n","protected":false},"featured_media":12921,"comment_status":"open","ping_status":"closed","template":"","meta":{"_eb_attr":""},"product_cat":[24],"product_tag":[],"class_list":{"0":"post-12920","1":"product","2":"type-product","3":"status-publish","4":"has-post-thumbnail","6":"product_cat-zapestnice","8":"first","9":"instock","10":"sold-individually","11":"purchasable","12":"product-type-simple"},"jetpack_sharing_enabled":true,"_links":{"self":[{"href":"https:\/\/shop.lilalom.com\/index.php\/wp-json\/wp\/v2\/product\/12920","targetHints":{"allow":["GET"]}}],"collection":[{"href":"https:\/\/shop.lilalom.com\/index.php\/wp-json\/wp\/v2\/product"}],"about":[{"href":"https:\/\/shop.lilalom.com\/index.php\/wp-json\/wp\/v2\/types\/product"}],"replies":[{"embeddable":true,"href":"https:\/\/shop.lilalom.com\/index.php\/wp-json\/wp\/v2\/comments?post=12920"}],"wp:featuredmedia":[{"embeddable":true,"href":"https:\/\/shop.lilalom.com\/index.php\/wp-json\/wp\/v2\/media\/12921"}],"wp:attachment":[{"href":"https:\/\/shop.lilalom.com\/index.php\/wp-json\/wp\/v2\/media?parent=12920"}],"wp:term":[{"taxonomy":"product_cat","embeddable":true,"href":"https:\/\/shop.lilalom.com\/index.php\/wp-json\/wp\/v2\/product_cat?post=12920"},{"taxonomy":"product_tag","embeddable":true,"href":"https:\/\/shop.lilalom.com\/index.php\/wp-json\/wp\/v2\/product_tag?post=12920"}],"curies":[{"name":"wp","href":"https:\/\/api.w.org\/{rel}","templated":true}]}}