{"id":12923,"date":"2023-04-16T15:32:10","date_gmt":"2023-04-16T13:32:10","guid":{"rendered":"https:\/\/shop.lilalom.com\/?post_type=product&#038;p=12923"},"modified":"2024-05-05T09:44:44","modified_gmt":"2024-05-05T07:44:44","slug":"pastelno-roza-zapestnica-kopija","status":"publish","type":"product","link":"https:\/\/shop.lilalom.com\/index.php\/izdelek\/pastelno-roza-zapestnica-kopija\/","title":{"rendered":"Okrogla \u010drna zapestnica z travni\u0161ko rastlino"},"content":{"rendered":"<p>Elegantna okrogla \u010drna zapestnica z travni\u0161ko rastlino. Zapestnica je izdelana iz ekolo\u0161ke smole in nerjave\u010dega jekla, kar zagotavlja trpe\u017enost in dolgo \u017eivljenjsko dobo.<\/p>\n<p>Nerjave\u010de jeklo, ki je uporabljeno za izdelavo zapestnice, je kakovostno in odporno na rjo ter korozijo, kar zagotavlja, da bo zapestnica ohranila svoj izgled tudi po dalj\u0161i uporabi. Okrogla oblika zapestnice ji daje eleganten videz, ki je primeren za vsakdanjo rabo in posebne prilo\u017enosti.<\/p>\n<p>Zapestnica ima regulacijski sistem, ki omogo\u010da, da jo prilagodite svoji velikosti zapestja, zato je primerna za vsako velikost.<\/p>\n<p>Vsi deli na zapestnici so iz nerjave\u010dega jekla, katero ne povzro\u010da alergij.<br \/>\nVelikost medaljona je 10 mm, dol\u017eina zapestnice je pribli\u017eno 16,5 cm z podalj\u0161kom je dol\u017eina 19 cm.<\/p>\n","protected":false},"excerpt":{"rendered":"<p>Elegantna okrogla \u010drna zapestnica z travni\u0161ko rastlino. Zapestnica je izdelana iz ekolo\u0161ke smole in nerjave\u010dega jekla, kar zagotavlja trpe\u017enost in dolgo \u017eivljenjsko dobo. Nerjave\u010de jeklo, ki je uporabljeno za izdelavo zapestnice, je kakovostno in odporno na rjo ter korozijo, kar zagotavlja, da bo zapestnica ohranila svoj izgled tudi po dalj\u0161i uporabi. Okrogla oblika zapestnice ji [&hellip;]<\/p>\n","protected":false},"featured_media":12926,"comment_status":"open","ping_status":"closed","template":"","meta":{"_eb_attr":""},"product_cat":[24],"product_tag":[],"class_list":{"0":"post-12923","1":"product","2":"type-product","3":"status-publish","4":"has-post-thumbnail","6":"product_cat-zapestnice","8":"first","9":"instock","10":"sold-individually","11":"purchasable","12":"product-type-simple"},"jetpack_sharing_enabled":true,"_links":{"self":[{"href":"https:\/\/shop.lilalom.com\/index.php\/wp-json\/wp\/v2\/product\/12923","targetHints":{"allow":["GET"]}}],"collection":[{"href":"https:\/\/shop.lilalom.com\/index.php\/wp-json\/wp\/v2\/product"}],"about":[{"href":"https:\/\/shop.lilalom.com\/index.php\/wp-json\/wp\/v2\/types\/product"}],"replies":[{"embeddable":true,"href":"https:\/\/shop.lilalom.com\/index.php\/wp-json\/wp\/v2\/comments?post=12923"}],"wp:featuredmedia":[{"embeddable":true,"href":"https:\/\/shop.lilalom.com\/index.php\/wp-json\/wp\/v2\/media\/12926"}],"wp:attachment":[{"href":"https:\/\/shop.lilalom.com\/index.php\/wp-json\/wp\/v2\/media?parent=12923"}],"wp:term":[{"taxonomy":"product_cat","embeddable":true,"href":"https:\/\/shop.lilalom.com\/index.php\/wp-json\/wp\/v2\/product_cat?post=12923"},{"taxonomy":"product_tag","embeddable":true,"href":"https:\/\/shop.lilalom.com\/index.php\/wp-json\/wp\/v2\/product_tag?post=12923"}],"curies":[{"name":"wp","href":"https:\/\/api.w.org\/{rel}","templated":true}]}}